{"id":1389,"date":"2019-05-30T08:11:35","date_gmt":"2019-05-30T06:11:35","guid":{"rendered":"http:\/\/sp6kwidzyn.pl\/?page_id=1389"},"modified":"2019-05-30T08:11:35","modified_gmt":"2019-05-30T06:11:35","slug":"postepowanie-z-dziecmi-ktore-nie-sa-zapisane-do-swietlicy-i-z-roznych-przyczyn-zostaly-czasowo-pozostawione-bez-opieki","status":"publish","type":"page","link":"https:\/\/sp6kwidzyn.pl\/?page_id=1389","title":{"rendered":"Post\u0119powanie z dzie\u0107mi, kt\u00f3re nie s\u0105 zapisane do \u015bwietlicy i z r\u00f3\u017cnych przyczyn zosta\u0142y czasowo pozostawione bez opieki."},"content":{"rendered":"<ol>\n<li>W sytuacjach wyj\u0105tkowych dzieci niezapisane do \u015bwietlicy szkolnej, mog\u0105 przebywa\u0107 w niej w przypadku, gdy liczebno\u015b\u0107 grup nie przekracza 25 uczni\u00f3w.<\/li>\n<li>Je\u017celi ucze\u0144 sko\u0144czy\u0142 zaj\u0119cia to nauczyciel maj\u0105cy ostatni\u0105 lekcj\u0119 jest zobowi\u0105zany zapewni\u0107 opiek\u0119 do momentu przyj\u015bcia rodzic\u00f3w.<\/li>\n<li>Je\u017celi nauczyciel sko\u0144czy\u0142 lekcje z dan\u0105 klas\u0105, a ma jeszcze zaj\u0119cia dydaktyczne, w\u00f3wczas przyprowadza dziecko do \u015bwietlicy. Robi to osobi\u015bcie i podaje dane dziecka. Nast\u0119pnie kontaktuje si\u0119 z rodzicami dziecka i powiadamia ich o pozostawieniu go pod opiek\u0105 \u015bwietlicy.<\/li>\n<li>Uczniowie przyprowadzeni do \u015bwietlicy ewidencjonowani s\u0105 w specjalnym zeszycie dzieci niezapisanych do \u015bwietlicy szkolnej, a pozostaj\u0105cych pod jej opiek\u0105 w szczeg\u00f3lnych przypadkach.<\/li>\n<li>Wychowawca klasy ma obowi\u0105zek wyja\u015bni\u0107 przyczyny nieodebrania dziecka przez rodzic\u00f3w.<\/li>\n<li>Dzieci niezapisane do \u015bwietlicy szkolnej, mog\u0105 pozosta\u0107 pod jej opiek\u0105 w godzinach jej pracy.<\/li>\n<\/ol>\n","protected":false},"excerpt":{"rendered":"<p>W sytuacjach wyj\u0105tkowych dzieci niezapisane do \u015bwietlicy szkolnej, mog\u0105 przebywa\u0107 w niej w przypadku, gdy liczebno\u015b\u0107 grup nie przekracza 25 [&hellip;]<\/p>\n","protected":false},"author":1,"featured_media":0,"parent":0,"menu_order":0,"comment_status":"closed","ping_status":"closed","template":"","meta":{"footnotes":""},"class_list":["post-1389","page","type-page","status-publish","hentry","has_no_thumb"],"aioseo_notices":[],"_links":{"self":[{"href":"https:\/\/sp6kwidzyn.pl\/index.php?rest_route=\/wp\/v2\/pages\/1389","targetHints":{"allow":["GET"]}}],"collection":[{"href":"https:\/\/sp6kwidzyn.pl\/index.php?rest_route=\/wp\/v2\/pages"}],"about":[{"href":"https:\/\/sp6kwidzyn.pl\/index.php?rest_route=\/wp\/v2\/types\/page"}],"author":[{"embeddable":true,"href":"https:\/\/sp6kwidzyn.pl\/index.php?rest_route=\/wp\/v2\/users\/1"}],"replies":[{"embeddable":true,"href":"https:\/\/sp6kwidzyn.pl\/index.php?rest_route=%2Fwp%2Fv2%2Fcomments&post=1389"}],"version-history":[{"count":0,"href":"https:\/\/sp6kwidzyn.pl\/index.php?rest_route=\/wp\/v2\/pages\/1389\/revisions"}],"wp:attachment":[{"href":"https:\/\/sp6kwidzyn.pl\/index.php?rest_route=%2Fwp%2Fv2%2Fmedia&parent=1389"}],"curies":[{"name":"wp","href":"https:\/\/api.w.org\/{rel}","templated":true}]}}