{"id":1386,"date":"2019-05-30T08:08:05","date_gmt":"2019-05-30T06:08:05","guid":{"rendered":"http:\/\/sp6kwidzyn.pl\/?page_id=1386"},"modified":"2019-05-30T08:08:05","modified_gmt":"2019-05-30T06:08:05","slug":"procedura-przyprowadzania-i-odbioru-uczniow-klas-i-iii","status":"publish","type":"page","link":"https:\/\/sp6kwidzyn.pl\/?page_id=1386","title":{"rendered":"PROCEDURA PRZYPROWADZANIA I ODBIORU UCZNI\u00d3W KLAS I-III"},"content":{"rendered":"<p>Podstawa prawna:<\/p>\n<ul>\n<li>7 ust.1 za\u0142\u0105cznika nr2 i \u00a7 9 ust.1 za\u0142\u0105cznika nr 3 do rozporz\u0105dzenia MEN z 21 maja 2001r.; art.43 ust.1 ustawy o ruchu drogowym. <em>Opiek\u0119 nad dzieckiem w drodze do szko\u0142y i powrotem powinni sprawowa\u0107 rodzice (opiekunowie prawni) lub upowa\u017cnione przez nich \u2013 na pi\u015bmie \u2013 osoby, zapewniaj\u0105ce dziecku bezpiecze\u0144stwo. Osoba, kt\u00f3ra mo\u017ce przej\u0105\u0107 pe\u0142n\u0105 odpowiedzialno\u015b\u0107 prawn\u0105 za bezpiecze\u0144stwo dziecka musi mie\u0107 18 lat. W innych przypadkach odpowiedzialno\u015b\u0107 prawn\u0105 ponosz\u0105 rodzice.<\/em><\/li>\n<\/ul>\n<ol>\n<li><strong> Przyprowadzanie dzieci do szko\u0142y:<\/strong><\/li>\n<li>Rodzice (prawni opiekunowie) przyprowadzaj\u0105 dzieci do szko\u0142y w okre\u015blonych godzinach (uzale\u017cnionych od pracy \u015bwietlicy szkolnej lub planu zaj\u0119\u0107 dziecka).<\/li>\n<li>Rodzice (prawni opiekunowie) lub osoby pisemnie do tego upowa\u017cnione odpowiadaj\u0105 za bezpiecze\u0144stwo dzieci do momentu przekazania ich pod opiek\u0119 nauczyciela lub wychowawcy \u015bwietlicy.<\/li>\n<li>Dzieci korzystaj\u0105ce ze \u015bwietlicy maj\u0105 zapewnion\u0105 opiek\u0119 od godziny 6.30 do godziny 16.30.<\/li>\n<li>Dzieci z klas I-III przyprowadzane s\u0105 przez nauczyciela do sali lekcyjnej ze \u015bwietlicy oraz miejsca wyznaczonego na holu g\u0142\u00f3wnym szko\u0142y (gdzie ustawiaj\u0105 si\u0119 po dzwonku na lekcj\u0119).<\/li>\n<li><strong> Odbi\u00f3r dziecka ze szko\u0142y po sko\u0144czonych zaj\u0119ciach dydaktycznych, wyj\u015bciach i wycieczkach szkolnych:<\/strong><\/li>\n<li>Na pocz\u0105tku roku szkolnego wychowawca zobowi\u0105zany jest zebra\u0107 od rodzic\u00f3w (opiekun\u00f3w prawnych) pisemne deklaracje dotycz\u0105ce upowa\u017cnie\u0144 do odbioru ich dziecka ze szko\u0142y, przez wskazane przez nich osoby. Informacje te powinny zosta\u0107 umieszczone w \u201eTeczce wychowawcy\u201d oraz dzienniku lekcyjnym.<\/li>\n<li>Ucze\u0144, po sko\u0144czeniu 7-go roku \u017cycia, mo\u017ce samodzielnie uda\u0107 si\u0119 do domu, zgodnie z pisemnym o\u015bwiadczeniem rodzic\u00f3w (opiekun\u00f3w prawnych)- o\u015bwiadczenia te wychowawca przechowuje w \u201eTeczce wychowawcy\u201d przez okres ca\u0142ego roku szkolnego. W dzienniku lekcyjnym umieszcza list\u0119 uczni\u00f3w, kt\u00f3rzy posiadaj\u0105 zgod\u0119 na samodzielny powr\u00f3t do domu.<\/li>\n<li>Sporadyczny, samodzielny powr\u00f3t dziecka ze szko\u0142y do domu lub ch\u0119\u0107 zwolnienia go z cz\u0119\u015bci zaj\u0119\u0107 musi by\u0107 udokumentowany pisemnym o\u015bwiadczeniem rodzica (opiekuna prawnego) -wz\u00f3r dost\u0119pny na stronie internetowej szko\u0142y. Ucze\u0144, w dniu jednorazowego samodzielnego powrotu do domu lub zwolnienia z zaj\u0119\u0107, przekazuje o\u015bwiadczenie wychowawcy klasy lub nauczycielowi, kt\u00f3ry prowadzi ostatni\u0105 lekcj\u0119 (dokument przechowywany jest w dzienniku).<\/li>\n<li>Po sko\u0144czonych zaj\u0119ciach dydaktycznych nauczyciel sprowadza uczni\u00f3w do szatni, oddaje pod opiek\u0119 rodzic\u00f3w (prawnych opiekun\u00f3w) lub os\u00f3b przez nich upowa\u017cnionych. Zezwala na opuszczenie szko\u0142y uczniom, kt\u00f3rzy maj\u0105 zgod\u0119 na samodzielny powr\u00f3t do domu. Odprowadza do \u015bwietlicy uczni\u00f3w korzystaj\u0105cych z opieki \u015bwietlicowej, odnotowuje ich obecno\u015b\u0107 na stosownej li\u015bcie.<\/li>\n<li>Po powrocie uczni\u00f3w z wyj\u015bcia lub wycieczki szkolnej nauczyciel opiekuj\u0105cy si\u0119 nimi wprowadza ich na teren szko\u0142y. Oddaje pod opiek\u0119 rodzic\u00f3w (prawnych opiekun\u00f3w) lub os\u00f3b przez nich upowa\u017cnionych. Zezwala na opuszczenie szko\u0142y uczniom, kt\u00f3rzy maj\u0105 zgod\u0119 na samodzielny powr\u00f3t do domu. Pozosta\u0142ych uczni\u00f3w odprowadza do \u015bwietlicy, wpisuje ich obecno\u015b\u0107 na list\u0119 uczestnik\u00f3w zaj\u0119\u0107 \u015bwietlicowych.<\/li>\n<li>Osoba odbieraj\u0105ca dziecko ze szko\u0142y nie mo\u017ce by\u0107 w stanie nietrze\u017awym lub pod wp\u0142ywem \u015brodk\u00f3w odurzaj\u0105cych. Nie mo\u017ce r\u00f3wnie\u017c przejawia\u0107 zachowa\u0144 agresywnych.<\/li>\n<li>W przypadku stwierdzenia, \u017ce rodzic (opiekun prawny) zg\u0142osi\u0142 si\u0119 po dziecko w stanie wskazuj\u0105cym na nietrze\u017awo\u015b\u0107 lub jest agresywny nale\u017cy:<\/li>\n<li>nakaza\u0107 osobie tej opu\u015bci\u0107 teren szko\u0142y,<\/li>\n<li>wezwa\u0107 do szko\u0142y drugiego rodzica (opiekuna prawnego),<\/li>\n<li>je\u017celi wezwanie drugiego rodzica (opiekuna prawnego) nie jest mo\u017cliwe, a nietrze\u017awy\/agresywny rodzic (opiekun) odmawia opuszczenia szko\u0142y i \u017c\u0105da wydania dziecka, nale\u017cy o tym fakcie powiadomi\u0107 dyrektora szko\u0142y. Dyrektor podejmuje decyzj\u0119 o ewentualnym wezwaniu policji. Nauczyciel zobowi\u0105zany jest sporz\u0105dzi\u0107 notatk\u0119 s\u0142u\u017cbow\u0105 o zaistnia\u0142ym zdarzeniu.<\/li>\n<li>W przypadku nieodebrania dziecka ze szko\u0142y przez rodzic\u00f3w (opiekun\u00f3w prawnych) nale\u017cy:<\/li>\n<li>niezw\u0142ocznie skontaktowa\u0107 si\u0119 telefonicznie z rodzicami dziecka lub opiekunami prawnymi,<\/li>\n<li>zapewni\u0107 uczniowi opiek\u0119 do czasu przybycia rodzic\u00f3w lub os\u00f3b upowa\u017cnionych do odbioru dziecka<\/li>\n<li>po wyczerpaniu wszelkich mo\u017cliwo\u015bci skontaktowania si\u0119 z rodzicami nale\u017cy powiadomi\u0107 dyrektora szko\u0142y. Dyrektor podejmuje decyzj\u0119 o ewentualnym powiadomieniu policji \u2013 nauczyciel sporz\u0105dza notatk\u0119 s\u0142u\u017cbow\u0105 zaistnia\u0142ej sytuacji.<\/li>\n<li>Nauczyciel lub inny pracownik szko\u0142y nie mo\u017ce odwozi\u0107 lub odprowadza\u0107 dziecka do domu.<\/li>\n<li>Ucze\u0144 nie mo\u017ce by\u0107 zwolniony z zaj\u0119\u0107 lub i\u015b\u0107 samodzielnie do domu na podstawie telefonu od jego rodzic\u00f3w.<\/li>\n<li>W przypadku z\u0142ego samopoczucia ucznia w szkole wychowawca klasy, sekretarz lub piel\u0119gniarka szkolna informuj\u0105 telefonicznie rodzica (opiekuna prawnego) o zaistnia\u0142ej sytuacji. Je\u017celi rodzic nie mo\u017ce osobi\u015bcie odebra\u0107 chorego dziecka ze szko\u0142y wskazuje osob\u0119, kt\u00f3ra to uczyni. Wskazana przez rodzica osoba musi przy odbiorze dziecka okaza\u0107 dow\u00f3d to\u017csamo\u015bci. Odbi\u00f3r dziecka odnotowuje si\u0119 w dzienniku lekcyjnym.<\/li>\n<li>Rodzice (opiekunowie prawni) mog\u0105 pisemnie upowa\u017cni\u0107 do odbioru dziecka tak\u017ce jego niepe\u0142noletnie rodze\u0144stwo, kt\u00f3re uko\u0144czy\u0142o 10-ty rok \u017cycia. W takiej sytuacji nauczyciel powinien uzyska\u0107 od rodzic\u00f3w wyra\u017ane pisemne o\u015bwiadczenie woli w tym przedmiocie.<\/li>\n<li>Rodzice ponosz\u0105 pe\u0142n\u0105 odpowiedzialno\u015b\u0107 prawn\u0105 za bezpiecze\u0144stwo dziecka odbieranego ze szko\u0142y przez ka\u017cd\u0105 upowa\u017cnion\u0105 przez nich osob\u0119 doros\u0142\u0105 lub nieletni\u0105.<\/li>\n<li>\u017byczenie rodzic\u00f3w dotycz\u0105ce nieodbierania dziecka przez jednego z rodzic\u00f3w musi by\u0107 po\u015bwiadczone przez orzeczenie s\u0105dowe.<\/li>\n<\/ol>\n<p><strong>III. Odbi\u00f3r dziecka ze \u015bwietlicy:<\/strong><\/p>\n<ol>\n<li>Rodzice (prawni opiekunowie) zobowi\u0105zani s\u0105 odbiera\u0107 dzieci w godzinach pracy \u015bwietlicy.<\/li>\n<li>Na pocz\u0105tku roku szkolnego wychowawca \u015bwietlicy szkolnej zobowi\u0105zany jest zebra\u0107 od rodzic\u00f3w (prawnych opiekun\u00f3w) pisemn\u0105 deklaracj\u0119, okre\u015blaj\u0105c\u0105 spos\u00f3b powrotu dziecka do domu oraz dane dotycz\u0105ce os\u00f3b upowa\u017cnionych do jego odbioru.<\/li>\n<li>\u017byczenie rodzic\u00f3w dotycz\u0105ce nieodbierania dziecka przez jednego z rodzic\u00f3w musi by\u0107 potwierdzone orzeczeniem s\u0105dowym.<\/li>\n<li>Rodzice dzieci powy\u017cej 7-go roku \u017cycia mog\u0105 z\u0142o\u017cy\u0107 pisemn\u0105 deklaracj\u0119 o samodzielnym powrocie dziecka do domu. Deklaracja mo\u017ce by\u0107 jednorazowa (na dany dzie\u0144\/ tydzie\u0144) b\u0105d\u017a obejmowa\u0107 okres ca\u0142ego roku szkolnego.<\/li>\n<li>W sytuacji, gdy rodzic lub opiekun prawny nie zg\u0142osi si\u0119 po dziecko po zako\u0144czeniu zaj\u0119\u0107 w \u015bwietlicy nauczyciel zobowi\u0105zany jest skontaktowa\u0107 si\u0119 z nim telefonicznie.<\/li>\n<li>W przypadku, gdy pod wskazanymi numerami telefon\u00f3w nie mo\u017cna uzyska\u0107 informacji o miejscu pobytu rodzic\u00f3w lub prawnych opiekun\u00f3w nauczyciel oczekuje z dzieckiem w szkole przez 30 min. Po tym czasie powiadamia dyrektora szko\u0142y o zaistnia\u0142ej sytuacji, a ten stosowne organy. Szko\u0142a ma prawo wezwa\u0107 Policj\u0119 w celu ustalenia miejsca pobytu rodzic\u00f3w (opiekun\u00f3w prawnych) ucznia oraz zapewnienia mu dalszej opieki. Fakt znacznego sp\u00f3\u017anienia rodzic\u00f3w powinien by\u0107 odnotowany w dzienniku zaj\u0119\u0107 \u015bwietlicy.<\/li>\n<li>Kilkukrotne nieodebranie dziecka w godzinach pracy \u015bwietlicy mo\u017ce skutkowa\u0107 decyzj\u0105 dyrektora szko\u0142y o zawieszeniu lub skre\u015bleniu dziecka z listy uczestnik\u00f3w \u015bwietlicy.<\/li>\n<li>Wychowawca \u015bwietlicy odmawia wydania dziecka osobie b\u0119d\u0105cej pod wp\u0142ywem alkoholu lub \u015brodk\u00f3w odurzaj\u0105cych. Nauczyciel powiadamia telefonicznie drugiego rodzica. W takiej sytuacji dziecko pozostaje pod opiek\u0105 wychowawcy \u015bwietlicy do momentu przyj\u015bcia innej upowa\u017cnionej do tego osoby. Fakt niewydania dziecka niezw\u0142ocznie zg\u0142asza dyrektorowi szko\u0142y.<\/li>\n<li><strong> Odbi\u00f3r dzieci po sko\u0144czonych zaj\u0119ciach na basenie:<\/strong><\/li>\n<li>Na pocz\u0105tku roku szkolnego wychowawca lub nauczyciel zast\u0119puj\u0105cy zobowi\u0105zany jest zebra\u0107 od rodzic\u00f3w pisemne deklaracje, okre\u015blaj\u0105ce spos\u00f3b powrotu dziecka z p\u0142ywalni do domu lub do szko\u0142y oraz dane dotycz\u0105ce os\u00f3b upowa\u017cnionych do jego odbioru.<\/li>\n<li>Post\u0119powanie dotycz\u0105ce odbioru dziecka po zaj\u0119ciach na p\u0142ywalni jest identyczne jak w przypadku odbioru ze \u015bwietlicy.<\/li>\n<\/ol>\n<p>&nbsp;<\/p>\n<p><strong><u>Przyprowadzanie i odprowadzanie na lekcje dzieci ucz\u0119szczaj\u0105cych do \u015bwietlicy<\/u><\/strong><\/p>\n<ol>\n<li>Wychowawca klasy uczni\u00f3w klas I-III jest zobowi\u0105zany do przyprowadzenia i odprowadzenia dzieci na lekcje ze \u015bwietlicy szkolnej, uczniowie klas starszych samodzielnie udaj\u0105 si\u0119 do \u015bwietlicy.<\/li>\n<li>Je\u017celi lekcje rozpoczyna lub ko\u0144czy inny nauczyciel np. religii, j\u0119zyka angielskiego, jest on zobowi\u0105zany do przyprowadzenia i odprowadzenia uczni\u00f3w klas I-III.<\/li>\n<li>Po przekazaniu uczni\u00f3w przez wychowawc\u0119 klasy (lub przed przekazaniem uczni\u00f3w wychowawcy klasy) nauczyciele \u015bwietlicy maj\u0105 obowi\u0105zek sprawdzenia listy obecno\u015bci dzieci.<\/li>\n<li>W przypadku zmiany godzin lekcji wychowawca klasy jest zobowi\u0105zany zostawi\u0107 na dy\u017curce pisemn\u0105 informacj\u0119 o zaistnia\u0142ej zmianie.<\/li>\n<\/ol>\n","protected":false},"excerpt":{"rendered":"<p>Podstawa prawna: 7 ust.1 za\u0142\u0105cznika nr2 i \u00a7 9 ust.1 za\u0142\u0105cznika nr 3 do rozporz\u0105dzenia MEN z 21 maja 2001r.; [&hellip;]<\/p>\n","protected":false},"author":1,"featured_media":0,"parent":0,"menu_order":0,"comment_status":"closed","ping_status":"closed","template":"","meta":{"footnotes":""},"class_list":["post-1386","page","type-page","status-publish","hentry","has_no_thumb"],"aioseo_notices":[],"_links":{"self":[{"href":"https:\/\/sp6kwidzyn.pl\/index.php?rest_route=\/wp\/v2\/pages\/1386","targetHints":{"allow":["GET"]}}],"collection":[{"href":"https:\/\/sp6kwidzyn.pl\/index.php?rest_route=\/wp\/v2\/pages"}],"about":[{"href":"https:\/\/sp6kwidzyn.pl\/index.php?rest_route=\/wp\/v2\/types\/page"}],"author":[{"embeddable":true,"href":"https:\/\/sp6kwidzyn.pl\/index.php?rest_route=\/wp\/v2\/users\/1"}],"replies":[{"embeddable":true,"href":"https:\/\/sp6kwidzyn.pl\/index.php?rest_route=%2Fwp%2Fv2%2Fcomments&post=1386"}],"version-history":[{"count":0,"href":"https:\/\/sp6kwidzyn.pl\/index.php?rest_route=\/wp\/v2\/pages\/1386\/revisions"}],"wp:attachment":[{"href":"https:\/\/sp6kwidzyn.pl\/index.php?rest_route=%2Fwp%2Fv2%2Fmedia&parent=1386"}],"curies":[{"name":"wp","href":"https:\/\/api.w.org\/{rel}","templated":true}]}}