{"id":1383,"date":"2019-05-30T08:06:23","date_gmt":"2019-05-30T06:06:23","guid":{"rendered":"http:\/\/sp6kwidzyn.pl\/?page_id=1383"},"modified":"2019-05-30T08:06:23","modified_gmt":"2019-05-30T06:06:23","slug":"obowiazki-pracownikow-szkoly-w-obszarze-bezpieczenstwo","status":"publish","type":"page","link":"https:\/\/sp6kwidzyn.pl\/?page_id=1383","title":{"rendered":"Obowi\u0105zki pracownik\u00f3w szko\u0142y w obszarze \u2013 bezpiecze\u0144stwo"},"content":{"rendered":"<ol>\n<li><strong> \u00a0Zaj\u0119cia edukacyjne<\/strong><\/li>\n<\/ol>\n<ul>\n<li>Prowadzenie i odbywanie zaj\u0119\u0107 w ka\u017cdej klasopracowni i sali gimnastycznej powinno by\u0107 zgodne z zasadami bhp i z regulaminem obowi\u0105zuj\u0105cym w tych pomieszczeniach.<\/li>\n<li>Na pocz\u0105tku roku szkolnego na pierwszych zaj\u0119ciach nauczyciel zapoznaje uczni\u00f3w\u00a0z regulaminem pracowni oraz z zasadami bhp.<\/li>\n<\/ul>\n<ol>\n<li><strong>Za bezpiecze\u0144stwo uczni\u00f3w podczas lekcji odpowiada nauczyciel .<\/strong><\/li>\n<\/ol>\n<ul>\n<li>Nauczyciel zobowi\u0105zany jest do przestrzegania ustalonych godzin rozpoczynania\u00a0i ko\u0144czenia zaj\u0119\u0107 edukacyjnych.<\/li>\n<li>Zaj\u0119cia edukacyjne rozpoczynaj\u0105 si\u0119 od sprawdzenia obecno\u015bci uczni\u00f3w oraz odnotowania nieobecno\u015bci uczni\u00f3w w dzienniku lekcyjnym.<\/li>\n<li>Przed rozpocz\u0119ciem zaj\u0119\u0107 nauczyciel powinien zadba\u0107 o w\u0142a\u015bciwe o\u015bwietlenie.<\/li>\n<li>Po zako\u0144czeniu lekcji nauczyciel, wychodz\u0105c z sali, uchyla okno (b\u0105d\u017a okna\u00a0w zale\u017cno\u015bci od temperatury na zewn\u0105trz) w celu wywietrzenia sali.<\/li>\n<li>Podczas zaj\u0119\u0107 nauczyciel nie mo\u017ce pozostawi\u0107 uczni\u00f3w bez opieki.<\/li>\n<li>W wyj\u0105tkowych sytuacjach, je\u015bli nauczyciel musi wyj\u015b\u0107 z sali ze wzgl\u0119d\u00f3w zdrowotnych , zg\u0142asza ten fakt nauczycielowi z sali obok (sytuacja taka nie zwalnia jednak z odpowiedzialno\u015bci za uczni\u00f3w). Nauczyciel z sali obok \u0142\u0105czy klasy i sprawuje opiek\u0119 nad uczniami.<\/li>\n<li>Uczni\u00f3w, kt\u00f3rzy musz\u0105 skorzysta\u0107 z toalety, nauczyciel zwalnia pojedynczo.<\/li>\n<li>W przypadku nag\u0142ego wypadku nale\u017cy natychmiast udzieli\u0107 poszkodowanemu pierwszej pomocy. O zaistnia\u0142ej sytuacji niezw\u0142ocznie powiadomi\u0107 rodzic\u00f3w ucznia oraz dyrektora szko\u0142y.<\/li>\n<\/ul>\n<ol start=\"3\">\n<li><strong> \u00a0Usprawiedliwianie nieobecno\u015bci, zwolnienia uczni\u00f3w z lekcji, odwo\u0142ania lekcji<\/strong><\/li>\n<\/ol>\n<ul>\n<li>Ucze\u0144 jest zobowi\u0105zany natychmiast po powrocie ze zwolnienia do szko\u0142y okaza\u0107\u00a0wychowawcy\u00a0usprawiedliwienie nieobecno\u015bci.<\/li>\n<li>R\u00f3wnie\u017c zwolnienie ucznia z lekcji na pro\u015bb\u0119 rodzica odbywa si\u0119 poprzez wpis informacji o tym w dzienniczku ucznia lub poprzez dziennik Librus. Dopuszcza si\u0119 przyjmowanie zwolnie\u0144 z lekcji na kartce napisanej przez rodzica. Wychowawca parafuje informacj\u0119, z kt\u00f3r\u0105 si\u0119 zapozna\u0142 i zatrzymuje kartk\u0119 do dnia nast\u0119pnego. Forma pisemna zwolnienia stanowi dow\u00f3d, \u017ce rodzice wiedz\u0105 o wcze\u015bniejszym opuszczeniu szko\u0142y przez dziecko. Zwolnienie z lekcji traktowane jest jak nieobecno\u015b\u0107 usprawiedliwiona.<\/li>\n<li>Informacje o skr\u00f3ceniu lekcji b\u0105d\u017a odwo\u0142aniu pierwszej lub ostatniej lekcji wynikaj\u0105cej z planu danej klasy s\u0105 przekazywane do wiadomo\u015bci rodzic\u00f3w poprzez dziennik Librus i dzienniczek ucznia.\u00a0Rodzic\u00a0jest zobowi\u0105zany do codziennego sprawdzania informacji w dzienniku elektronicznym i dzienniczku oraz potwierdzenia informacji podpisem. Brak podpisu lub odczytania informacji w dzienniku elektronicznym nie zwalnia rodzica z odpowie-dzialno\u015bci za zapewnienie bezpiecze\u0144stwa dziecku. W razie wyst\u0105pienia takiej sytuacji w danym dniu, wychowawca klasy ma obowi\u0105zek telefonicznie poinformowa\u0107 wszystkich rodzic\u00f3w. W sytuacji nie mo\u017cno\u015bci skontaktowania si\u0119 z rodzicem, dziecko woln\u0105 lekcj\u0119 musi sp\u0119dzi\u0107 w szkole pod opiek\u0105 nauczyciela.<\/li>\n<\/ul>\n<ol start=\"4\">\n<li><strong> \u00a0Odwo\u0142anie zaj\u0119\u0107 pozalekcyjnych<\/strong><\/li>\n<\/ol>\n<ul>\n<li>Za odwo\u0142anie zaj\u0119\u0107 pozalekcyjnych organizowanych przez szko\u0142\u0119 odpowiada prowadz\u0105cy zaj\u0119cia nauczyciel (wpis do dzienniczk\u00f3w ucznia i dziennika elektronicznego).<\/li>\n<li>W przypadku choroby lub nag\u0142ej nieobecno\u015bci nauczyciela w pracy, za odwo\u0142anie zaj\u0119\u0107 w kolejnych dniach odpowiadaj\u0105 dyrektor i wychowawcy (przez dziennik elektroniczny, w formie pisemnej lub telefonicznej).<\/li>\n<li>Za odwo\u0142anie zaj\u0119\u0107 pozalekcyjnych organizowanych przez instytucje zewn\u0119trzne oraz za bezpiecze\u0144stwo dzieci przed zaj\u0119ciami i podczas tych zaj\u0119\u0107 odpowiada organizator .<\/li>\n<li>Za odwo\u0142anie zaj\u0119\u0107 nauczania indywidualnego odpowiada nauczyciel prowadz\u0105cy.<\/li>\n<\/ul>\n<ol start=\"5\">\n<li><strong> Przerwa mi\u0119dzy lekcjami<\/strong><\/li>\n<\/ol>\n<ul>\n<li>Za bezpiecze\u0144stwo uczni\u00f3w w czasie przerwy odpowiadaj\u0105 nauczyciele dy\u017curuj\u0105cy zgodnie z grafikiem dy\u017cur\u00f3w. Nieobecno\u015b\u0107 nauczyciela na dy\u017curze nie zwalnia go z odpowiedzialno\u015bci za bezpiecze\u0144stwo uczni\u00f3w.<\/li>\n<li>Je\u017celi nauczyciel jest nieobecny w pracy, to dy\u017cur za niego pe\u0142ni nauczyciel \u2013 zast\u0119pca wyznaczony przez dyrektora.<\/li>\n<li>Organizacj\u0119 i harmonogram dy\u017cur\u00f3w nauczycieli opracowuje dyrektor.<\/li>\n<\/ul>\n<ol start=\"6\">\n<li><strong> Apele i uroczysto\u015bci szkolne<\/strong><\/li>\n<\/ol>\n<ul>\n<li>Przed ka\u017cdym apelem b\u0105d\u017a uroczysto\u015bci\u0105 szkoln\u0105 wszyscy uczniowie spotykaj\u0105 si\u0119 z nauczycielem, z kt\u00f3rym maj\u0105 zaj\u0119cia w salach lekcyjnych. W trakcie spotkania nauczyciel ma obowi\u0105zek: sprawdzi\u0107 obecno\u015b\u0107 uczni\u00f3w w klasie, przypomnie\u0107 o obowi\u0105zku kulturalnego zachowania si\u0119 w trakcie uroczysto\u015bci szkolnej.<\/li>\n<li>Po spotkaniu w klasie nauczyciel odprowadza uczni\u00f3w na miejsce uroczysto\u015bci, gdzie uczniowie wraz z nauczycielem zajmuj\u0105 wyznaczone dla nich miejsce. Po zako\u0144czeniu uroczysto\u015bci uczniowie wraz z nauczycielami opuszczaj\u0105 miejsce zorganizowanej uroczysto\u015bci, wed\u0142ug kolejno\u015bci zgodnej z planem rozmieszczenia uczni\u00f3w i udaj\u0105 si\u0119 do swoich klas.<\/li>\n<\/ul>\n<p><strong>\u00a0<\/strong><\/p>\n","protected":false},"excerpt":{"rendered":"<p>\u00a0Zaj\u0119cia edukacyjne Prowadzenie i odbywanie zaj\u0119\u0107 w ka\u017cdej klasopracowni i sali gimnastycznej powinno by\u0107 zgodne z zasadami bhp i z [&hellip;]<\/p>\n","protected":false},"author":1,"featured_media":0,"parent":0,"menu_order":0,"comment_status":"closed","ping_status":"closed","template":"","meta":{"footnotes":""},"class_list":["post-1383","page","type-page","status-publish","hentry","has_no_thumb"],"aioseo_notices":[],"_links":{"self":[{"href":"https:\/\/sp6kwidzyn.pl\/index.php?rest_route=\/wp\/v2\/pages\/1383","targetHints":{"allow":["GET"]}}],"collection":[{"href":"https:\/\/sp6kwidzyn.pl\/index.php?rest_route=\/wp\/v2\/pages"}],"about":[{"href":"https:\/\/sp6kwidzyn.pl\/index.php?rest_route=\/wp\/v2\/types\/page"}],"author":[{"embeddable":true,"href":"https:\/\/sp6kwidzyn.pl\/index.php?rest_route=\/wp\/v2\/users\/1"}],"replies":[{"embeddable":true,"href":"https:\/\/sp6kwidzyn.pl\/index.php?rest_route=%2Fwp%2Fv2%2Fcomments&post=1383"}],"version-history":[{"count":0,"href":"https:\/\/sp6kwidzyn.pl\/index.php?rest_route=\/wp\/v2\/pages\/1383\/revisions"}],"wp:attachment":[{"href":"https:\/\/sp6kwidzyn.pl\/index.php?rest_route=%2Fwp%2Fv2%2Fmedia&parent=1383"}],"curies":[{"name":"wp","href":"https:\/\/api.w.org\/{rel}","templated":true}]}}