{"id":1377,"date":"2019-05-30T08:02:59","date_gmt":"2019-05-30T06:02:59","guid":{"rendered":"http:\/\/sp6kwidzyn.pl\/?page_id=1377"},"modified":"2019-05-30T08:02:59","modified_gmt":"2019-05-30T06:02:59","slug":"uzywanie-telefonow-komorkowych-i-innych-urzadzen-elektronicznych","status":"publish","type":"page","link":"https:\/\/sp6kwidzyn.pl\/?page_id=1377","title":{"rendered":"U\u017cywanie telefon\u00f3w kom\u00f3rkowych i innych urz\u0105dze\u0144 elektronicznych."},"content":{"rendered":"<ol>\n<li>Uczniowie zobowi\u0105zani s\u0105 przestrzega\u0107 ustalonych warunk\u00f3w korzystania z telefon\u00f3w kom\u00f3rkowych i innych urz\u0105dze\u0144 elektronicznych na terenie szko\u0142y.<\/li>\n<li>Telefon kom\u00f3rkowy w szkole mo\u017ce mie\u0107 tylko ten ucze\u0144, kt\u00f3ry uzyska\u0142 pisemn\u0105 zgod\u0119 dyrektora szko\u0142y na jego posiadanie. (Zgod\u0119 tak\u0105 uzyskuje na pisemny wniosek rodzica\/prawnego opiekuna z uzasadnieniem potrzeby b\u0105d\u017a konieczno\u015bci noszenia przez dziecko aparatu).<\/li>\n<li>Telefony kom\u00f3rkowe u\u017cywane s\u0105 przez uczni\u00f3w wy\u0142\u0105cznie do cel\u00f3w deklarowanych przez rodzic\u00f3w\/prawnych opiekun\u00f3w we wniosku, na podstawie kt\u00f3rego dyrektor udzieli\u0142 pisemnej zgody na posiadanie przez danego ucznia telefonu w szkole.<\/li>\n<li>Podczas zaj\u0119\u0107 edukacyjnych obowi\u0105zuje ca\u0142kowity zakaz u\u017cywania telefon\u00f3w kom\u00f3rkowych (aparaty powinny by\u0107 wy\u0142\u0105czone i schowane).<\/li>\n<li>Poza zaj\u0119ciami edukacyjnymi (przerwy) telefon mo\u017ce by\u0107 u\u017cywany w trybie \u201emilczy\u201d.<\/li>\n<li>Nagrywanie d\u017awi\u0119ku i obrazu za pomoc\u0105 telefonu, b\u0105d\u017a innego no\u015bnika jest zabronione.\n<ul>\n<li>te same zasady obowi\u0105zuj\u0105 podczas wyj\u015b\u0107 i wycieczek edukacyjnych.<\/li>\n<li>dopuszcza si\u0119 u\u017cywanie telefon\u00f3w kom\u00f3rkowych lub innych urz\u0105dze\u0144 podczas realizacji procesu dydaktyczno\u2013wychowawczego za pozwoleniem nauczyciela \u2013 np. podczas wyj\u015b\u0107 i wycieczek edukacyjnych, podczas wykonywania i dokumentowania zada\u0144 edukacyjnych, wytwor\u00f3w pracy uczni\u00f3w, do\u015bwiadcze\u0144 itp.<\/li>\n<\/ul>\n<\/li>\n<\/ol>\n<ol start=\"7\">\n<li>Szko\u0142a nie ponosi odpowiedzialno\u015bci za zgubienie lub uszkodzenie aparatu na terenie szko\u0142y (ucze\u0144 zobowi\u0105zany jest do pilnowania swojego telefonu) oraz w trakcie innych zaj\u0119\u0107 szkolnych (np. wycieczka, kino).<\/li>\n<li>Nieprzestrzeganie ustale\u0144 obj\u0119tych procedur\u0105 skutkuje:<\/li>\n<\/ol>\n<ul>\n<li>za pierwszym razem wpisaniem uwagi do dziennika,<\/li>\n<li>za drugim razem oddaniem urz\u0105dzenia elektronicznego przez ucznia, wezwaniem rodzica oraz cofni\u0119ciem zgody na jego posiadanie i korzystanie na terenie szko\u0142y.<\/li>\n<\/ul>\n<ol start=\"9\">\n<li>Lista uczni\u00f3w, kt\u00f3rzy mog\u0105 u\u017cywa\u0107 telefon\u00f3w kom\u00f3rkowych na terenie szko\u0142y umieszczona jest w dzienniku lekcyjnym.<\/li>\n<li>Uczni\u00f3w nieposiadaj\u0105cych pisemnej zgody dyrektora szko\u0142y obowi\u0105zuje bezwzgl\u0119dny zakaz przynoszenia i u\u017cywania telefon\u00f3w kom\u00f3rkowych na terenie szko\u0142y (w tym r\u00f3wnie\u017c poza budynkiem szkolnym, ale (oraz) w obr\u0119bie szko\u0142y \u2013 np. na boisku, na placu zabaw). Z\u0142amanie zakazu skutkuje odebraniem aparatu i wezwaniem rodzica oraz obni\u017ceniem oceny z zachowania.<\/li>\n<\/ol>\n","protected":false},"excerpt":{"rendered":"<p>Uczniowie zobowi\u0105zani s\u0105 przestrzega\u0107 ustalonych warunk\u00f3w korzystania z telefon\u00f3w kom\u00f3rkowych i innych urz\u0105dze\u0144 elektronicznych na terenie szko\u0142y. Telefon kom\u00f3rkowy w [&hellip;]<\/p>\n","protected":false},"author":1,"featured_media":0,"parent":0,"menu_order":0,"comment_status":"closed","ping_status":"closed","template":"","meta":{"footnotes":""},"class_list":["post-1377","page","type-page","status-publish","hentry","has_no_thumb"],"aioseo_notices":[],"_links":{"self":[{"href":"https:\/\/sp6kwidzyn.pl\/index.php?rest_route=\/wp\/v2\/pages\/1377","targetHints":{"allow":["GET"]}}],"collection":[{"href":"https:\/\/sp6kwidzyn.pl\/index.php?rest_route=\/wp\/v2\/pages"}],"about":[{"href":"https:\/\/sp6kwidzyn.pl\/index.php?rest_route=\/wp\/v2\/types\/page"}],"author":[{"embeddable":true,"href":"https:\/\/sp6kwidzyn.pl\/index.php?rest_route=\/wp\/v2\/users\/1"}],"replies":[{"embeddable":true,"href":"https:\/\/sp6kwidzyn.pl\/index.php?rest_route=%2Fwp%2Fv2%2Fcomments&post=1377"}],"version-history":[{"count":0,"href":"https:\/\/sp6kwidzyn.pl\/index.php?rest_route=\/wp\/v2\/pages\/1377\/revisions"}],"wp:attachment":[{"href":"https:\/\/sp6kwidzyn.pl\/index.php?rest_route=%2Fwp%2Fv2%2Fmedia&parent=1377"}],"curies":[{"name":"wp","href":"https:\/\/api.w.org\/{rel}","templated":true}]}}