{"id":1371,"date":"2019-05-30T08:00:19","date_gmt":"2019-05-30T06:00:19","guid":{"rendered":"http:\/\/sp6kwidzyn.pl\/?page_id=1371"},"modified":"2019-05-30T08:00:19","modified_gmt":"2019-05-30T06:00:19","slug":"organizowanie-krajoznawstwa-i-turystyki","status":"publish","type":"page","link":"https:\/\/sp6kwidzyn.pl\/?page_id=1371","title":{"rendered":"Organizowanie krajoznawstwa i turystyki"},"content":{"rendered":"<ol>\n<li>Szko\u0142a mo\u017ce organizowa\u0107 dla uczni\u00f3w i wychowank\u00f3w r\u00f3\u017cnorodne formy krajoznawstwa i turystyki, w tym wycieczki i imprezy zagraniczne.<\/li>\n<li>Krajoznawstwo i turystyka organizowane s\u0105 zgodnie z aktualnie obowi\u0105zuj\u0105cym prawem, procedur\u0105 oraz \u201eRegulaminem organizacji wycieczek i imprez szkolnych Szko\u0142y Podstawowej nr 6 w Kwidzynie\u201d.<\/li>\n<li>W organizowaniu krajoznawstwa i turystyki szko\u0142a mo\u017ce wsp\u00f3\u0142dzia\u0142a\u0107 ze stowarzyszeniami i innymi podmiotami, kt\u00f3rych przedmiotem dzia\u0142alno\u015bci jest krajoznawstwo i turystyka (np.: Uczniowskie Kluby Sportowe, Biura Turystyki<\/li>\n<\/ol>\n<p>i Wypoczynku).<\/p>\n<ol start=\"4\">\n<li>Krajoznawstwo i turystyka mo\u017ce by\u0107 organizowane w ramach zaj\u0119\u0107 lekcyjnych, pozalekcyjnych oraz pozaszkolnych.<\/li>\n<li>Wychowawcy klas, koordynator \u015bwietlicy lub nauczyciele przedmiotowi zg\u0142aszaj\u0105 ch\u0119\u0107 organizacji wycieczki\/imprezy klasowej, \u015bwietlicowej lub ka\u017cdej innej dyrektorowi szko\u0142y do ko\u0144ca wrze\u015bnia danego roku szkolnego i zapisuj\u0105 je w szkolnym planie krajoznawstwa i turystyki.<\/li>\n<li>Plan krajoznawstwa i turystyki na dany rok szkolny zatwierdza dyrektor szko\u0142y.<\/li>\n<li>Organizowanie krajoznawstwa i turystyki odbywa si\u0119 w nast\u0119puj\u0105cych formach:<\/li>\n<\/ol>\n<ul>\n<li>wycieczki przedmiotowe,<\/li>\n<li>wycieczki krajoznawczo-turystyczne,<\/li>\n<li>imprezy krajoznawczo-turystyczne (np.: biwaki, konkursy, turnieje \u2026),<\/li>\n<li>imprezy turystyki kwalifikowanej i obozy w\u0119drowne,<\/li>\n<li>imprezy wyjazdowe (np.: zielone szko\u0142y, szko\u0142y zimowe, szko\u0142y ekologiczne \u2026).<\/li>\n<\/ul>\n<ol start=\"8\">\n<li>Wycieczk\u0119 lub imprez\u0119 przygotowuje si\u0119 pod wzgl\u0119dem merytorycznym i organizacyjnym. Wyznacza si\u0119 cele, o kt\u00f3rych informowani s\u0105 jej uczestnicy. S\u0105 to w szczeg\u00f3lno\u015bci:\n<ul>\n<li>Poznanie kraju, jego \u015brodowiska przyrodniczego, tradycji, zabytk\u00f3w kultury i historii.<\/li>\n<li>Poznanie kultury i j\u0119zyka innych pa\u0144stw.<\/li>\n<li>Poszerzenie wiedzy z r\u00f3\u017cnych dziedzin \u017cycia spo\u0142ecznego, gospodarczego i kulturalnego.<\/li>\n<li>Wspomaganie rodziny i szko\u0142y w procesie wychowania.<\/li>\n<li>Upowszechnienie w\u015br\u00f3d dzieci i m\u0142odzie\u017cy zasad ochrony \u015brodowiska naturalnego oraz umiej\u0119tno\u015bci korzystania z zasob\u00f3w przyrody.<\/li>\n<li>Podnoszenie sprawno\u015bci fizycznej.<\/li>\n<li>Upowszechnianie form aktywnego wypoczynku.<\/li>\n<li>Przeciwdzia\u0142anie patologii spo\u0142ecznej.<\/li>\n<li>Poznanie zasad bezpiecznego zachowania si\u0119 w r\u00f3\u017cnych sytuacjach.<\/li>\n<\/ul>\n<\/li>\n<\/ol>\n<ol start=\"9\">\n<li>Organizacj\u0119 i program wycieczek oraz imprez dostosowuje si\u0119 do wieku, zainteresowa\u0144 i potrzeb uczni\u00f3w, ich stanu zdrowia, sprawno\u015bci fizycznej, stopnia przygotowania i umiej\u0119tno\u015bci specjalistycznych.<\/li>\n<li>Przy organizacji zaj\u0119\u0107, imprez i wycieczek poza terenem szko\u0142y, liczb\u0119 opiekun\u00f3w oraz spos\u00f3b sprawowania opieki ustala si\u0119, uwzgl\u0119dniaj\u0105c wiek, stopie\u0144 rozwoju psychofizycznego, stan zdrowia i ewentualn\u0105 niepe\u0142nosprawno\u015b\u0107 uczni\u00f3w, a tak\u017ce specyfik\u0119 zaj\u0119\u0107, imprez i wycieczek oraz warunki, w jakich b\u0119d\u0105 si\u0119 one odbywa\u0107.<\/li>\n<li>Plan wycieczki\/imprezy powinien zawiera\u0107 nast\u0119puj\u0105ce elementy:<\/li>\n<\/ol>\n<ul>\n<li>klas\u0119 \u2013 ilo\u015b\u0107 uczni\u00f3w,<\/li>\n<li>termin,<\/li>\n<li>tras\u0119 \u2013 miejsce,<\/li>\n<li>form\u0119 wycieczki\/imprezy (wycieczka przedmiotowa, wycieczka krajoznawczo- turystyczna, impreza krajoznawczo-turystyczna, impreza turystyki kwalifikowanej i ob\u00f3z w\u0119drowny, impreza wyjazdowa<\/li>\n<li>imienn\u0105 propozycj\u0119 opiekun\u00f3w,<\/li>\n<li>osob\u0119\/instytucj\u0119 odpowiedzialn\u0105 za wsp\u00f3\u0142organizacj\u0119.<\/li>\n<\/ul>\n<ol start=\"12\">\n<li>W oparciu o plan wycieczki, na 14 dni przed wycieczk\u0105\/imprez\u0105 kierownik wype\u0142nia:\n<ul>\n<li>kart\u0119 wycieczki\/imprezy,<\/li>\n<li>list\u0119 uczestnik\u00f3w wycieczki, kt\u00f3ra powinna zawiera\u0107:<\/li>\n<\/ul>\n<\/li>\n<li>klas\u0119,<\/li>\n<li>nazwisko i imi\u0119 dziecka,<\/li>\n<li>dat\u0119 i miejsce urodzenia,<\/li>\n<li>pesel,<\/li>\n<li>adres zamieszkania\/zameldowania,<\/li>\n<li>numer telefonu do rodzic\u00f3w \/opiekun\u00f3w,<\/li>\n<li>spis opiekun\u00f3w.<\/li>\n<\/ol>\n<p>3) regulamin wycieczki podpisany przez uczni\u00f3w.<\/p>\n<ol start=\"13\">\n<li>Przed wycieczk\u0105\/imprez\u0105 kierownik wycieczki zobowi\u0105zany jest do powiadomienia ajenta szkolnego o ilo\u015bci os\u00f3b korzystaj\u0105cych z obiad\u00f3w a nieobecnych w danym dniu z powodu wycieczki; poinformowaniu rodzic\u00f3w uczni\u00f3w o planowanej wycieczce oraz przypomnieniu wicedyrektorowi szko\u0142y o terminie wycieczki i sporz\u0105dzeniu dla niego listy uczni\u00f3w pozostaj\u0105cych w szkole.<\/li>\n<li>Zbieraniem pieni\u0119dzy na wycieczk\u0119 zajmuje si\u0119 wychowawca klasy lub osoba przez niego upowa\u017cniona. Pieni\u0105dze przekazywane s\u0105 na konto rady rodzic\u00f3w Wszystkie rachunki i faktury powinny by\u0107 wystawione na rad\u0119 rodzic\u00f3w.<\/li>\n<li>Udzia\u0142 uczni\u00f3w niepe\u0142noletnich w wycieczce, z wyj\u0105tkiem wycieczek przedmiotowych odbywaj\u0105cych si\u0119 w ramach zaj\u0119\u0107 lekcyjnych, wymaga pisemnej zgody ich rodzic\u00f3w (prawnych opiekun\u00f3w).<\/li>\n<li>Opiekun wycieczki (wychowawca klasy) przygotowuje w dw\u00f3ch egzemplarzach odpowiedni\u0105 dokumentacj\u0119, z kt\u00f3rych jeden zostaje w szkole a drugi zabiera ze sob\u0105 kierownik wycieczki. Po powrocie z wycieczki kopia pozostaje w dokumentacji wychowawcy klasy.<\/li>\n<li>Sekretariat szko\u0142y prowadzi ewidencj\u0119 kart wycieczek szkolnych.<\/li>\n<li>Na wypadek zmiany warunk\u00f3w pogodowych nale\u017cy mie\u0107 przygotowany program zast\u0119pczy wycieczki\/danego punktu programu.<\/li>\n<li>Zbi\u00f3rka przed wyjazdem powinna by\u0107 zaplanowana nie p\u00f3\u017aniej ni\u017c 15 minut przed przewidywan\u0105 godzina rozpocz\u0119cia podr\u00f3\u017cy. Nale\u017cy wtedy:<\/li>\n<\/ol>\n<ul>\n<li>sprawdzi\u0107 list\u0119 obecno\u015bci,<\/li>\n<li>przypomnie\u0107 program i regulamin wycieczki,<\/li>\n<li>sprawdzi\u0107 ubi\u00f3r i ekwipunek uczestnik\u00f3w,<\/li>\n<li>w\u0142a\u015bciwie rozmie\u015bci\u0107 uczestnik\u00f3w wewn\u0105trz pojazdu,<\/li>\n<li>dopilnowa\u0107, by wszystkie baga\u017ce znajdowa\u0142y si\u0119 na p\u00f3\u0142kach b\u0105d\u017a w schowkach\/ lukach baga\u017cowych.<\/li>\n<\/ul>\n<ol start=\"14\">\n<li>Przed wyruszeniem na wycieczk\u0119 nale\u017cy bezwzgl\u0119dnie pouczy\u0107 wszystkich jej uczestnik\u00f3w o sposobie zachowania si\u0119 w czasie nieszcz\u0119\u015bliwego wypadku.<\/li>\n<li>W przypadku organizacji wycieczki zagranicznej konieczna jest akceptacja organu prowadz\u0105cego szko\u0142\u0119 oraz organu nadzoru pedagogicznego.<\/li>\n<li>Przy organizacji wycieczki zagranicznej istnieje konieczno\u015b\u0107 ubezpieczenia uczestnik\u00f3w wycieczki\/imprezy od nast\u0119pstw nieszcz\u0119\u015bliwych wypadk\u00f3w i koszt\u00f3w leczenia. Wykupienie ubezpieczenia nie jest obligatoryjne dla wycieczek\/imprez organizowanych na terenie Polski.<\/li>\n<li>Kierownik lub opiekunowie wycieczki, bior\u0105cy udzia\u0142 w wycieczce zagranicznej powinni zna\u0107 j\u0119zyk obcy w stopniu umo\u017cliwiaj\u0105cym porozumiewanie si\u0119 w kraju docelowym.<\/li>\n<\/ol>\n","protected":false},"excerpt":{"rendered":"<p>Szko\u0142a mo\u017ce organizowa\u0107 dla uczni\u00f3w i wychowank\u00f3w r\u00f3\u017cnorodne formy krajoznawstwa i turystyki, w tym wycieczki i imprezy zagraniczne. Krajoznawstwo i [&hellip;]<\/p>\n","protected":false},"author":1,"featured_media":0,"parent":0,"menu_order":0,"comment_status":"closed","ping_status":"closed","template":"","meta":{"footnotes":""},"class_list":["post-1371","page","type-page","status-publish","hentry","has_no_thumb"],"aioseo_notices":[],"_links":{"self":[{"href":"https:\/\/sp6kwidzyn.pl\/index.php?rest_route=\/wp\/v2\/pages\/1371","targetHints":{"allow":["GET"]}}],"collection":[{"href":"https:\/\/sp6kwidzyn.pl\/index.php?rest_route=\/wp\/v2\/pages"}],"about":[{"href":"https:\/\/sp6kwidzyn.pl\/index.php?rest_route=\/wp\/v2\/types\/page"}],"author":[{"embeddable":true,"href":"https:\/\/sp6kwidzyn.pl\/index.php?rest_route=\/wp\/v2\/users\/1"}],"replies":[{"embeddable":true,"href":"https:\/\/sp6kwidzyn.pl\/index.php?rest_route=%2Fwp%2Fv2%2Fcomments&post=1371"}],"version-history":[{"count":0,"href":"https:\/\/sp6kwidzyn.pl\/index.php?rest_route=\/wp\/v2\/pages\/1371\/revisions"}],"wp:attachment":[{"href":"https:\/\/sp6kwidzyn.pl\/index.php?rest_route=%2Fwp%2Fv2%2Fmedia&parent=1371"}],"curies":[{"name":"wp","href":"https:\/\/api.w.org\/{rel}","templated":true}]}}