{"id":1368,"date":"2019-05-30T07:58:21","date_gmt":"2019-05-30T05:58:21","guid":{"rendered":"http:\/\/sp6kwidzyn.pl\/?page_id=1368"},"modified":"2019-05-30T07:58:21","modified_gmt":"2019-05-30T05:58:21","slug":"zasady-dobrego-zachowania-i-procedury-postepowania-w-roznych-sytuacjach-szkolnych","status":"publish","type":"page","link":"https:\/\/sp6kwidzyn.pl\/?page_id=1368","title":{"rendered":"Zasady dobrego zachowania i procedury post\u0119powania w r\u00f3\u017cnych sytuacjach szkolnych."},"content":{"rendered":"<p>Wst\u0119pne ustalenia<\/p>\n<ol>\n<li>Str\u00f3j ucznia.<\/li>\n<\/ol>\n<p><u>U\u017cywanie jednolitych stroj\u00f3w uczniowskich <\/u><\/p>\n<p>1) W szkole obowi\u0105zuje: bluza, koszula, t-shirt w kolorze chabrowym z tarcz\u0105 szko\u0142y (regulamin noszenia mundurka)<\/p>\n<p>2) Jeden dzie\u0144 w tygodniu (pi\u0105tek) jest dniem \u201ekolorowym\u201d i w tym dniu uczniowie s\u0105 zwolnieni z obowi\u0105zku noszenia mundurka, jednak ich ubi\u00f3r powinien by\u0107 schludny.<\/p>\n<p>3) Uczniowie w dni powszednie zobowi\u0105zani s\u0105 do noszenia jednolitych stroj\u00f3w uczniowskich na terenie, za jego brak ucze\u0144 b\u0119dzie ponosi\u0142 konsekwencje w postaci wpisu do dziennika uwag (pi\u0119\u0107 uwag w roku szkolnym uniemo\u017cliwia uzyskanie oceny wzorowej z zachowania).<\/p>\n<p>4) Podczas uroczysto\u015bci szkolnych ka\u017cdego ucznia obowi\u0105zuje str\u00f3j galowy: mundurek szkolny, bia\u0142a koszula lub bluzka, krawat i granatowe lub czarne spodnie albo sp\u00f3dnica.<\/p>\n<p>5) Uczniowie pod jednolitym strojem uczniowskim mog\u0105 nosi\u0107 dowolne, lecz schludne ubranie.<\/p>\n<p>6) Noszenie jednolitego stroju nie jest wymagane podczas wycieczek szkolnych.<\/p>\n<p>7) Na lekcjach wychowania fizycznego ucze\u0144 jest zwolniony z obowi\u0105zku noszenia mundurka \u2013 pozostawia go w szatni, a na lekcji uczestniczy w stroju sportowym.<\/p>\n<p>8) Uczniowie chodz\u0105 ubrani schludnie i estetycznie (brak mundurka ucze\u0144 zg\u0142asza wychowawcy klasy lub dyrektorowi, kolejny jego brak b\u0119dzie odnotowany w zeszycie uwag a zapis b\u0119dzie brany pod uwag\u0119 przy wystawianiu przez wychowawc\u0119 oceny zachowania).<\/p>\n<p>9) W szkole obowi\u0105zuje zakaz noszenia nakry\u0107 g\u0142owy.<\/p>\n<p>10) Str\u00f3j od\u015bwi\u0119tny obowi\u0105zuje w czasie uroczysto\u015bci szkolnych wynikaj\u0105cych z ceremonia\u0142u szkolnego, sprawdzianu oraz imprez okoliczno\u015bciowych.<\/p>\n<p>11) Obowi\u0105zuje lekkie obuwie zamienne (sportowe trampki lub tenis\u00f3wki).<\/p>\n<ol start=\"2\">\n<li>Wygl\u0105d ucznia.<\/li>\n<\/ol>\n<p>Uczniowie nie mog\u0105 mie\u0107 makija\u017cu oraz pomalowanych paznokci<\/p>\n<ul>\n<li>makija\u017c, pomalowane paznokcie, pofarbowane w\u0142osy b\u0119d\u0105 rzutowa\u0107 na ocen\u0119 z zachowania \u2013 trzy uwagi uniemo\u017cliwiaj\u0105 uzyskanie wzorowego zachowania, kolejne trzy zachowania bardzo dobrego;<\/li>\n<li>zaleca si\u0119 upi\u0119cie d\u0142ugich w\u0142os\u00f3w;<\/li>\n<li>dopuszcza si\u0119 noszenie delikatnej i skromne bi\u017cuterii;<\/li>\n<\/ul>\n<ol start=\"3\">\n<li>Ucze\u0144 mo\u017ce przebywa\u0107 na korytarzu szkolnym od 7<sup>45<\/sup>.<\/li>\n<li>Odpowiedzialno\u015b\u0107 za wcze\u015bniejsze przybycie ucznia do szko\u0142y ponosz\u0105 rodzice.<\/li>\n<li>Po wej\u015bciu na teren budynku szko\u0142y uczniowie zobowi\u0105zani s\u0105 do zmiany obuwia w okresie regulowanym rozporz\u0105dzeniem dyrektora szko\u0142y.<\/li>\n<li>Na terenie budynku szkolnego (r\u00f3wnie\u017c w sali gimnastycznej) obowi\u0105zuje obuwie zmienne.<\/li>\n<li>Opuszczanie budynku w obuwiu szkolnym jest zabronione.<\/li>\n<li>Uczniowie nie mog\u0105 samowolnie opuszcza\u0107 budynku szko\u0142y w czasie trwania zaj\u0119\u0107 lekcyjnych.<\/li>\n<li>Uczniowie mog\u0105 przebywa\u0107 na korytarzu tylko w czasie przerw.<\/li>\n<li>Zwolnienie ucznia z cz\u0119\u015bci zaj\u0119\u0107 nast\u0119puje na podstawie osobistej pro\u015bby rodzic\u00f3w lub potwierdzenia telefonicznego.<\/li>\n<li>Uczniowie, kt\u00f3rzy nie ucz\u0119szczaj\u0105 na lekcje religii przebywaj\u0105 w tym czasie w \u015bwietlicy lub bibliotece szkolnej.<\/li>\n<li>Uczniowie zobowi\u0105zani s\u0105 do bezwzgl\u0119dnego stosowania si\u0119 do zalece\u0144 nauczycieli i\u00a0innych pracownik\u00f3w szko\u0142y.<\/li>\n<\/ol>\n<p>13.W przypadku nie stosowania si\u0119 do powy\u017cszych zalece\u0144 stosowane b\u0119d\u0105 kary zapisane w\u00a0Statucie.<\/p>\n<p><u>Ucze\u0144:<\/u><\/p>\n<ul>\n<li>dba o kultur\u0119 j\u0119zyka (nie u\u017cywa wulgaryzm\u00f3w, nie przezywa koleg\u00f3w, pos\u0142uguje si\u0119 zwrotami grzeczno\u015bciowymi: \u201edzi\u0119kuj\u0119\u201d, \u201eprosz\u0119\u201d, \u201eprzepraszam\u201d, \u201edzie\u0144 dobry\u201d, do widzenia\u201d),<\/li>\n<li>w czasie rozmowy z osobami doros\u0142ymi stoi, nie trzyma r\u0105k w kieszeniach i nie \u017cuje gumy,<\/li>\n<li>nie przynosi do szko\u0142y \u017cadnych niebezpiecznych przedmiot\u00f3w,<\/li>\n<li>nie bije si\u0119 z kolegami,<\/li>\n<li>nie pali papieros\u00f3w i nie stosuje innych u\u017cywek,<\/li>\n<li>nie za\u015bmieca szko\u0142y, nie niszczy mienia szkolnego,<\/li>\n<li>w czasie apel\u00f3w, akademii i innych uroczysto\u015bci stoi w wyznaczonym miejscu (w wyj\u0105tkowych wypadkach siedzi), nie rozmawia, podczas \u015bpiewania hymnu pa\u0144stwowego i szkolnego przyjmuje postaw\u0119 baczno\u015b\u0107.<\/li>\n<\/ul>\n<p><strong><u>\u00a0<\/u><\/strong><\/p>\n","protected":false},"excerpt":{"rendered":"<p>Wst\u0119pne ustalenia Str\u00f3j ucznia. U\u017cywanie jednolitych stroj\u00f3w uczniowskich 1) W szkole obowi\u0105zuje: bluza, koszula, t-shirt w kolorze chabrowym z tarcz\u0105 [&hellip;]<\/p>\n","protected":false},"author":1,"featured_media":0,"parent":0,"menu_order":0,"comment_status":"closed","ping_status":"closed","template":"","meta":{"footnotes":""},"class_list":["post-1368","page","type-page","status-publish","hentry","has_no_thumb"],"aioseo_notices":[],"_links":{"self":[{"href":"https:\/\/sp6kwidzyn.pl\/index.php?rest_route=\/wp\/v2\/pages\/1368","targetHints":{"allow":["GET"]}}],"collection":[{"href":"https:\/\/sp6kwidzyn.pl\/index.php?rest_route=\/wp\/v2\/pages"}],"about":[{"href":"https:\/\/sp6kwidzyn.pl\/index.php?rest_route=\/wp\/v2\/types\/page"}],"author":[{"embeddable":true,"href":"https:\/\/sp6kwidzyn.pl\/index.php?rest_route=\/wp\/v2\/users\/1"}],"replies":[{"embeddable":true,"href":"https:\/\/sp6kwidzyn.pl\/index.php?rest_route=%2Fwp%2Fv2%2Fcomments&post=1368"}],"version-history":[{"count":0,"href":"https:\/\/sp6kwidzyn.pl\/index.php?rest_route=\/wp\/v2\/pages\/1368\/revisions"}],"wp:attachment":[{"href":"https:\/\/sp6kwidzyn.pl\/index.php?rest_route=%2Fwp%2Fv2%2Fmedia&parent=1368"}],"curies":[{"name":"wp","href":"https:\/\/api.w.org\/{rel}","templated":true}]}}