{"id":1365,"date":"2019-05-30T07:57:07","date_gmt":"2019-05-30T05:57:07","guid":{"rendered":"http:\/\/sp6kwidzyn.pl\/?page_id=1365"},"modified":"2019-05-30T07:57:07","modified_gmt":"2019-05-30T05:57:07","slug":"funkcjonowanie-stolowki-szkolnej","status":"publish","type":"page","link":"https:\/\/sp6kwidzyn.pl\/?page_id=1365","title":{"rendered":"Funkcjonowanie sto\u0142\u00f3wki szkolnej."},"content":{"rendered":"<p><strong>Postanowienia og\u00f3lne:<\/strong><\/p>\n<ol>\n<li>Sto\u0142\u00f3wka jest miejscem spo\u017cywania posi\u0142k\u00f3w przygotowanych przez najemc\u0119 dla os\u00f3b uprawnionych do korzystania z niej.<\/li>\n<li>Posi\u0142ki wydawane s\u0105 w czasie trwania zaj\u0119\u0107 dydaktyczno-wychowawczych podczas przerw obiadowych.<\/li>\n<li>Aktualny jad\u0142ospis i og\u0142oszenia dotycz\u0105ce sto\u0142\u00f3wki szkolnej podane s\u0105 do wiadomo\u015bci zainteresowanych poprzez wywieszenie w sto\u0142\u00f3wce szkolnej.<\/li>\n<li>Sto\u0142\u00f3wka wydaje obiady w wyznaczonych godzinach: 11.30 \u2013 14.30.<\/li>\n<\/ol>\n<p><strong>\u00a0Uprawnieni do korzystania ze sto\u0142\u00f3wki szkolnej<\/strong><\/p>\n<p>Do korzystania ze sto\u0142\u00f3wki szkolnej uprawnieni s\u0105:<\/p>\n<ol>\n<li>Uczniowie szko\u0142y wnosz\u0105cy op\u0142aty indywidualne.<\/li>\n<li>Uczniowie szko\u0142y, kt\u00f3rych do\u017cywianie jest finansowane przez MOPS oraz innych sponsor\u00f3w.<\/li>\n<li>Nauczyciele oraz inni pracownicy szko\u0142y wnosz\u0105cy op\u0142aty indywidualne.<\/li>\n<\/ol>\n<p><strong>Zasady zachowania na sto\u0142\u00f3wce<\/strong><\/p>\n<ol>\n<li>Podczas wydawania posi\u0142k\u00f3w osoby, kt\u00f3re nie korzystaj\u0105 ze sto\u0142\u00f3wki, nie mog\u0105 w niej przebywa\u0107.<\/li>\n<li>Ze wzgl\u0119du na higien\u0119 i bezpiecze\u0144stwo w czasie wydawania posi\u0142k\u00f3w na przerwach w sto\u0142\u00f3wce dy\u017cur pe\u0142ni\u0105 nauczyciele, nauczyciele \u015bwietlicy oraz uczniowie klas starszych.<\/li>\n<li>Ucze\u0144 zobowi\u0105zany jest przed posi\u0142kiem umy\u0107 r\u0119ce i przestrzega\u0107 regulaminu sto\u0142\u00f3wki.<\/li>\n<li>Po odbi\u00f3r posi\u0142ku uczniowie ustawiaj\u0105 si\u0119 w kolejce.<\/li>\n<li>W sto\u0142\u00f3wce obowi\u0105zuje cisza.<\/li>\n<li>Podczas spo\u017cywania posi\u0142k\u00f3w obowi\u0105zuj\u0105 zasady kulturalnego zachowania.<\/li>\n<li>Naczynia po spo\u017cyciu posi\u0142ku powinny by\u0107 odstawione w wyznaczonym miejscu.<\/li>\n<li>W przypadku nierespektowania wy\u017cej wymienionych zasad zachowania poinformowany zostanie wychowawca klasy i za jego po\u015brednictwem rodzice ucznia.<\/li>\n<\/ol>\n<p>Za ra\u017c\u0105ce naruszenie regulaminu sto\u0142\u00f3wki, wobec ucznia mo\u017ce zosta\u0107 wszcz\u0119ta odpowiednia procedura post\u0119powania.<\/p>\n","protected":false},"excerpt":{"rendered":"<p>Postanowienia og\u00f3lne: Sto\u0142\u00f3wka jest miejscem spo\u017cywania posi\u0142k\u00f3w przygotowanych przez najemc\u0119 dla os\u00f3b uprawnionych do korzystania z niej. Posi\u0142ki wydawane s\u0105 [&hellip;]<\/p>\n","protected":false},"author":1,"featured_media":0,"parent":0,"menu_order":0,"comment_status":"closed","ping_status":"closed","template":"","meta":{"footnotes":""},"class_list":["post-1365","page","type-page","status-publish","hentry","has_no_thumb"],"aioseo_notices":[],"_links":{"self":[{"href":"https:\/\/sp6kwidzyn.pl\/index.php?rest_route=\/wp\/v2\/pages\/1365","targetHints":{"allow":["GET"]}}],"collection":[{"href":"https:\/\/sp6kwidzyn.pl\/index.php?rest_route=\/wp\/v2\/pages"}],"about":[{"href":"https:\/\/sp6kwidzyn.pl\/index.php?rest_route=\/wp\/v2\/types\/page"}],"author":[{"embeddable":true,"href":"https:\/\/sp6kwidzyn.pl\/index.php?rest_route=\/wp\/v2\/users\/1"}],"replies":[{"embeddable":true,"href":"https:\/\/sp6kwidzyn.pl\/index.php?rest_route=%2Fwp%2Fv2%2Fcomments&post=1365"}],"version-history":[{"count":0,"href":"https:\/\/sp6kwidzyn.pl\/index.php?rest_route=\/wp\/v2\/pages\/1365\/revisions"}],"wp:attachment":[{"href":"https:\/\/sp6kwidzyn.pl\/index.php?rest_route=%2Fwp%2Fv2%2Fmedia&parent=1365"}],"curies":[{"name":"wp","href":"https:\/\/api.w.org\/{rel}","templated":true}]}}