{"id":1359,"date":"2019-05-30T07:53:37","date_gmt":"2019-05-30T05:53:37","guid":{"rendered":"http:\/\/sp6kwidzyn.pl\/?page_id=1359"},"modified":"2019-05-30T07:53:37","modified_gmt":"2019-05-30T05:53:37","slug":"organizacja-zajec-dydaktycznych","status":"publish","type":"page","link":"https:\/\/sp6kwidzyn.pl\/?page_id=1359","title":{"rendered":"Organizacja zaj\u0119\u0107 dydaktycznych"},"content":{"rendered":"<ol>\n<li>Czas zaj\u0119\u0107 lekcyjnych trwa od pocz\u0105tku pierwszej lekcji do ko\u0144ca ostatniej, zgodnie z planem zaj\u0119\u0107 uczni\u00f3w.<\/li>\n<li>Dzwonek rozpoczyna i ko\u0144czy zaj\u0119cia lekcyjne.<\/li>\n<li>Uczniowie pozostaj\u0105 w szkole w czasie trwania ich obowi\u0105zkowych zaj\u0119\u0107 lekcyjnych, nie wolno im samowolnie oddala\u0107 si\u0119 poza jej teren.<\/li>\n<li>Nauczyciel na ka\u017cdej lekcji sprawdza list\u0119 obecno\u015bci, zaznacza nieobecno\u015bci i na bie\u017c\u0105co notuje sp\u00f3\u017anienia.<\/li>\n<li>Ucze\u0144 jest poinformowany o planowanych zmianach w planie lekcji przez wychowawc\u0119 lub innych nauczycieli oraz informacje umieszczone na tablicy og\u0142osze\u0144.<\/li>\n<li>Z telefon\u00f3w kom\u00f3rkowych mog\u0105 korzysta\u0107 uczniowie maj\u0105cy zgod\u0119 dyrektora szko\u0142y. Zasady korzystania z urz\u0105dze\u0144 elektronicznych i telefon\u00f3w kom\u00f3rkowych opisane s\u0105 w procedurze u\u017cywania telefon\u00f3w kom\u00f3rkowych i innych urz\u0105dze\u0144 elektronicznych.<\/li>\n<li>Uczniowie maj\u0105 mo\u017cliwo\u015b\u0107 przechowywania w szkole podr\u0119cznik\u00f3w, instrument\u00f3w muzycznych i innych pomocy naukowych niezb\u0119dnych im do procesu dydaktycznego(w salach lekcyjnych, przedmiotowych, w szatni oraz innych pomieszczeniach w miar\u0119 mo\u017cliwo\u015bci i potrzeb).<\/li>\n<li>Po zako\u0144czonych zaj\u0119ciach klasa jest zobowi\u0105zana pozostawi\u0107 porz\u0105dek w sali; odpowiadaj\u0105 za to wszyscy uczniowie, a kontroluj\u0105 dy\u017curni.<\/li>\n<li>Ka\u017cda klasopracownia ma sw\u00f3j regulamin, z kt\u00f3rym jej opiekun zapoznaje swoich uczni\u00f3w na pocz\u0105tku wrze\u015bnia.<\/li>\n<\/ol>\n<p><strong><u>\u00a0<\/u><\/strong><\/p>\n<p><strong><u>Odwo\u0142anie zaj\u0119\u0107 pozalekcyjnych<\/u><\/strong><\/p>\n<ol>\n<li>Za odwo\u0142anie zaj\u0119\u0107 pozalekcyjnych organizowanych przez szko\u0142\u0119 odpowiada prowadz\u0105cy zaj\u0119cia nauczyciel (wpis do dzienniczk\u00f3w ucznia i dziennika elektronicznego).<\/li>\n<li>W przypadku choroby lub nag\u0142ej nieobecno\u015bci nauczyciela w pracy, za odwo\u0142anie zaj\u0119\u0107 w kolejnych dniach odpowiadaj\u0105 dyrektor i wychowawcy (przez dziennik elektroniczny, w formie pisemnej lub telefonicznej).<\/li>\n<li>Za odwo\u0142anie zaj\u0119\u0107 pozalekcyjnych organizowanych przez instytucje zewn\u0119trzne oraz za bezpiecze\u0144stwo dzieci przed zaj\u0119ciami i podczas tych zaj\u0119\u0107 odpowiada organizator .<\/li>\n<li>Za odwo\u0142anie zaj\u0119\u0107 nauczania indywidualnego odpowiada nauczyciel prowadz\u0105cy.<\/li>\n<\/ol>\n","protected":false},"excerpt":{"rendered":"<p>Czas zaj\u0119\u0107 lekcyjnych trwa od pocz\u0105tku pierwszej lekcji do ko\u0144ca ostatniej, zgodnie z planem zaj\u0119\u0107 uczni\u00f3w. Dzwonek rozpoczyna i ko\u0144czy [&hellip;]<\/p>\n","protected":false},"author":1,"featured_media":0,"parent":0,"menu_order":0,"comment_status":"closed","ping_status":"closed","template":"","meta":{"footnotes":""},"class_list":["post-1359","page","type-page","status-publish","hentry","has_no_thumb"],"aioseo_notices":[],"_links":{"self":[{"href":"https:\/\/sp6kwidzyn.pl\/index.php?rest_route=\/wp\/v2\/pages\/1359","targetHints":{"allow":["GET"]}}],"collection":[{"href":"https:\/\/sp6kwidzyn.pl\/index.php?rest_route=\/wp\/v2\/pages"}],"about":[{"href":"https:\/\/sp6kwidzyn.pl\/index.php?rest_route=\/wp\/v2\/types\/page"}],"author":[{"embeddable":true,"href":"https:\/\/sp6kwidzyn.pl\/index.php?rest_route=\/wp\/v2\/users\/1"}],"replies":[{"embeddable":true,"href":"https:\/\/sp6kwidzyn.pl\/index.php?rest_route=%2Fwp%2Fv2%2Fcomments&post=1359"}],"version-history":[{"count":0,"href":"https:\/\/sp6kwidzyn.pl\/index.php?rest_route=\/wp\/v2\/pages\/1359\/revisions"}],"wp:attachment":[{"href":"https:\/\/sp6kwidzyn.pl\/index.php?rest_route=%2Fwp%2Fv2%2Fmedia&parent=1359"}],"curies":[{"name":"wp","href":"https:\/\/api.w.org\/{rel}","templated":true}]}}