{"id":1351,"date":"2019-05-29T23:53:54","date_gmt":"2019-05-29T21:53:54","guid":{"rendered":"http:\/\/sp6kwidzyn.pl\/?page_id=1351"},"modified":"2019-05-29T23:53:54","modified_gmt":"2019-05-29T21:53:54","slug":"zachowanie-bezpieczenstwa-przed-podczas-i-po-lekcji-wychowania-fizycznego","status":"publish","type":"page","link":"https:\/\/sp6kwidzyn.pl\/?page_id=1351","title":{"rendered":"Zachowanie bezpiecze\u0144stwa przed, podczas i po lekcji wychowania fizycznego"},"content":{"rendered":"<ol>\n<li>Lekcje wychowania fizycznego odbywaj\u0105 si\u0119 na szkolnej sali gimnastycznej, hali sportowej, p\u0142ywalni, boisku szkolnym, stadionie miejskim i innych odpowiednio zabezpieczonych i przygotowanych obiektach sportowych KCSiR.<\/li>\n<li>Uczniowie oczekuj\u0105cy na lekcje wychowania fizycznego, znajduj\u0105cy si\u0119 w szatni lub korytarzu wychowania fizycznego, s\u0105 pod opiek\u0105 dy\u017curuj\u0105cego w tym segmencie nauczyciela wychowania fizycznego.<\/li>\n<li>Wchodzenie na hal\u0119 sportow\u0105, na p\u0142ywalni\u0119, do sali gimnastycznej i do salek gimnastycznych podczas przerw czy poza wynikaj\u0105cymi z planu godzinami wychowania fizycznego bez zapewnionej opieki nauczyciela jest surowo zabronione.<\/li>\n<li>Wychodzenie na boisko szkolne w czasie przerw oraz poza wynikaj\u0105cymi z planu godzinami wychowania fizycznego bez zapewnionej opieki nauczyciela jest surowo zabronione.<\/li>\n<li>Podczas przerw mi\u0119dzylekcyjnych drzwi salek gimnastycznych, sali gimnastycznej oraz drzwi prowadz\u0105ce na boisko szkolne s\u0105 zamkni\u0119te.<\/li>\n<li>Grupy \u0107wiczebne mog\u0105 przebywa\u0107 na hali sportowej, na p\u0142ywalni, w sali gimnastycznej i w salkach gimnastycznych oraz na boisku szkolnym tylko w obecno\u015bci nauczyciela.<\/li>\n<li>Uczniowie zobowi\u0105zani s\u0105 przestrzega\u0107 polece\u0144 nauczyciela, dotycz\u0105cych szczeg\u00f3lnie \u0142adu, porz\u0105dku i dyscypliny.<\/li>\n<li>Sprz\u0119t do \u0107wicze\u0144 mo\u017cna rozstawia\u0107 i korzysta\u0107 z niego tylko w obecno\u015bci nauczyciela.<\/li>\n<li>Przybory do \u0107wicze\u0144 mo\u017cna pobiera\u0107 tylko pod nadzorem nauczyciela.<\/li>\n<li>Wszelkie uszkodzenia sprz\u0119tu podczas lekcji nale\u017cy natychmiast zg\u0142osi\u0107 nauczycielowi.<\/li>\n<li>Wspinanie si\u0119 po drabinkach, kopanie pi\u0142ki, korzystanie z przybor\u00f3w i przyrz\u0105d\u00f3w w spos\u00f3b niezgodny z ich przeznaczeniem jest zabronione.<\/li>\n<li>Brutalne zachowanie, krzyki, popychanie jest podczas lekcji wychowania fizycznego s\u0105 surowo zabronione.<\/li>\n<li>Wszystkich \u0107wicz\u0105cych obowi\u0105zuje str\u00f3j i obuwie gimnastyczne dobrane odpowiednio do pory roku i miejsca gdzie odb\u0119dzie si\u0119 lekcja (salki gimnastyczne, hala sportowa, sala gimnastyczna, boisko przyszkolne).<\/li>\n<li>Aktywne uczestnictwo w lekcji w stroju niegimnastycznym jest zabronione.<\/li>\n<li>Uczniowie zwolnieni z wykonywania \u0107wicze\u0144 (brak stroju, zwolnienie lekarskie, zwolnienie od rodzic\u00f3w) pozostaj\u0105 pod opiek\u0105 nauczyciela w salkach gimnastycznych, sali gimnastycznej, na hali sportowej (trybuny) lub na boisku i biernie uczestnicz\u0105 w zaj\u0119ciach.<\/li>\n<li>Uczniowie skar\u017c\u0105cy si\u0119 na z\u0142e samopoczucie s\u0105 zwolnieni z wykonywania \u0107wicze\u0144 i w miar\u0119 potrzeby kierowani do piel\u0119gniarki szkolnej.<\/li>\n<li>Nauczyciel zobowi\u0105zany jest do powiadomienia Dyrektora szko\u0142y o ka\u017cdym powa\u017cnym wypadku.<\/li>\n<li>Ka\u017cde nieszcz\u0119\u015bliwe zdarzenie nale\u017cy odnotowa\u0107 w rejestrze wypadk\u00f3w uczni\u00f3w, kt\u00f3ry znajduje si\u0119 sekretariacie szko\u0142y.<\/li>\n<li>Ucze\u0144 zostaje zwolniony z lekcji wychowania fizycznego do domu tylko na osobist\u0105 lub pisemn\u0105 pro\u015bb\u0119 rodzica, wychowawcy, piel\u0119gniarki szkolnej.<\/li>\n<li>Podczas lekcji wychowania fizycznego ucze\u0144 nie mo\u017ce bez zgody nauczyciela opuszcza\u0107 salek gimnastycznych, sali gimnastycznej lub boiska przyszkolnego.<\/li>\n<li>We wszystkich salkach gimnastycznych i sali gimnastycznej, w widocznych miejscach umieszczone s\u0105 tabliczki ze szczeg\u00f3\u0142owymi zasadami bezpiecznego zachowania.<\/li>\n<\/ol>\n","protected":false},"excerpt":{"rendered":"<p>Lekcje wychowania fizycznego odbywaj\u0105 si\u0119 na szkolnej sali gimnastycznej, hali sportowej, p\u0142ywalni, boisku szkolnym, stadionie miejskim i innych odpowiednio zabezpieczonych [&hellip;]<\/p>\n","protected":false},"author":1,"featured_media":0,"parent":0,"menu_order":0,"comment_status":"closed","ping_status":"closed","template":"","meta":{"footnotes":""},"class_list":["post-1351","page","type-page","status-publish","hentry","has_no_thumb"],"aioseo_notices":[],"_links":{"self":[{"href":"https:\/\/sp6kwidzyn.pl\/index.php?rest_route=\/wp\/v2\/pages\/1351","targetHints":{"allow":["GET"]}}],"collection":[{"href":"https:\/\/sp6kwidzyn.pl\/index.php?rest_route=\/wp\/v2\/pages"}],"about":[{"href":"https:\/\/sp6kwidzyn.pl\/index.php?rest_route=\/wp\/v2\/types\/page"}],"author":[{"embeddable":true,"href":"https:\/\/sp6kwidzyn.pl\/index.php?rest_route=\/wp\/v2\/users\/1"}],"replies":[{"embeddable":true,"href":"https:\/\/sp6kwidzyn.pl\/index.php?rest_route=%2Fwp%2Fv2%2Fcomments&post=1351"}],"version-history":[{"count":0,"href":"https:\/\/sp6kwidzyn.pl\/index.php?rest_route=\/wp\/v2\/pages\/1351\/revisions"}],"wp:attachment":[{"href":"https:\/\/sp6kwidzyn.pl\/index.php?rest_route=%2Fwp%2Fv2%2Fmedia&parent=1351"}],"curies":[{"name":"wp","href":"https:\/\/api.w.org\/{rel}","templated":true}]}}