{"id":1348,"date":"2019-05-29T23:53:01","date_gmt":"2019-05-29T21:53:01","guid":{"rendered":"http:\/\/sp6kwidzyn.pl\/?page_id=1348"},"modified":"2019-05-29T23:53:01","modified_gmt":"2019-05-29T21:53:01","slug":"bezpieczne-uzytkowanie-sprzetu-sportowego","status":"publish","type":"page","link":"https:\/\/sp6kwidzyn.pl\/?page_id=1348","title":{"rendered":"Bezpieczne u\u017cytkowanie sprz\u0119tu sportowego."},"content":{"rendered":"<ol>\n<li>\u0106wiczenia prowadzone s\u0105 z zastosowaniem metod i urz\u0105dze\u0144 zapewniaj\u0105cych pe\u0142ne bezpiecze\u0144stwo \u0107wicz\u0105cych.<\/li>\n<li>Kosze do gry oraz inne urz\u0105dzenia, kt\u00f3rych przemieszczenie si\u0119 mo\u017ce stanowi\u0107 zagro\u017cenie dla zdrowia \u0107wicz\u0105cych s\u0105 mocowane na sta\u0142e.<\/li>\n<li>Stan techniczny urz\u0105dze\u0144 i sprz\u0119tu sportowego sprawdza si\u0119 przed ka\u017cdymi zaj\u0119ciami.<\/li>\n<li>W salach i na boiskach oraz w miejscach wyznaczonych do uprawiania \u0107wicze\u0144 fizycznych, gier i zabaw umieszcza si\u0119 tablice informacyjne, okre\u015blaj\u0105ce zasady bezpiecznego u\u017cytkowania urz\u0105dze\u0144 i sprz\u0119tu sportowego.<\/li>\n<li>Prowadz\u0105cy zaj\u0119cia zapoznaje bior\u0105cych w nich udzia\u0142 z zasadami bezpiecznego wykonywania \u0107wicze\u0144 oraz uczestniczenia w grach i zabawach.<\/li>\n<li>Niedopuszczalne jest wydawanie uczniom sprz\u0119tu, kt\u00f3rego u\u017cycie mo\u017ce stworzy\u0107 zagro\u017cenie dla zdrowia lub \u017cycia.<\/li>\n<li>Korzystanie ze sprz\u0119tu sportowego mo\u017ce odbywa\u0107 si\u0119 wy\u0142\u0105cznie pod opiek\u0105 nauczyciela.<\/li>\n<li>Korzysta\u0107 ze sprz\u0119tu nale\u017cy wy\u0142\u0105cznie zgodnie z jego przeznaczeniem.<\/li>\n<li>Nauczyciele wychowania fizycznego informuj\u0105 uczni\u00f3w na pocz\u0105tku roku szkolnego o zasadach bezpiecze\u0144stwa na lekcjach oraz korzystania ze sprz\u0119tu sportowego. Maj\u0105 obowi\u0105zek podania takiej informacji tak\u017ce podczas lekcji z wykorzystaniem sprz\u0119tu sportowego.<\/li>\n<li>Bez zgody nauczyciela wychowania fizycznego zabrania si\u0119 wynoszenia poza teren szko\u0142y sprz\u0119tu i urz\u0105dze\u0144 stanowi\u0105cych wyposa\u017cenie obiektu sportowego.<\/li>\n<li>Wszelkie celowe uszkodzenia sprz\u0119tu, urz\u0105dze\u0144 i wyposa\u017cenia przez ucznia b\u0119d\u0105 usuwane na koszt rodzic\u00f3w lub prawnych opiekun\u00f3w dziecka,<\/li>\n<li>Osobami powo\u0142anymi do egzekwowania przepis\u00f3w powy\u017cszego regulaminu s\u0105 nauczyciele wychowania fizycznego tutejszej szko\u0142y oraz jej dyrektor.<\/li>\n<\/ol>\n","protected":false},"excerpt":{"rendered":"<p>\u0106wiczenia prowadzone s\u0105 z zastosowaniem metod i urz\u0105dze\u0144 zapewniaj\u0105cych pe\u0142ne bezpiecze\u0144stwo \u0107wicz\u0105cych. Kosze do gry oraz inne urz\u0105dzenia, kt\u00f3rych przemieszczenie [&hellip;]<\/p>\n","protected":false},"author":1,"featured_media":0,"parent":0,"menu_order":0,"comment_status":"closed","ping_status":"closed","template":"","meta":{"footnotes":""},"class_list":["post-1348","page","type-page","status-publish","hentry","has_no_thumb"],"aioseo_notices":[],"_links":{"self":[{"href":"https:\/\/sp6kwidzyn.pl\/index.php?rest_route=\/wp\/v2\/pages\/1348","targetHints":{"allow":["GET"]}}],"collection":[{"href":"https:\/\/sp6kwidzyn.pl\/index.php?rest_route=\/wp\/v2\/pages"}],"about":[{"href":"https:\/\/sp6kwidzyn.pl\/index.php?rest_route=\/wp\/v2\/types\/page"}],"author":[{"embeddable":true,"href":"https:\/\/sp6kwidzyn.pl\/index.php?rest_route=\/wp\/v2\/users\/1"}],"replies":[{"embeddable":true,"href":"https:\/\/sp6kwidzyn.pl\/index.php?rest_route=%2Fwp%2Fv2%2Fcomments&post=1348"}],"version-history":[{"count":1,"href":"https:\/\/sp6kwidzyn.pl\/index.php?rest_route=\/wp\/v2\/pages\/1348\/revisions"}],"predecessor-version":[{"id":6745,"href":"https:\/\/sp6kwidzyn.pl\/index.php?rest_route=\/wp\/v2\/pages\/1348\/revisions\/6745"}],"wp:attachment":[{"href":"https:\/\/sp6kwidzyn.pl\/index.php?rest_route=%2Fwp%2Fv2%2Fmedia&parent=1348"}],"curies":[{"name":"wp","href":"https:\/\/api.w.org\/{rel}","templated":true}]}}