{"id":1333,"date":"2019-05-29T23:47:20","date_gmt":"2019-05-29T21:47:20","guid":{"rendered":"http:\/\/sp6kwidzyn.pl\/?page_id=1333"},"modified":"2019-05-29T23:47:20","modified_gmt":"2019-05-29T21:47:20","slug":"zasady-zachowania-i-przebywania-ucznia-na-terenie-szkoly-w-czasie-trwania-i-po-zakonczeniu-zajec","status":"publish","type":"page","link":"https:\/\/sp6kwidzyn.pl\/?page_id=1333","title":{"rendered":"Zasady zachowania i przebywania ucznia na terenie szko\u0142y w czasie trwania i po zako\u0144czeniu zaj\u0119\u0107."},"content":{"rendered":"<ol>\n<li>Ucze\u0144 mo\u017ce przebywa\u0107 na terenie obiektu szko\u0142y w czasie trwania zaj\u0119\u0107 szkolnych (10 minut przed rozpocz\u0119ciem pierwszej lekcji i do 10 minut po zako\u0144czeniu swoich zaj\u0119\u0107).<\/li>\n<li>Uczniowie, kt\u00f3rzy s\u0105 cz\u0142onkami k\u00f3\u0142 zainteresowa\u0144 zaj\u0119\u0107 sportowych mog\u0105 przebywa\u0107 na terenie szko\u0142y w uzgodnieniu z nauczycielem prowadz\u0105cym dane zaj\u0119cia.<\/li>\n<li>W uzasadnionych przypadkach uczniowie mog\u0105 przebywa\u0107 w szkole tylko za zgod\u0105 dyrektora.<\/li>\n<li>Uczniowie przebywaj\u0105cy na terenie obiektu szkolnego zobowi\u0105zani s\u0105 do przestrzegania tygodniowego planu zaj\u0119\u0107 w szczeg\u00f3lno\u015bci do punktualnego rozpoczynania zaj\u0119\u0107.<\/li>\n<li>W czasie przerw mi\u0119dzy lekcjami przy sprzyjaj\u0105cych warunkach pogodowych uczniowie opuszczaj\u0105 budynek szkolny i przebywaj\u0105 na boisku szkolnym pod opiek\u0105 pe\u0142ni\u0105cego dy\u017cur nauczyciela. Gdy pogoda jest niesprzyjaj\u0105ca \u2013 przebywaj\u0105 na korytarzach szkolnych. Polecenie wyj\u015bcia na boisko sygnalizuje zielone \u015bwiat\u0142o, a zakaz wyj\u015bcia czerwone \u015bwiat\u0142o umieszczone na dy\u017curce szkolnej.<\/li>\n<li>Po przyj\u015bciu do szko\u0142y ucze\u0144 pozostawia w szafce okrycie wierzchnie i zmienia obuwie w okresach og\u0142oszonych zarz\u0105dzeniem dyrektora szko\u0142y.<\/li>\n<li>W czasie od rozpocz\u0119cia zaj\u0119\u0107 do ich zako\u0144czenia ucze\u0144 nie mo\u017ce opuszcza\u0107 terenu szko\u0142y.<\/li>\n<li>Uczniowie, kt\u00f3rzy nie ucz\u0119szczaj\u0105 na lekcje religii mog\u0105 by\u0107 zwalniani z lekcji po uprzednim pisemnym o\u015bwiadczeniu rodzic\u00f3w lub prawnych opiekun\u00f3w i przebywaj\u0105 w miejscu wyznaczonym przez wychowawc\u0119 (\u015bwietlica lub biblioteka). W przypadku, gdy lekcja ta jest pierwsz\u0105 lub ostatni\u0105 godzin\u0105 w planie, na wniosek rodzica ucze\u0144 mo\u017ce przyj\u015b\u0107 do szko\u0142y na kolejn\u0105 godzin\u0119 i wr\u00f3ci\u0107 do domu o godzin\u0119 szybciej, po sko\u0144czonych zaj\u0119ciach.<\/li>\n<li>Je\u017celi zaj\u0119cia edukacyjne wymagaj\u0105 opuszczenia terenu szko\u0142y uczniowie wychodz\u0105 na zewn\u0105trz pod opiek\u0105 prowadz\u0105cego zaj\u0119cia nauczyciela.<\/li>\n<li>Nauczyciel wyznacza godzin\u0119 i miejsce spotkania przed wyj\u015bciem poza teren szko\u0142y (np. wycieczki, rajdy, biwaki, kino).<\/li>\n<li>Co najmniej 3 dni przed planowan\u0105 wycieczk\u0105, nauczyciel wype\u0142nia \u201eKart\u0119 wycieczki\u201d zgodnie z regulaminem wycieczek.<\/li>\n<li>Na wycieczce szkolnej ucze\u0144 stosuje si\u0119 do Regulaminu Wycieczek Szkolnych i godnie reprezentuje szko\u0142\u0119.<\/li>\n<li>Wszystkie imprezy organizowane na terenie szko\u0142y po zako\u0144czeniu zaj\u0119\u0107 lekcyjnych mog\u0105 odbywa\u0107 si\u0119 jedynie za pozwoleniem dyrektora szko\u0142y.<\/li>\n<li>Zabrania si\u0119 wnoszenia na teren szko\u0142y papieros\u00f3w i innych u\u017cywek, niebezpiecznych przedmiot\u00f3w, substancji \u0142atwopalnych oraz lek\u00f3w (<u>uwaga: leki mog\u0105 by\u0107 u\u017cywane tylko w przypadku pisemnej informacji rodzic\u00f3w o konieczno\u015bci ich stosowania<\/u>).<\/li>\n<li>Uczniowie zobowi\u0105zani s\u0105 do poszanowania maj\u0105tku szkolnego i dbania o\u00a0czysto\u015b\u0107 i estetyk\u0119 pomieszcze\u0144 oraz teren\u00f3w wok\u00f3\u0142 szko\u0142y, utrzymania czysto\u015bci i higieny w sanitariatach.<\/li>\n<li>Dla zachowania bezpiecze\u0144stwa w czasie przerw obowi\u0105zuje ruch prawostronny zakaz biegania na korytarzach szkolnych, na klatkach schodowych.<\/li>\n<li>W przypadku zagro\u017cenia po\u017carowego i og\u0142oszenia akcji ewakuacyjnej uczniowie zobowi\u0105zani s\u0105 zachowa\u0107 spok\u00f3j podporz\u0105dkowanie si\u0119 poleceniom nauczyciela lub kieruj\u0105cego akcj\u0105 ewakuacyjn\u0105.<\/li>\n<li>Na terenie szko\u0142y obowi\u0105zuje zakaz korzystania z telefon\u00f3w kom\u00f3rkowych. W sytuacjach koniecznych szko\u0142a umo\u017cliwia uczniom skorzystanie z telefonu w sekretariacie szko\u0142y.<\/li>\n<\/ol>\n","protected":false},"excerpt":{"rendered":"<p>Ucze\u0144 mo\u017ce przebywa\u0107 na terenie obiektu szko\u0142y w czasie trwania zaj\u0119\u0107 szkolnych (10 minut przed rozpocz\u0119ciem pierwszej lekcji i do [&hellip;]<\/p>\n","protected":false},"author":1,"featured_media":0,"parent":0,"menu_order":0,"comment_status":"closed","ping_status":"closed","template":"","meta":{"footnotes":""},"class_list":["post-1333","page","type-page","status-publish","hentry","has_no_thumb"],"aioseo_notices":[],"_links":{"self":[{"href":"https:\/\/sp6kwidzyn.pl\/index.php?rest_route=\/wp\/v2\/pages\/1333","targetHints":{"allow":["GET"]}}],"collection":[{"href":"https:\/\/sp6kwidzyn.pl\/index.php?rest_route=\/wp\/v2\/pages"}],"about":[{"href":"https:\/\/sp6kwidzyn.pl\/index.php?rest_route=\/wp\/v2\/types\/page"}],"author":[{"embeddable":true,"href":"https:\/\/sp6kwidzyn.pl\/index.php?rest_route=\/wp\/v2\/users\/1"}],"replies":[{"embeddable":true,"href":"https:\/\/sp6kwidzyn.pl\/index.php?rest_route=%2Fwp%2Fv2%2Fcomments&post=1333"}],"version-history":[{"count":0,"href":"https:\/\/sp6kwidzyn.pl\/index.php?rest_route=\/wp\/v2\/pages\/1333\/revisions"}],"wp:attachment":[{"href":"https:\/\/sp6kwidzyn.pl\/index.php?rest_route=%2Fwp%2Fv2%2Fmedia&parent=1333"}],"curies":[{"name":"wp","href":"https:\/\/api.w.org\/{rel}","templated":true}]}}