{"id":1326,"date":"2019-05-29T23:44:19","date_gmt":"2019-05-29T21:44:19","guid":{"rendered":"http:\/\/sp6kwidzyn.pl\/?page_id=1326"},"modified":"2019-05-29T23:44:19","modified_gmt":"2019-05-29T21:44:19","slug":"procedura-postepowania-w-przypadku-podejrzenia-falszowania-oswiadczen","status":"publish","type":"page","link":"https:\/\/sp6kwidzyn.pl\/?page_id=1326","title":{"rendered":"Procedura post\u0119powania w przypadku podejrzenia fa\u0142szowania o\u015bwiadcze\u0144"},"content":{"rendered":"<ol>\n<li>Powiadomi\u0107 wychowawc\u0119.<\/li>\n<li>Telefonicznie lub w razie potrzeby pisemnie powiadomi\u0107 rodzic\u00f3w\/opiekun\u00f3w prawnych; zaprosi\u0107 do wsp\u00f3\u0142pracy nad rozwi\u0105zaniem problemu.<\/li>\n<li>Przeprowadzi\u0107 rozmow\u0119 z dzieckiem i rodzicami, udokumentowa\u0107 rozmow\u0119,\u00a0 w tym ewentualnie spisa\u0107 kontrakt.<\/li>\n<\/ol>\n","protected":false},"excerpt":{"rendered":"<p>Powiadomi\u0107 wychowawc\u0119. Telefonicznie lub w razie potrzeby pisemnie powiadomi\u0107 rodzic\u00f3w\/opiekun\u00f3w prawnych; zaprosi\u0107 do wsp\u00f3\u0142pracy nad rozwi\u0105zaniem problemu. Przeprowadzi\u0107 rozmow\u0119 z [&hellip;]<\/p>\n","protected":false},"author":1,"featured_media":0,"parent":0,"menu_order":0,"comment_status":"closed","ping_status":"closed","template":"","meta":{"footnotes":""},"class_list":["post-1326","page","type-page","status-publish","hentry","has_no_thumb"],"aioseo_notices":[],"_links":{"self":[{"href":"https:\/\/sp6kwidzyn.pl\/index.php?rest_route=\/wp\/v2\/pages\/1326","targetHints":{"allow":["GET"]}}],"collection":[{"href":"https:\/\/sp6kwidzyn.pl\/index.php?rest_route=\/wp\/v2\/pages"}],"about":[{"href":"https:\/\/sp6kwidzyn.pl\/index.php?rest_route=\/wp\/v2\/types\/page"}],"author":[{"embeddable":true,"href":"https:\/\/sp6kwidzyn.pl\/index.php?rest_route=\/wp\/v2\/users\/1"}],"replies":[{"embeddable":true,"href":"https:\/\/sp6kwidzyn.pl\/index.php?rest_route=%2Fwp%2Fv2%2Fcomments&post=1326"}],"version-history":[{"count":0,"href":"https:\/\/sp6kwidzyn.pl\/index.php?rest_route=\/wp\/v2\/pages\/1326\/revisions"}],"wp:attachment":[{"href":"https:\/\/sp6kwidzyn.pl\/index.php?rest_route=%2Fwp%2Fv2%2Fmedia&parent=1326"}],"curies":[{"name":"wp","href":"https:\/\/api.w.org\/{rel}","templated":true}]}}