{"id":1323,"date":"2019-05-29T23:42:03","date_gmt":"2019-05-29T21:42:03","guid":{"rendered":"http:\/\/sp6kwidzyn.pl\/?page_id=1323"},"modified":"2019-05-29T23:42:03","modified_gmt":"2019-05-29T21:42:03","slug":"procedura-postepowania-w-przypadku-podejrzenia-o-zazywaniu-uzywek-gdy-uczen-jest-w-stanie-wskazujacym-na-uzycie-alkoholu-narkotykow-lub-innych-srodkow-psychoaktywnych","status":"publish","type":"page","link":"https:\/\/sp6kwidzyn.pl\/?page_id=1323","title":{"rendered":"Procedura post\u0119powania w przypadku podejrzenia o za\u017cywaniu u\u017cywek, gdy ucze\u0144 jest w stanie wskazuj\u0105cym na u\u017cycie alkoholu, narkotyk\u00f3w lub innych \u015brodk\u00f3w psychoaktywnych"},"content":{"rendered":"<ol>\n<li>Zapewni\u0107 bezpiecze\u0144stwo przez odizolowanie.<\/li>\n<li>W miar\u0119 mo\u017cliwo\u015bci ustali\u0107, jak\u0105 substancj\u0119 dziecko za\u017cy\u0142o, w jakiej ilo\u015bci, kiedy i kt\u00f3ry raz si\u0119 to zdarzy\u0142o oraz jakie jest jej \u017ar\u00f3d\u0142o pochodzenia.<\/li>\n<li>Wezwa\u0107 pogotowie ratunkowe (nr 999) i poda\u0107 ustalone informacje.<\/li>\n<li>Udzieli\u0107 pierwszej pomocy &#8211; powiadomi\u0107 wychowawc\u0119 klasy, pedagoga szkolnego\u00a0 i dyrekcj\u0119 szko\u0142y.<\/li>\n<li>Powiadomi\u0107 Policj\u0119 (nr\u00a0 997 lub rejonowy komisariat) i poda\u0107 ustalone informacje\u00a0\u00a0 (o dalszym post\u0119powaniu wobec dziecka decyduje lekarz, nie rodzic, nauczyciel\u00a0 ani Policja; do czasu ewentualnego przyjazdu rodzic\u00f3w piecz\u0119 nad dzieckiem sprawuje nauczyciel).<\/li>\n<li>Telefonicznie powiadomi\u0107 rodzic\u00f3w lub opiekun\u00f3w prawnych; zaprosi\u0107 do wsp\u00f3\u0142pracy nad rozwi\u0105zaniem problemu.<\/li>\n<li>Wsp\u00f3\u0142pracowa\u0107 z Policj\u0105, kt\u00f3ra podejmuje dalsze czynno\u015bci i ewentualnie kieruje materia\u0142y do s\u0105du rodzinnego.<\/li>\n<li>Przeprowadzi\u0107 rozmow\u0119 z dzieckiem i rodzicami, udokumentowa\u0107 rozmow\u0119,\u00a0\u00a0 w tym ewentualnie spisa\u0107 kontrakt.<\/li>\n<li>Obj\u0105\u0107 problem prac\u0105 \u201ezespo\u0142u wychowawczego\u201d (pracownicy szko\u0142y, pracownik socjalny, dzielnicowy, kurator s\u0105dowy, je\u015bli rodzina obj\u0119ta jest nadzorem i inni)\u00a0\u00a0 oraz wsp\u00f3\u0142pracowa\u0107 z organizacjami specjalistycznymi, w tym pozarz\u0105dowymi (poradnie, \u015bwietlice, o\u015brodki wsparcia i interwencji kryzysowej); dokumentowa\u0107 prac\u0119.<\/li>\n<li>Powiadomi\u0107 organy nadzoru i tworzy\u0107 dokumentacj\u0119 zwi\u0105zan\u0105 ze zdarzeniem.<\/li>\n<\/ol>\n","protected":false},"excerpt":{"rendered":"<p>Zapewni\u0107 bezpiecze\u0144stwo przez odizolowanie. W miar\u0119 mo\u017cliwo\u015bci ustali\u0107, jak\u0105 substancj\u0119 dziecko za\u017cy\u0142o, w jakiej ilo\u015bci, kiedy i kt\u00f3ry raz si\u0119 [&hellip;]<\/p>\n","protected":false},"author":1,"featured_media":0,"parent":0,"menu_order":0,"comment_status":"closed","ping_status":"closed","template":"","meta":{"footnotes":""},"class_list":["post-1323","page","type-page","status-publish","hentry","has_no_thumb"],"aioseo_notices":[],"_links":{"self":[{"href":"https:\/\/sp6kwidzyn.pl\/index.php?rest_route=\/wp\/v2\/pages\/1323","targetHints":{"allow":["GET"]}}],"collection":[{"href":"https:\/\/sp6kwidzyn.pl\/index.php?rest_route=\/wp\/v2\/pages"}],"about":[{"href":"https:\/\/sp6kwidzyn.pl\/index.php?rest_route=\/wp\/v2\/types\/page"}],"author":[{"embeddable":true,"href":"https:\/\/sp6kwidzyn.pl\/index.php?rest_route=\/wp\/v2\/users\/1"}],"replies":[{"embeddable":true,"href":"https:\/\/sp6kwidzyn.pl\/index.php?rest_route=%2Fwp%2Fv2%2Fcomments&post=1323"}],"version-history":[{"count":0,"href":"https:\/\/sp6kwidzyn.pl\/index.php?rest_route=\/wp\/v2\/pages\/1323\/revisions"}],"wp:attachment":[{"href":"https:\/\/sp6kwidzyn.pl\/index.php?rest_route=%2Fwp%2Fv2%2Fmedia&parent=1323"}],"curies":[{"name":"wp","href":"https:\/\/api.w.org\/{rel}","templated":true}]}}