{"id":1320,"date":"2019-05-29T23:40:49","date_gmt":"2019-05-29T21:40:49","guid":{"rendered":"http:\/\/sp6kwidzyn.pl\/?page_id=1320"},"modified":"2019-05-29T23:40:49","modified_gmt":"2019-05-29T21:40:49","slug":"procedura-postepowania-w-przypadku-posiadania-niebezpiecznych-przedmiotow-typu-kij-bejsbolowy-baseballowy-noz-przedmioty-przypominajace-bron-palna-gaz-itd-w-szkole","status":"publish","type":"page","link":"https:\/\/sp6kwidzyn.pl\/?page_id=1320","title":{"rendered":"Procedura post\u0119powania w przypadku posiadania niebezpiecznych przedmiot\u00f3w typu: kij bejsbolowy (baseballowy), n\u00f3\u017c, przedmioty przypominaj\u0105ce bro\u0144 paln\u0105, gaz itd. w szkole"},"content":{"rendered":"<ol>\n<li>Je\u017celi substancja lub przedmiot mo\u017ce spowodowa\u0107 powszechne zagro\u017cenie, ewakuowa\u0107 szko\u0142\u0119 wg przyj\u0119tych procedur.<\/li>\n<li>Je\u017celi substancja lub przedmiot stanowi istotne zagro\u017cenie dla \u017cycia lub zdrowi (np. bro\u0144), nale\u017cy je odebra\u0107. Je\u017celi odebranie wymaga przeszukania, odizolowa\u0107 dziecko, sprawowa\u0107 nad nim piecz\u0119 i wezwa\u0107 Policj\u0119 (nr 997; pracownik o\u015bwiaty nie ma prawa dokona\u0107 przeszukania; prawo takie posiada mi\u0119dzy innymi Policja).<\/li>\n<li>W uzasadnionych przypadkach wezwa\u0107 Policj\u0119, pogotowie ratunkowe (nr\u00a0 99\u00a0\u00a0 lub inne s\u0142u\u017cby specjalistyczne (np. pogotowie gazowe, energetyczne, wodoci\u0105gowe, Stra\u017c Po\u017carn\u0105).<\/li>\n<li>Powiadomi\u0107 wychowawc\u0119 klasy, pedagoga szkolnego i dyrekcj\u0119 szko\u0142y.<\/li>\n<li>Powiadomi\u0107 rodzic\u00f3w\/prawnych opiekun\u00f3w sprawc\u00f3w i ofiar (do czasu przyjazdu rodzic\u00f3w\/prawnych opiekun\u00f3w lub Policji, piecz\u0119 nad dzieckiem sprawuje nauczyciel. Po ewentualnym przyje\u017adzie Policji dostosowa\u0107 si\u0119 do polece\u0144 funkcjonariuszy).<\/li>\n<\/ol>\n","protected":false},"excerpt":{"rendered":"<p>Je\u017celi substancja lub przedmiot mo\u017ce spowodowa\u0107 powszechne zagro\u017cenie, ewakuowa\u0107 szko\u0142\u0119 wg przyj\u0119tych procedur. Je\u017celi substancja lub przedmiot stanowi istotne zagro\u017cenie [&hellip;]<\/p>\n","protected":false},"author":1,"featured_media":0,"parent":0,"menu_order":0,"comment_status":"closed","ping_status":"closed","template":"","meta":{"footnotes":""},"class_list":["post-1320","page","type-page","status-publish","hentry","has_no_thumb"],"aioseo_notices":[],"_links":{"self":[{"href":"https:\/\/sp6kwidzyn.pl\/index.php?rest_route=\/wp\/v2\/pages\/1320","targetHints":{"allow":["GET"]}}],"collection":[{"href":"https:\/\/sp6kwidzyn.pl\/index.php?rest_route=\/wp\/v2\/pages"}],"about":[{"href":"https:\/\/sp6kwidzyn.pl\/index.php?rest_route=\/wp\/v2\/types\/page"}],"author":[{"embeddable":true,"href":"https:\/\/sp6kwidzyn.pl\/index.php?rest_route=\/wp\/v2\/users\/1"}],"replies":[{"embeddable":true,"href":"https:\/\/sp6kwidzyn.pl\/index.php?rest_route=%2Fwp%2Fv2%2Fcomments&post=1320"}],"version-history":[{"count":0,"href":"https:\/\/sp6kwidzyn.pl\/index.php?rest_route=\/wp\/v2\/pages\/1320\/revisions"}],"wp:attachment":[{"href":"https:\/\/sp6kwidzyn.pl\/index.php?rest_route=%2Fwp%2Fv2%2Fmedia&parent=1320"}],"curies":[{"name":"wp","href":"https:\/\/api.w.org\/{rel}","templated":true}]}}