{"id":1317,"date":"2019-05-29T23:39:37","date_gmt":"2019-05-29T21:39:37","guid":{"rendered":"http:\/\/sp6kwidzyn.pl\/?page_id=1317"},"modified":"2019-05-29T23:39:37","modified_gmt":"2019-05-29T21:39:37","slug":"procedura-postepowania-w-przypadku-agresywnego-zachowania-ucznia-wobec-pracownikow-szkoly-rodzicow-lub-opiekunow","status":"publish","type":"page","link":"https:\/\/sp6kwidzyn.pl\/?page_id=1317","title":{"rendered":"Procedura post\u0119powania w przypadku agresywnego zachowania ucznia wobec pracownik\u00f3w szko\u0142y, rodzic\u00f3w lub opiekun\u00f3w."},"content":{"rendered":"<ol>\n<li>Powiadomi\u0107 Policj\u0119 (numer 997) lub Stra\u017c Miejsk\u0105 (numer 986).<\/li>\n<li>Poinformowa\u0107 pisemnie dzielnicowego i s\u0105d rodzinny wraz z przekazaniem kompletu dokument\u00f3w.<\/li>\n<li>Powy\u017csze informacje przes\u0142a\u0107 tak\u017ce do wiadomo\u015bci w\u0142a\u015bciwego o\u015brodka pomocy spo\u0142ecznej.<\/li>\n<\/ol>\n","protected":false},"excerpt":{"rendered":"<p>Powiadomi\u0107 Policj\u0119 (numer 997) lub Stra\u017c Miejsk\u0105 (numer 986). Poinformowa\u0107 pisemnie dzielnicowego i s\u0105d rodzinny wraz z przekazaniem kompletu dokument\u00f3w. [&hellip;]<\/p>\n","protected":false},"author":1,"featured_media":0,"parent":0,"menu_order":0,"comment_status":"closed","ping_status":"closed","template":"","meta":{"footnotes":""},"class_list":["post-1317","page","type-page","status-publish","hentry","has_no_thumb"],"aioseo_notices":[],"_links":{"self":[{"href":"https:\/\/sp6kwidzyn.pl\/index.php?rest_route=\/wp\/v2\/pages\/1317","targetHints":{"allow":["GET"]}}],"collection":[{"href":"https:\/\/sp6kwidzyn.pl\/index.php?rest_route=\/wp\/v2\/pages"}],"about":[{"href":"https:\/\/sp6kwidzyn.pl\/index.php?rest_route=\/wp\/v2\/types\/page"}],"author":[{"embeddable":true,"href":"https:\/\/sp6kwidzyn.pl\/index.php?rest_route=\/wp\/v2\/users\/1"}],"replies":[{"embeddable":true,"href":"https:\/\/sp6kwidzyn.pl\/index.php?rest_route=%2Fwp%2Fv2%2Fcomments&post=1317"}],"version-history":[{"count":0,"href":"https:\/\/sp6kwidzyn.pl\/index.php?rest_route=\/wp\/v2\/pages\/1317\/revisions"}],"wp:attachment":[{"href":"https:\/\/sp6kwidzyn.pl\/index.php?rest_route=%2Fwp%2Fv2%2Fmedia&parent=1317"}],"curies":[{"name":"wp","href":"https:\/\/api.w.org\/{rel}","templated":true}]}}