{"id":1314,"date":"2019-05-29T23:38:34","date_gmt":"2019-05-29T21:38:34","guid":{"rendered":"http:\/\/sp6kwidzyn.pl\/?page_id=1314"},"modified":"2019-05-29T23:38:34","modified_gmt":"2019-05-29T21:38:34","slug":"procedura-postepowania-nauczyciela-z-uczniem-sprawiajacym-trudnosci-wychowawcze","status":"publish","type":"page","link":"https:\/\/sp6kwidzyn.pl\/?page_id=1314","title":{"rendered":"Procedura post\u0119powania nauczyciela z uczniem sprawiaj\u0105cym trudno\u015bci wychowawcze."},"content":{"rendered":"<ol>\n<li>Nauczyciel \u2013 wychowawca ma obowi\u0105zek przeprowadzenia diagnozy sytuacji szkolnej i rodzinnej uczni\u00f3w na pocz\u0105tku roku szkolnego.<\/li>\n<li>Podj\u0105\u0107 dzia\u0142ania wychowawcze zmierzaj\u0105ce do rozwi\u0105zania problem\u00f3w szkolnych ucznia.<\/li>\n<li>Specjalista szkolny przeprowadza diagnoz\u0119 problem\u00f3w wychowawczych i emocjonalnych ucznia.<\/li>\n<li>Nauczyciel informuje rodzica o istniej\u0105cych trudno\u015bciach i zapoznaje go ze swoim planem dzia\u0142a\u0144, jednocze\u015bnie zobowi\u0105zuje rodzica do rzetelnej wsp\u00f3\u0142pracy.<\/li>\n<li>Wychowawca wyst\u0119puje do rodzica o zgod\u0119 na przeprowadzenie bada\u0144 w Poradni Psychologiczno- Pedagogicznej, rzetelnie informuj\u0105c rodzica o znaczeniu opinii w dalszej edukacji ucznia.<\/li>\n<li>W przypadku braku zgody rodzica na przeprowadzenie bada\u0144 w poradni, gdy zachowanie o ucznia mo\u017ce stwarza\u0107 zagro\u017cenie bezpiecze\u0144stwa, nauczyciel post\u0119puje zgodnie z procedur\u0105 dotycz\u0105c\u0105 post\u0119powania z uczniem agresywnym.<\/li>\n<li>Zaistnia\u0142e sytuacje, podj\u0119te kroki i ich efekty nale\u017cy om\u00f3wi\u0107 na spotkaniach zespo\u0142u wychowawczego, WODN ewentualnie Rady Pedagogicznej.<\/li>\n<\/ol>\n","protected":false},"excerpt":{"rendered":"<p>Nauczyciel \u2013 wychowawca ma obowi\u0105zek przeprowadzenia diagnozy sytuacji szkolnej i rodzinnej uczni\u00f3w na pocz\u0105tku roku szkolnego. Podj\u0105\u0107 dzia\u0142ania wychowawcze zmierzaj\u0105ce [&hellip;]<\/p>\n","protected":false},"author":1,"featured_media":0,"parent":0,"menu_order":0,"comment_status":"closed","ping_status":"closed","template":"","meta":{"footnotes":""},"class_list":["post-1314","page","type-page","status-publish","hentry","has_no_thumb"],"aioseo_notices":[],"_links":{"self":[{"href":"https:\/\/sp6kwidzyn.pl\/index.php?rest_route=\/wp\/v2\/pages\/1314","targetHints":{"allow":["GET"]}}],"collection":[{"href":"https:\/\/sp6kwidzyn.pl\/index.php?rest_route=\/wp\/v2\/pages"}],"about":[{"href":"https:\/\/sp6kwidzyn.pl\/index.php?rest_route=\/wp\/v2\/types\/page"}],"author":[{"embeddable":true,"href":"https:\/\/sp6kwidzyn.pl\/index.php?rest_route=\/wp\/v2\/users\/1"}],"replies":[{"embeddable":true,"href":"https:\/\/sp6kwidzyn.pl\/index.php?rest_route=%2Fwp%2Fv2%2Fcomments&post=1314"}],"version-history":[{"count":0,"href":"https:\/\/sp6kwidzyn.pl\/index.php?rest_route=\/wp\/v2\/pages\/1314\/revisions"}],"wp:attachment":[{"href":"https:\/\/sp6kwidzyn.pl\/index.php?rest_route=%2Fwp%2Fv2%2Fmedia&parent=1314"}],"curies":[{"name":"wp","href":"https:\/\/api.w.org\/{rel}","templated":true}]}}