{"id":1311,"date":"2019-05-29T23:37:34","date_gmt":"2019-05-29T21:37:34","guid":{"rendered":"http:\/\/sp6kwidzyn.pl\/?page_id=1311"},"modified":"2019-05-29T23:37:34","modified_gmt":"2019-05-29T21:37:34","slug":"procedury-postepowania-w-przypadku-przyniesienia-przez-ucznia-alkoholu-do-szkoly","status":"publish","type":"page","link":"https:\/\/sp6kwidzyn.pl\/?page_id=1311","title":{"rendered":"Procedury post\u0119powania w przypadku przyniesienia przez ucznia alkoholu do szko\u0142y."},"content":{"rendered":"<ol>\n<li>Odebranie uczniowi alkoholu.<\/li>\n<li>Ocena stanu trze\u017awo\u015bci ucznia( na podstawie zachowania \u2013 nale\u017cy odnie\u015b\u0107 si\u0119 do zwyczajowego zachowania si\u0119 ucznia).<\/li>\n<li>Zawiadomienie Dyrekcji o zaistnia\u0142ym incydencie.<\/li>\n<li>Rozmowa wychowawcy lub nauczyciela interweniuj\u0105cego z uczniem (o ile jest to mo\u017cliwe, ustalenie pochodzenia alkoholu), ewentualnie os\u00f3b, kt\u00f3re po\u015bredniczy\u0142y w\u00a0zakupie alkoholu.<\/li>\n<li>Wezwanie rodzic\u00f3w (prawnych opiekun\u00f3w) do szko\u0142y. Rozmowa wychowawcy, nauczyciela interweniuj\u0105cego lub Dyrektora z rodzicami (prawnymi opiekunami) ucznia.<\/li>\n<li>Sporz\u0105dzenie notatki o przyniesieniu przez dziecko alkoholu \u2013 notatk\u0119 podpisuj\u0105 rodzice ucznia.<\/li>\n<li>Poinformowanie o sankcjach zgodnie ze Statutem i w porozumieniu z\u00a0Dyrektorem. W sytuacji powt\u00f3rzenia si\u0119 zachowania informacja zostaje przekazana do S\u0105du Rodzinnego.<\/li>\n<li>Obj\u0119cie ucznia pomoc\u0105 psychologiczno \u2013 pedagogiczn\u0105 przez specjalist\u0119 szkolnego.<\/li>\n<\/ol>\n","protected":false},"excerpt":{"rendered":"<p>Odebranie uczniowi alkoholu. Ocena stanu trze\u017awo\u015bci ucznia( na podstawie zachowania \u2013 nale\u017cy odnie\u015b\u0107 si\u0119 do zwyczajowego zachowania si\u0119 ucznia). Zawiadomienie [&hellip;]<\/p>\n","protected":false},"author":1,"featured_media":0,"parent":0,"menu_order":0,"comment_status":"closed","ping_status":"closed","template":"","meta":{"footnotes":""},"class_list":["post-1311","page","type-page","status-publish","hentry","has_no_thumb"],"aioseo_notices":[],"_links":{"self":[{"href":"https:\/\/sp6kwidzyn.pl\/index.php?rest_route=\/wp\/v2\/pages\/1311","targetHints":{"allow":["GET"]}}],"collection":[{"href":"https:\/\/sp6kwidzyn.pl\/index.php?rest_route=\/wp\/v2\/pages"}],"about":[{"href":"https:\/\/sp6kwidzyn.pl\/index.php?rest_route=\/wp\/v2\/types\/page"}],"author":[{"embeddable":true,"href":"https:\/\/sp6kwidzyn.pl\/index.php?rest_route=\/wp\/v2\/users\/1"}],"replies":[{"embeddable":true,"href":"https:\/\/sp6kwidzyn.pl\/index.php?rest_route=%2Fwp%2Fv2%2Fcomments&post=1311"}],"version-history":[{"count":0,"href":"https:\/\/sp6kwidzyn.pl\/index.php?rest_route=\/wp\/v2\/pages\/1311\/revisions"}],"wp:attachment":[{"href":"https:\/\/sp6kwidzyn.pl\/index.php?rest_route=%2Fwp%2Fv2%2Fmedia&parent=1311"}],"curies":[{"name":"wp","href":"https:\/\/api.w.org\/{rel}","templated":true}]}}