{"id":1304,"date":"2019-05-29T23:35:21","date_gmt":"2019-05-29T21:35:21","guid":{"rendered":"http:\/\/sp6kwidzyn.pl\/?page_id=1304"},"modified":"2019-05-29T23:35:21","modified_gmt":"2019-05-29T21:35:21","slug":"postepowanie-pracownikow-szkoly-w-sytuacjach-zagrozenia-uczniow-demoralizacja","status":"publish","type":"page","link":"https:\/\/sp6kwidzyn.pl\/?page_id=1304","title":{"rendered":"Post\u0119powanie pracownik\u00f3w szko\u0142y w sytuacjach zagro\u017cenia uczni\u00f3w demoralizacj\u0105"},"content":{"rendered":"<ol>\n<li>W przypadku uzyskania informacji, \u017ce ucze\u0144 pali papierosy, u\u017cywa alkoholu, narkotyk\u00f3w, lub innych substancji psychoaktywnych w celu wprowadzenia si\u0119 w stan odurzenia nauczyciel powinien podj\u0105\u0107 nast\u0119puj\u0105ce kroki:<\/li>\n<\/ol>\n<ul>\n<li>przekaza\u0107 uzyskan\u0105 informacj\u0119 wychowawcy klasy;<\/li>\n<li>wychowawca informuje o fakcie specjalist\u0119 szkolnego i dyrektora szko\u0142y;<\/li>\n<li>wychowawca wzywa do szko\u0142y rodzic\u00f3w (prawnych opiekun\u00f3w) ucznia i przekazuje im uzyskan\u0105 informacj\u0119. Przeprowadza rozmow\u0119 z rodzicami oraz z uczniem, w ich obecno\u015bci. Ucze\u0144 zostaje zobowi\u0105zany do zaniechania negatywnego post\u0119powania natomiast rodzice do szczeg\u00f3lnego nadzoru nad dzieckiem.<\/li>\n<li>Wychowawca mo\u017ce zaproponowa\u0107 rodzicom w ramach interwencji profilaktycznej skierowanie dziecka do specjalistycznej plac\u00f3wki i udzia\u0142u dziecka w programie terapeutycznym;<\/li>\n<li>Je\u017celi rodzice odmawiaj\u0105 wsp\u00f3\u0142pracy lub nie stawiaj\u0105 si\u0119 do szko\u0142y w\u00f3wczas dyrektor szko\u0142y pisemnie powiadamia o zaistnia\u0142ej sytuacji s\u0105d rodzinny lub policj\u0119.<\/li>\n<\/ul>\n<ol start=\"2\">\n<li>Dzia\u0142ania pracownik\u00f3w szko\u0142y w sytuacji podejrzenia, \u017ce na terenie szko\u0142y znajduje si\u0119 ucze\u0144 b\u0119d\u0105cy pod wp\u0142ywem alkoholu, narkotyk\u00f3w lub innych substancji psychoaktywnych:<\/li>\n<\/ol>\n<ul>\n<li>powiadomienie wychowawcy klasy;<\/li>\n<li>odizolowanie ucznia od reszty klasy, ale ze wzgl\u0119d\u00f3w bezpiecze\u0144stwa nie pozostawia go samego;<\/li>\n<li>zawiadomienie o fakcie dyrektora szko\u0142y oraz rodzic\u00f3w\/prawnych opiekun\u00f3w, kt\u00f3rych zobowi\u0105zuje do niezw\u0142ocznego stawienia si\u0119 w szkole;<\/li>\n<li>wezwanie przez piel\u0119gniark\u0119 szkoln\u0105 lekarza w celu stwierdzenia stanu trze\u017awo\u015bci lub odurzenia, ewentualnie udzielenia pomocy medycznej;<\/li>\n<\/ul>\n<ol>\n<li>przekazanie dziecka rodzicom (prawnym opiekunom);<\/li>\n<li>sporz\u0105dzenie przez wychowawc\u0119 lub inn\u0105 osob\u0119 wskazan\u0105 przez dyrektora notatki o przekazaniu dziecka pod wp\u0142ywem alkoholu lub innego \u015brodka psychoaktywnego (notatk\u0119 podpisuj\u0105 rodzice\/opiekunowie, nauczyciel przekazuj\u0105cy dziecko);<\/li>\n<\/ol>\n<ul>\n<li>w sytuacji, gdy rodzice odm\u00f3wi\u0105 odebrania dziecka, o pozostaniu dziecka w szkole lub przeniesienia do plac\u00f3wki s\u0142u\u017cby zdrowia b\u0105d\u017a przekazaniu do dyspozycji funkcjonariuszom policji decyduje lekarz, po ustaleniu aktualnego stanu zdrowia ucznia z dyrektorem szko\u0142y;<\/li>\n<li>dyrektor szko\u0142y zawiadamia najbli\u017csz\u0105 jednostk\u0119 policji, gdy rodzice ucznia b\u0119d\u0105cego pod wp\u0142ywem alkoholu lub innych substancji psychoaktywnych odmawiaj\u0105 przyj\u015bcia do szko\u0142y, a jest on agresywny lub zagra\u017ca \u017cyciu lub zdrowiu innych os\u00f3b.<\/li>\n<\/ul>\n<ol start=\"3\">\n<li>W przypadku, gdy nauczyciel lub pracownik szko\u0142y znajduje na terenie szko\u0142y substancj\u0119 przypominaj\u0105c\u0105 wygl\u0105dem narkotyk powinien j\u0105 zabezpieczy\u0107 do przyjazdu policji oraz powiadomi\u0107 dyrektora szko\u0142y.<\/li>\n<li>W przypadku, gdy nauczyciel podejrzewa, \u017ce ucze\u0144 posiada przy sobie substancj\u0119 przypominaj\u0105c\u0105 narkotyk podejmuje nast\u0119puj\u0105ce dzia\u0142ania:<\/li>\n<\/ol>\n<ul>\n<li>w obecno\u015bci innej osoby (specjalisty szkolnego, wychowawcy, dyrektora) ma prawo \u017c\u0105da\u0107, aby ucze\u0144 przekaza\u0142 mu t\u0105 substancj\u0119, pokaza\u0142 zawarto\u015b\u0107 torby szkolnej, szafki oraz odzie\u017cy wierzchniej.<\/li>\n<li>powiadamia dyrektora szko\u0142y oraz rodzic\u00f3w wzywa ich do natychmiastowego stawiennictwa;<\/li>\n<li>gdy ucze\u0144 odmawia przekazania nauczycielowi substancji i pokazania zawarto\u015bci teczki, dyrektor wzywa policj\u0119.<\/li>\n<\/ul>\n<ol start=\"5\">\n<li>W przypadku znalezienia na terenie szko\u0142y broni, materia\u0142\u00f3w wybuchowych i innych niebezpiecznych substancji nale\u017cy powiadomi\u0107 dyrektora szko\u0142y, zapewni\u0107 bezpiecze\u0144stwo osobom przebywaj\u0105cym na terenie szko\u0142y oraz uniemo\u017cliwi\u0107 dost\u0119p innym uczniom do tych przedmiot\u00f3w.<\/li>\n<\/ol>\n","protected":false},"excerpt":{"rendered":"<p>W przypadku uzyskania informacji, \u017ce ucze\u0144 pali papierosy, u\u017cywa alkoholu, narkotyk\u00f3w, lub innych substancji psychoaktywnych w celu wprowadzenia si\u0119 w [&hellip;]<\/p>\n","protected":false},"author":1,"featured_media":0,"parent":0,"menu_order":0,"comment_status":"closed","ping_status":"closed","template":"","meta":{"footnotes":""},"class_list":["post-1304","page","type-page","status-publish","hentry","has_no_thumb"],"aioseo_notices":[],"_links":{"self":[{"href":"https:\/\/sp6kwidzyn.pl\/index.php?rest_route=\/wp\/v2\/pages\/1304","targetHints":{"allow":["GET"]}}],"collection":[{"href":"https:\/\/sp6kwidzyn.pl\/index.php?rest_route=\/wp\/v2\/pages"}],"about":[{"href":"https:\/\/sp6kwidzyn.pl\/index.php?rest_route=\/wp\/v2\/types\/page"}],"author":[{"embeddable":true,"href":"https:\/\/sp6kwidzyn.pl\/index.php?rest_route=\/wp\/v2\/users\/1"}],"replies":[{"embeddable":true,"href":"https:\/\/sp6kwidzyn.pl\/index.php?rest_route=%2Fwp%2Fv2%2Fcomments&post=1304"}],"version-history":[{"count":0,"href":"https:\/\/sp6kwidzyn.pl\/index.php?rest_route=\/wp\/v2\/pages\/1304\/revisions"}],"wp:attachment":[{"href":"https:\/\/sp6kwidzyn.pl\/index.php?rest_route=%2Fwp%2Fv2%2Fmedia&parent=1304"}],"curies":[{"name":"wp","href":"https:\/\/api.w.org\/{rel}","templated":true}]}}