{"id":1299,"date":"2019-05-29T23:33:03","date_gmt":"2019-05-29T21:33:03","guid":{"rendered":"http:\/\/sp6kwidzyn.pl\/?page_id=1299"},"modified":"2019-05-29T23:34:54","modified_gmt":"2019-05-29T21:34:54","slug":"procedury-postepowania-w-przypadku-kradziezy","status":"publish","type":"page","link":"https:\/\/sp6kwidzyn.pl\/?page_id=1299","title":{"rendered":"Procedury post\u0119powania w przypadku kradzie\u017cy."},"content":{"rendered":"<p>1)\u00a0W przypadku zg\u0142oszenia kradzie\u017cy przez poszkodowanego lub innych uczni\u00f3w nauczyciel powiadamia wychowawc\u0119 klasy o zaistnia\u0142ym incydencie. Gdy sytuacja mia\u0142a miejsce na jego lekcji uczestniczy do ko\u0144ca w rozwi\u0105zaniu problemu.<\/p>\n<p>2)\u00a0Nauczyciel interweniuj\u0105cy d\u0105\u017cy do zidentyfikowania os\u00f3b bior\u0105cych udzia\u0142 w zdarzeniu (sprawc\u0119, \u015bwiadk\u00f3w i innych os\u00f3b) oraz ustalenia okoliczno\u015bci zaj\u015bcia.<\/p>\n<p><strong>Proponowane sposoby ustalenia okoliczno\u015bci zdarzenia w zale\u017cno\u015bci od specyfiki sytuacji:<\/strong><\/p>\n<ol>\n<li>Rozmowa indywidualna z poszkodowanym.<\/li>\n<li>Rozmowa indywidualna ze sprawc\u0105 lub osob\u0105 podejrzan\u0105 o pope\u0142nienie wykroczenia (zgodnie z\u00a0zasadami dyskrecji).<\/li>\n<li>Rozmowa z ewentualnymi \u015bwiadkami zdarzenia.<\/li>\n<li>Poinformowanie klasy o zaistnia\u0142ym zdarzeniu i pr\u00f3ba ustalenia istotnych dla sprawy fakt\u00f3w.<\/li>\n<\/ol>\n<p>3)\u00a0Zawiadomienie Dyrektora o zaistnia\u0142ym incydencie.<\/p>\n<p>4)\u00a0Zg\u0142oszenie faktu kradzie\u017cy na policj\u0119 (o czym decyduj\u0105 wychowawca w porozumieniu z\u00a0Dyrektorem po oszacowaniu wagi sprawy i warto\u015bci szkody).<\/p>\n<p>5)\u00a0W sytuacji ustalenia sprawcy kradzie\u017cy wezwanie jego rodzic\u00f3w (prawnych opiekun\u00f3w), poinformowanie ich o zaistnia\u0142ym zdarzeniu i ewentualnych konsekwencjach, zastosowanych sankcjach, zgodnie ze Statutem, co ustala wcze\u015bniej wychowawca w porozumieniu z\u00a0Dyrektorem.<\/p>\n<p>6)\u00a0Sporz\u0105dzenie przez wychowawc\u0119 stosownej notatki.<\/p>\n<ol>\n<li>Wychowawca zawiadamia o zdarzeniu specjalist\u0119 szkolnego.<\/li>\n<li>We wsp\u00f3\u0142pracy ze specjalist\u0105 szkolnym ustala okoliczno\u015bci kradzie\u017cy dokonanej przez wychowanka ( z zachowaniem nietykalno\u015bci osobistej ucznia).<\/li>\n<li>Wzywa rodzic\u00f3w (opiekun\u00f3w prawnych) sprawcy, przeprowadza rozmow\u0119 z uczniem w ich obecno\u015bci, z kt\u00f3rej sporz\u0105dza notatk\u0119 podpisan\u0105 przez rodzic\u00f3w ( do teczki wychowawcy).<\/li>\n<li>Sprawca podejmuje zado\u015b\u0107uczynienie poszkodowanemu w kradzie\u017cy.<\/li>\n<li>Wychowawca w porozumieniu z dyrektorem szko\u0142y ustala dla ucznia kar\u0119 okre\u015blon\u0105 w Statucie Szko\u0142y.<\/li>\n<\/ol>\n","protected":false},"excerpt":{"rendered":"<p>1)\u00a0W przypadku zg\u0142oszenia kradzie\u017cy przez poszkodowanego lub innych uczni\u00f3w nauczyciel powiadamia wychowawc\u0119 klasy o zaistnia\u0142ym incydencie. Gdy sytuacja mia\u0142a miejsce [&hellip;]<\/p>\n","protected":false},"author":1,"featured_media":0,"parent":0,"menu_order":0,"comment_status":"closed","ping_status":"closed","template":"","meta":{"footnotes":""},"class_list":["post-1299","page","type-page","status-publish","hentry","has_no_thumb"],"aioseo_notices":[],"_links":{"self":[{"href":"https:\/\/sp6kwidzyn.pl\/index.php?rest_route=\/wp\/v2\/pages\/1299","targetHints":{"allow":["GET"]}}],"collection":[{"href":"https:\/\/sp6kwidzyn.pl\/index.php?rest_route=\/wp\/v2\/pages"}],"about":[{"href":"https:\/\/sp6kwidzyn.pl\/index.php?rest_route=\/wp\/v2\/types\/page"}],"author":[{"embeddable":true,"href":"https:\/\/sp6kwidzyn.pl\/index.php?rest_route=\/wp\/v2\/users\/1"}],"replies":[{"embeddable":true,"href":"https:\/\/sp6kwidzyn.pl\/index.php?rest_route=%2Fwp%2Fv2%2Fcomments&post=1299"}],"version-history":[{"count":0,"href":"https:\/\/sp6kwidzyn.pl\/index.php?rest_route=\/wp\/v2\/pages\/1299\/revisions"}],"wp:attachment":[{"href":"https:\/\/sp6kwidzyn.pl\/index.php?rest_route=%2Fwp%2Fv2%2Fmedia&parent=1299"}],"curies":[{"name":"wp","href":"https:\/\/api.w.org\/{rel}","templated":true}]}}