{"id":1296,"date":"2019-05-29T23:32:12","date_gmt":"2019-05-29T21:32:12","guid":{"rendered":"http:\/\/sp6kwidzyn.pl\/?page_id=1296"},"modified":"2019-05-29T23:32:12","modified_gmt":"2019-05-29T21:32:12","slug":"procedury-postepowania-w-przypadku-agresywnego-zachowania-ucznia","status":"publish","type":"page","link":"https:\/\/sp6kwidzyn.pl\/?page_id=1296","title":{"rendered":"Procedury post\u0119powania w przypadku agresywnego zachowania ucznia."},"content":{"rendered":"<p><strong>AGRESJA S\u0141OWNA<\/strong><\/p>\n<ul>\n<li>Wpis informacyjny do dziennika lekcyjnego przez nauczyciela b\u0119d\u0105cego \u015bwiadkiem zdarzenia.<\/li>\n<li>Przekazanie informacji wychowawcy klasy o zaistnia\u0142ym zdarzeniu.<\/li>\n<li>Rozmowa wychowawcy z uczestnikami zaj\u015bcia. Ustalenie przyczyn niew\u0142a\u015bciwego zachowania.<\/li>\n<li>Rozmowa ze specjalist\u0105 szkolnym oraz dyrektorem (w razie potrzeby).<\/li>\n<li>Poinformowanie rodzic\u00f3w (opiekun\u00f3w prawnych) o zachowaniu ucznia.<\/li>\n<li>Zobowi\u0105zanie ucznia do zmiany zachowania.<\/li>\n<\/ul>\n<p><strong>AGRESJA FIZYCZNA<\/strong><\/p>\n<ul>\n<li>Rozdzielenie bij\u0105cych si\u0119 uczni\u00f3w.<\/li>\n<li>Odizolowanie od innych uczni\u00f3w.<\/li>\n<li>W sytuacji wyst\u0119powania u ucznia niepokoj\u0105cych objaw\u00f3w \u2013 wezwanie<\/li>\n<li>Rozmowa nauczyciela interweniuj\u0105cego z uczniami (z ka\u017cdym z osobna, o ile jest to mo\u017cliwe). Ustalenie przyczyn zachowania. Przekazanie uczni\u00f3w wychowawcy klasy.<\/li>\n<li>Rozmowa indywidualna wychowawcy z uczestnikami zaj\u015bcia, ustalenie okoliczno\u015bci.<\/li>\n<li>Rozmowa ze specjalist\u0105 szkolnym lub dyrektorem (w razie potrzeby).<\/li>\n<li>Zobowi\u0105zanie uczni\u00f3w do poprawy zachowania.<\/li>\n<li>Poinformowanie rodzic\u00f3w (prawnych opiekun\u00f3w) ucznia o zdarzeniu\/ wezwanie rodzic\u00f3w do szko\u0142y.<\/li>\n<li>Wyci\u0105gni\u0119cie konsekwencji zgodnie ze Statutem.<\/li>\n<\/ul>\n","protected":false},"excerpt":{"rendered":"<p>AGRESJA S\u0141OWNA Wpis informacyjny do dziennika lekcyjnego przez nauczyciela b\u0119d\u0105cego \u015bwiadkiem zdarzenia. Przekazanie informacji wychowawcy klasy o zaistnia\u0142ym zdarzeniu. Rozmowa [&hellip;]<\/p>\n","protected":false},"author":1,"featured_media":0,"parent":0,"menu_order":0,"comment_status":"closed","ping_status":"closed","template":"","meta":{"footnotes":""},"class_list":["post-1296","page","type-page","status-publish","hentry","has_no_thumb"],"aioseo_notices":[],"_links":{"self":[{"href":"https:\/\/sp6kwidzyn.pl\/index.php?rest_route=\/wp\/v2\/pages\/1296","targetHints":{"allow":["GET"]}}],"collection":[{"href":"https:\/\/sp6kwidzyn.pl\/index.php?rest_route=\/wp\/v2\/pages"}],"about":[{"href":"https:\/\/sp6kwidzyn.pl\/index.php?rest_route=\/wp\/v2\/types\/page"}],"author":[{"embeddable":true,"href":"https:\/\/sp6kwidzyn.pl\/index.php?rest_route=\/wp\/v2\/users\/1"}],"replies":[{"embeddable":true,"href":"https:\/\/sp6kwidzyn.pl\/index.php?rest_route=%2Fwp%2Fv2%2Fcomments&post=1296"}],"version-history":[{"count":0,"href":"https:\/\/sp6kwidzyn.pl\/index.php?rest_route=\/wp\/v2\/pages\/1296\/revisions"}],"wp:attachment":[{"href":"https:\/\/sp6kwidzyn.pl\/index.php?rest_route=%2Fwp%2Fv2%2Fmedia&parent=1296"}],"curies":[{"name":"wp","href":"https:\/\/api.w.org\/{rel}","templated":true}]}}