{"id":1293,"date":"2019-05-29T23:31:08","date_gmt":"2019-05-29T21:31:08","guid":{"rendered":"http:\/\/sp6kwidzyn.pl\/?page_id=1293"},"modified":"2019-05-29T23:31:08","modified_gmt":"2019-05-29T21:31:08","slug":"procedury-postepowania-wobec-ucznia-ktory-stal-sie-ofiara-czynu-karalnego","status":"publish","type":"page","link":"https:\/\/sp6kwidzyn.pl\/?page_id=1293","title":{"rendered":"Procedury post\u0119powania wobec ucznia, kt\u00f3ry sta\u0142 si\u0119 ofiar\u0105 czynu karalnego."},"content":{"rendered":"<p>1)\u00a0Udzielenie pierwszej pomocy (przedmedycznej), b\u0105d\u017a zapewnienie jej udzielenia poprzez wezwanie lekarza, w przypadku gdy ofiara dozna\u0142a obra\u017ce\u0144.<\/p>\n<p>2)\u00a0Niezw\u0142oczne powiadomienie dyrektora<\/p>\n<p>3)\u00a0Powiadomienie rodzic\u00f3w ucznia.<\/p>\n<p>4)\u00a0Niezw\u0142oczne wezwanie policji w przypadku, kiedy istnieje konieczno\u015b\u0107 profesjonalnego zabezpieczenia \u015blad\u00f3w przest\u0119pstwa, ustalenia okoliczno\u015bci i ewentualnych \u015bwiadk\u00f3w zdarzenia.<\/p>\n","protected":false},"excerpt":{"rendered":"<p>1)\u00a0Udzielenie pierwszej pomocy (przedmedycznej), b\u0105d\u017a zapewnienie jej udzielenia poprzez wezwanie lekarza, w przypadku gdy ofiara dozna\u0142a obra\u017ce\u0144. 2)\u00a0Niezw\u0142oczne powiadomienie dyrektora [&hellip;]<\/p>\n","protected":false},"author":1,"featured_media":0,"parent":0,"menu_order":0,"comment_status":"closed","ping_status":"closed","template":"","meta":{"footnotes":""},"class_list":["post-1293","page","type-page","status-publish","hentry","has_no_thumb"],"aioseo_notices":[],"_links":{"self":[{"href":"https:\/\/sp6kwidzyn.pl\/index.php?rest_route=\/wp\/v2\/pages\/1293","targetHints":{"allow":["GET"]}}],"collection":[{"href":"https:\/\/sp6kwidzyn.pl\/index.php?rest_route=\/wp\/v2\/pages"}],"about":[{"href":"https:\/\/sp6kwidzyn.pl\/index.php?rest_route=\/wp\/v2\/types\/page"}],"author":[{"embeddable":true,"href":"https:\/\/sp6kwidzyn.pl\/index.php?rest_route=\/wp\/v2\/users\/1"}],"replies":[{"embeddable":true,"href":"https:\/\/sp6kwidzyn.pl\/index.php?rest_route=%2Fwp%2Fv2%2Fcomments&post=1293"}],"version-history":[{"count":0,"href":"https:\/\/sp6kwidzyn.pl\/index.php?rest_route=\/wp\/v2\/pages\/1293\/revisions"}],"wp:attachment":[{"href":"https:\/\/sp6kwidzyn.pl\/index.php?rest_route=%2Fwp%2Fv2%2Fmedia&parent=1293"}],"curies":[{"name":"wp","href":"https:\/\/api.w.org\/{rel}","templated":true}]}}