{"id":1287,"date":"2019-05-29T23:29:07","date_gmt":"2019-05-29T21:29:07","guid":{"rendered":"http:\/\/sp6kwidzyn.pl\/?page_id=1287"},"modified":"2019-05-29T23:29:07","modified_gmt":"2019-05-29T21:29:07","slug":"procedura-postepowania-wobec-ucznia-sprawcy-czynu-karalnego-lub-przestepstwa","status":"publish","type":"page","link":"https:\/\/sp6kwidzyn.pl\/?page_id=1287","title":{"rendered":"Procedura post\u0119powania wobec ucznia &#8211; sprawcy czynu karalnego lub przest\u0119pstwa."},"content":{"rendered":"<ol>\n<li>Nauczyciel b\u0119d\u0105cy \u015bwiadkiem czynu niezw\u0142ocznie powiadamia o zdarzeniu specjalist\u0119 szkolnego i dyrektora szko\u0142y.<\/li>\n<li>Przekazuje sprawc\u0119 czynu ( o ile jest znany i przebywa na terenie szko\u0142y) pod opiek\u0119 specjali\u015bcie szkolnemu lub dyrektorowi szko\u0142y.<\/li>\n<li>Zabezpiecza ewentualne dowody przest\u0119pstwa ( np. ostre narz\u0119dzia, przedmioty kradzie\u017cy itp.)<\/li>\n<li>We wsp\u00f3\u0142pracy ze specjalist\u0105 szkolnym ustala okoliczno\u015bci czynu i ewentualnych \u015bwiadk\u00f3w zdarzenia.<\/li>\n<li>Specjalista szkolny lub dyrektor szko\u0142y powiadamia rodzic\u00f3w (opiekun\u00f3w prawnych) ucznia- sprawcy.<\/li>\n<li>Dyrektor szko\u0142y niezw\u0142ocznie powiadamia policj\u0119 w przypadku, gdy sprawa jest powa\u017cna (rozb\u00f3j, uszkodzenie cia\u0142a itp.) lub sprawca nie jest uczniem szko\u0142y i jego to\u017csamo\u015b\u0107 nie jest nikomu znana.<\/li>\n<\/ol>\n","protected":false},"excerpt":{"rendered":"<p>Nauczyciel b\u0119d\u0105cy \u015bwiadkiem czynu niezw\u0142ocznie powiadamia o zdarzeniu specjalist\u0119 szkolnego i dyrektora szko\u0142y. Przekazuje sprawc\u0119 czynu ( o ile jest [&hellip;]<\/p>\n","protected":false},"author":1,"featured_media":0,"parent":0,"menu_order":0,"comment_status":"closed","ping_status":"closed","template":"","meta":{"footnotes":""},"class_list":["post-1287","page","type-page","status-publish","hentry","has_no_thumb"],"aioseo_notices":[],"_links":{"self":[{"href":"https:\/\/sp6kwidzyn.pl\/index.php?rest_route=\/wp\/v2\/pages\/1287","targetHints":{"allow":["GET"]}}],"collection":[{"href":"https:\/\/sp6kwidzyn.pl\/index.php?rest_route=\/wp\/v2\/pages"}],"about":[{"href":"https:\/\/sp6kwidzyn.pl\/index.php?rest_route=\/wp\/v2\/types\/page"}],"author":[{"embeddable":true,"href":"https:\/\/sp6kwidzyn.pl\/index.php?rest_route=\/wp\/v2\/users\/1"}],"replies":[{"embeddable":true,"href":"https:\/\/sp6kwidzyn.pl\/index.php?rest_route=%2Fwp%2Fv2%2Fcomments&post=1287"}],"version-history":[{"count":0,"href":"https:\/\/sp6kwidzyn.pl\/index.php?rest_route=\/wp\/v2\/pages\/1287\/revisions"}],"wp:attachment":[{"href":"https:\/\/sp6kwidzyn.pl\/index.php?rest_route=%2Fwp%2Fv2%2Fmedia&parent=1287"}],"curies":[{"name":"wp","href":"https:\/\/api.w.org\/{rel}","templated":true}]}}