{"id":1284,"date":"2019-05-29T23:26:32","date_gmt":"2019-05-29T21:26:32","guid":{"rendered":"http:\/\/sp6kwidzyn.pl\/?page_id=1284"},"modified":"2019-05-29T23:26:32","modified_gmt":"2019-05-29T21:26:32","slug":"procedury-postepowania-wobec-ucznia-uczniow-niszczacych-mienie-szkoly","status":"publish","type":"page","link":"https:\/\/sp6kwidzyn.pl\/?page_id=1284","title":{"rendered":"Procedury post\u0119powania wobec ucznia\/uczni\u00f3w niszcz\u0105cych mienie szko\u0142y."},"content":{"rendered":"<ol>\n<li>Pracownik szko\u0142y stwierdzaj\u0105cy szkod\u0119 jest zobowi\u0105zany poinformowa\u0107 o tym fakcie Dyrektora.<\/li>\n<li>Osoby wyznaczone przez Dyrektora dokonuj\u0105 diagnozy sytuacji w celu ustalenia sprawcy\/sprawc\u00f3w zdarzenia, szko\u0142a dokonuje wst\u0119pnego kosztorysu zaistnia\u0142ej szkody.<\/li>\n<li>Szko\u0142a powiadamia rodzic\u00f3w ucznia\/uczni\u00f3w o zaistnia\u0142ej sytuacji, a nast\u0119pnie przeprowadza rozmow\u0119 z uczniem\/uczniami w ich obecno\u015bci. Obliguje rodzic\u00f3w do pokrycia koszt\u00f3w naprawy lub dokonania zakupu potrzebnych artyku\u0142\u00f3w na kwot\u0119 ustalon\u0105 przez Dyrektora.<\/li>\n<li>Dyrekcja mo\u017ce r\u00f3wnie\u017c podj\u0105\u0107 decyzj\u0119 o skierowaniu sprawcy\/sprawc\u00f3w do wykonania okre\u015blonych prac spo\u0142eczno- u\u017cytecznych na rzecz szko\u0142y.<\/li>\n<li>W stosunku do ucznia\/uczni\u00f3w wyci\u0105gni\u0119te zostan\u0105 konsekwencje wychowawcze zgodnie ze Statutem.<\/li>\n<li>W przypadku du\u017cych strat lub braku mo\u017cliwo\u015bci wykrycia sprawc\u00f3w szko\u0142a powiadamia o zdarzeniu policj\u0119.<\/li>\n<\/ol>\n","protected":false},"excerpt":{"rendered":"<p>Pracownik szko\u0142y stwierdzaj\u0105cy szkod\u0119 jest zobowi\u0105zany poinformowa\u0107 o tym fakcie Dyrektora. Osoby wyznaczone przez Dyrektora dokonuj\u0105 diagnozy sytuacji w celu [&hellip;]<\/p>\n","protected":false},"author":1,"featured_media":0,"parent":0,"menu_order":0,"comment_status":"closed","ping_status":"closed","template":"","meta":{"footnotes":""},"class_list":["post-1284","page","type-page","status-publish","hentry","has_no_thumb"],"aioseo_notices":[],"_links":{"self":[{"href":"https:\/\/sp6kwidzyn.pl\/index.php?rest_route=\/wp\/v2\/pages\/1284","targetHints":{"allow":["GET"]}}],"collection":[{"href":"https:\/\/sp6kwidzyn.pl\/index.php?rest_route=\/wp\/v2\/pages"}],"about":[{"href":"https:\/\/sp6kwidzyn.pl\/index.php?rest_route=\/wp\/v2\/types\/page"}],"author":[{"embeddable":true,"href":"https:\/\/sp6kwidzyn.pl\/index.php?rest_route=\/wp\/v2\/users\/1"}],"replies":[{"embeddable":true,"href":"https:\/\/sp6kwidzyn.pl\/index.php?rest_route=%2Fwp%2Fv2%2Fcomments&post=1284"}],"version-history":[{"count":0,"href":"https:\/\/sp6kwidzyn.pl\/index.php?rest_route=\/wp\/v2\/pages\/1284\/revisions"}],"wp:attachment":[{"href":"https:\/\/sp6kwidzyn.pl\/index.php?rest_route=%2Fwp%2Fv2%2Fmedia&parent=1284"}],"curies":[{"name":"wp","href":"https:\/\/api.w.org\/{rel}","templated":true}]}}