{"id":1278,"date":"2019-05-29T23:24:01","date_gmt":"2019-05-29T21:24:01","guid":{"rendered":"http:\/\/sp6kwidzyn.pl\/?page_id=1278"},"modified":"2019-05-29T23:24:01","modified_gmt":"2019-05-29T21:24:01","slug":"procedura-zwalniania-ucznia-z-zajec-wychowania-fizycznego","status":"publish","type":"page","link":"https:\/\/sp6kwidzyn.pl\/?page_id=1278","title":{"rendered":"Procedura zwalniania ucznia z zaj\u0119\u0107 wychowania fizycznego."},"content":{"rendered":"<p><em>&#8211; dotyczy zwolnie\u0144 na okres d\u0142u\u017cszy ni\u017c 1 miesi\u0105c.<\/em><\/p>\n<ol>\n<li>Rodzice\/prawni opiekunowie ucznia, ubiegaj\u0105cego si\u0119 o zwolnienie z zaj\u0119\u0107 wychowania fizycznego sk\u0142adaj\u0105 wniosek w sekretariacie szko\u0142y.<\/li>\n<li>Wype\u0142niony wniosek, wraz z opini\u0105 lekarza,\u00a0 przedk\u0142adaj\u0105 dyrektorowi szko\u0142y w nast\u0119puj\u0105cych terminach:<\/li>\n<\/ol>\n<p>&#8211; w przypadku zwolnienia dotycz\u0105cego I p\u00f3\u0142rocza \u2013 do 15 wrze\u015bnia,<\/p>\n<p>&#8211; w przypadku zwolnienia dotycz\u0105cego II p\u00f3\u0142rocza \u2013 do 25 stycznia bie\u017c\u0105cego roku szkolnego.<\/p>\n<ol start=\"3\">\n<li>W przypadku zdarze\u0144 losowych rodzice ucznia mog\u0105 zg\u0142osi\u0107 si\u0119 do dyrektora szko\u0142y poza ustalonymi terminami.<\/li>\n<li>Dyrektor szko\u0142y na podstawie otrzymanych dokument\u00f3w podejmuje decyzj\u0119 o zwolnieniu ucznia z zaj\u0119\u0107 wychowania fizycznego oraz informuje o tym ucznia, wychowawc\u0119 klasy i nauczyciela przedmiotu.<\/li>\n<li>Ucze\u0144 zwolniony z zaj\u0119\u0107 wychowania fizycznego w trakcie trwania lekcji (o ile nie jest to pierwsza i ostatnia lekcja) przebywa w miejscu odbywania si\u0119 lekcji.<\/li>\n<li>Ucze\u0144 zwolniony z zaj\u0119\u0107 wychowania fizycznego umieszczonych w planie lekcji na pierwszej i ostatniej godzinie, mo\u017ce by\u0107 na nich nieobecny tylko w\u00f3wczas, gdy jego rodzice z\u0142o\u017c\u0105 dyrektorowi szko\u0142y o\u015bwiadczenie o odpowiedzialno\u015bci za ucznia w tym czasie.<\/li>\n<\/ol>\n<p>Uwaga!<\/p>\n<ol start=\"7\">\n<li>W przypadku zwolnienia z zaj\u0119\u0107 wychowania fizycznego, trwaj\u0105cego nie d\u0142u\u017cej ni\u017c 1 miesi\u0105c, ucze\u0144 przedk\u0142ada odpowiednie za\u015bwiadczenie lekarskie nauczycielowi wychowania fizycznego. Do za\u015bwiadczenia do\u0142\u0105cza o\u015bwiadczenie rodzic\u00f3w, o kt\u00f3rym mowa w punkcie 5.<\/li>\n<\/ol>\n","protected":false},"excerpt":{"rendered":"<p>&#8211; dotyczy zwolnie\u0144 na okres d\u0142u\u017cszy ni\u017c 1 miesi\u0105c. Rodzice\/prawni opiekunowie ucznia, ubiegaj\u0105cego si\u0119 o zwolnienie z zaj\u0119\u0107 wychowania fizycznego [&hellip;]<\/p>\n","protected":false},"author":1,"featured_media":0,"parent":0,"menu_order":0,"comment_status":"closed","ping_status":"closed","template":"","meta":{"footnotes":""},"class_list":["post-1278","page","type-page","status-publish","hentry","has_no_thumb"],"aioseo_notices":[],"_links":{"self":[{"href":"https:\/\/sp6kwidzyn.pl\/index.php?rest_route=\/wp\/v2\/pages\/1278","targetHints":{"allow":["GET"]}}],"collection":[{"href":"https:\/\/sp6kwidzyn.pl\/index.php?rest_route=\/wp\/v2\/pages"}],"about":[{"href":"https:\/\/sp6kwidzyn.pl\/index.php?rest_route=\/wp\/v2\/types\/page"}],"author":[{"embeddable":true,"href":"https:\/\/sp6kwidzyn.pl\/index.php?rest_route=\/wp\/v2\/users\/1"}],"replies":[{"embeddable":true,"href":"https:\/\/sp6kwidzyn.pl\/index.php?rest_route=%2Fwp%2Fv2%2Fcomments&post=1278"}],"version-history":[{"count":0,"href":"https:\/\/sp6kwidzyn.pl\/index.php?rest_route=\/wp\/v2\/pages\/1278\/revisions"}],"wp:attachment":[{"href":"https:\/\/sp6kwidzyn.pl\/index.php?rest_route=%2Fwp%2Fv2%2Fmedia&parent=1278"}],"curies":[{"name":"wp","href":"https:\/\/api.w.org\/{rel}","templated":true}]}}