{"id":1269,"date":"2019-05-29T23:19:13","date_gmt":"2019-05-29T21:19:13","guid":{"rendered":"http:\/\/sp6kwidzyn.pl\/?page_id=1269"},"modified":"2019-05-29T23:19:13","modified_gmt":"2019-05-29T21:19:13","slug":"procedura-postepowania-w-razie-wypadkow","status":"publish","type":"page","link":"https:\/\/sp6kwidzyn.pl\/?page_id=1269","title":{"rendered":"Procedura post\u0119powania w razie wypadk\u00f3w."},"content":{"rendered":"<ol>\n<li><strong>Wypadki uczni\u00f3w<\/strong><\/li>\n<\/ol>\n<p>Nauczyciel lub pracownik szko\u0142y, kt\u00f3ry zaobserwowa\u0142 lub dowiedzia\u0142 si\u0119 o wypadku ma obowi\u0105zek:<\/p>\n<p>1)\u00a0Zapewni\u0107 dziecku opiek\u0119, odizolowa\u0107 go od innych uczni\u00f3w.<\/p>\n<p>2)\u00a0W celu ustalenia okoliczno\u015bci wypadku porozmawia\u0107 z poszkodowanym dzieckiem (o\u00a0ile to mo\u017cliwe) i \u015bwiadkami wypadku.<\/p>\n<p>3)\u00a0Udzieli\u0107 pierwszej pomocy, a przy ci\u0119\u017ckim wypadku \u2013 zapewni\u0107 opiek\u0119 pozosta\u0142ym dzieciom i\u00a0wezwa\u0107 lekarza.<\/p>\n<p>4)\u00a0Osoba interweniuj\u0105ca jest zobowi\u0105zana poinformowa\u0107 o zdarzeniu wychowawc\u0119 i\u00a0Dyrektora.<\/p>\n<p>5)\u00a0Dyrektor lub osoba wyznaczona przez niego ma obowi\u0105zek powiadomi\u0107 rodzic\u00f3w (prawnych opiekun\u00f3w).<\/p>\n<p>6)\u00a0W przypadku braku kontaktu z rodzicami lub nieprzybycia rodzic\u00f3w\/prawnych opiekun\u00f3w po dziecko, szko\u0142a wyznacza osob\u0119, kt\u00f3ra zapewni poszkodowanemu opiek\u0119 do momentu przekazania dziecka rodzicom\/prawnym opiekunom.<\/p>\n<p>7)\u00a0W przypadku, gdy nie ma przy dziecku rodzic\u00f3w (prawnych opiekun\u00f3w), a pogotowie musi zabra\u0107 poszkodowanego do szpitala, obowi\u0105zkiem osoby interweniuj\u0105cej lub innego pracownika szko\u0142y wyznaczonego przez Dyrektora jest towarzyszenie uczniowi w\u00a0drodze do szpitala i\u00a0do chwili pojawienia si\u0119 rodzic\u00f3w (prawnych opiekun\u00f3w) lub do momentu podj\u0119cia przez lekarzy decyzji o\u00a0hospitalizowaniu.<\/p>\n<p>8) Je\u015bli wypadek zdarzy si\u0119 w godzinach wieczornych (np. w czasie dyskoteki klasowej), gdy nie ma Dyrekcji szko\u0142y i piel\u0119gniarki, nauczyciel sam podejmuje decyzje (np. o udzieleniu pierwszej pomocy przedmedycznej, o wezwaniu pogotowia, wezwaniu policji itp.), post\u0119puj\u0105c zgodnie z zasadami bhp i obowi\u0105zuj\u0105cymi procedurami oraz informuje o tym Dyrektora szko\u0142y (telefonicznie). Bezwzgl\u0119dnie informuje o zaj\u015bciu rodzic\u00f3w ucznia, kt\u00f3ry uleg\u0142 wypadkowi.<\/p>\n<ul>\n<li>Je\u015bli wypadek zdarzy si\u0119 w czasie wycieczki\/\u201dzielonej szko\u0142y\u201d wszystkie decyzje podejmuje kierownik wycieczki i odpowiada za nie.<\/li>\n<li>Nauczyciel b\u0119d\u0105cy \u015bwiadkiem wypadku, pe\u0142ni\u0105cy dy\u017cur lub wychowawca ucznia sporz\u0105dza zgodnie z przepisami prawa protok\u00f3\u0142 powypadkowy w ci\u0105gu 21 dni od zdarzenia.<\/li>\n<\/ul>\n","protected":false},"excerpt":{"rendered":"<p>Wypadki uczni\u00f3w Nauczyciel lub pracownik szko\u0142y, kt\u00f3ry zaobserwowa\u0142 lub dowiedzia\u0142 si\u0119 o wypadku ma obowi\u0105zek: 1)\u00a0Zapewni\u0107 dziecku opiek\u0119, odizolowa\u0107 go [&hellip;]<\/p>\n","protected":false},"author":1,"featured_media":0,"parent":0,"menu_order":0,"comment_status":"closed","ping_status":"closed","template":"","meta":{"footnotes":""},"class_list":["post-1269","page","type-page","status-publish","hentry","has_no_thumb"],"aioseo_notices":[],"_links":{"self":[{"href":"https:\/\/sp6kwidzyn.pl\/index.php?rest_route=\/wp\/v2\/pages\/1269","targetHints":{"allow":["GET"]}}],"collection":[{"href":"https:\/\/sp6kwidzyn.pl\/index.php?rest_route=\/wp\/v2\/pages"}],"about":[{"href":"https:\/\/sp6kwidzyn.pl\/index.php?rest_route=\/wp\/v2\/types\/page"}],"author":[{"embeddable":true,"href":"https:\/\/sp6kwidzyn.pl\/index.php?rest_route=\/wp\/v2\/users\/1"}],"replies":[{"embeddable":true,"href":"https:\/\/sp6kwidzyn.pl\/index.php?rest_route=%2Fwp%2Fv2%2Fcomments&post=1269"}],"version-history":[{"count":0,"href":"https:\/\/sp6kwidzyn.pl\/index.php?rest_route=\/wp\/v2\/pages\/1269\/revisions"}],"wp:attachment":[{"href":"https:\/\/sp6kwidzyn.pl\/index.php?rest_route=%2Fwp%2Fv2%2Fmedia&parent=1269"}],"curies":[{"name":"wp","href":"https:\/\/api.w.org\/{rel}","templated":true}]}}