{"id":1263,"date":"2019-05-29T22:57:35","date_gmt":"2019-05-29T20:57:35","guid":{"rendered":"http:\/\/sp6kwidzyn.pl\/?page_id=1263"},"modified":"2019-05-29T22:57:35","modified_gmt":"2019-05-29T20:57:35","slug":"informacja-o-podlozeniu-bomby","status":"publish","type":"page","link":"https:\/\/sp6kwidzyn.pl\/?page_id=1263","title":{"rendered":"Informacja o pod\u0142o\u017ceniu bomby."},"content":{"rendered":"<ol>\n<li>Je\u017celi jest to informacja telefoniczna:<\/li>\n<\/ol>\n<ul>\n<li>s\u0142uchaj uwa\u017cnie,<\/li>\n<li>zapami\u0119taj jak najwi\u0119cej,<\/li>\n<li>je\u017celi masz tak\u0105 mo\u017cliwo\u015b\u0107, nagrywaj rozmow\u0119 \u2013 je\u015bli nie \u2013 spr\u00f3buj zapisywa\u0107 informacje,<\/li>\n<li>zwr\u00f3\u0107 uwag\u0119 na szczeg\u00f3\u0142y dotycz\u0105ce g\u0142osu i nawyki m\u00f3wi\u0105cego oraz wszelkie d\u017awi\u0119ki w tle,<\/li>\n<li>nigdy nie odk\u0142adaj pierwszy s\u0142uchawki,<\/li>\n<li>je\u017celi tw\u00f3j telefon posiada funkcj\u0119 identyfikacji numeru dzwoni\u0105cego \u2013 zapisz ten numer,<\/li>\n<li>je\u017celi jest to wiadomo\u015b\u0107 pisemna, zabezpiecz j\u0105 tak, aby nikt jej nie dotyka\u0142 \u2013 przeka\u017cesz j\u0105 Policji.<\/li>\n<\/ul>\n<ol start=\"2\">\n<li>Po zako\u0144czeniu rozmowy niezw\u0142ocznie zadzwo\u0144 pod jeden z numer\u00f3w alarmowych.<\/li>\n<li>Zaalarmuj dyrektora szko\u0142y.<\/li>\n<li>Dyrektor powiadamia organ prowadz\u0105cy i nadzoruj\u0105cy.<\/li>\n<li>Powiadom o zagro\u017ceniu personel szko\u0142y oraz uczni\u00f3w, w spos\u00f3b nie wywo\u0142uj\u0105cy paniki!<\/li>\n<li>Dyrektor zarz\u0105dza ewakuacj\u0119 godnie z obowi\u0105zuj\u0105c\u0105 instrukcj\u0105.<\/li>\n<\/ol>\n<p><strong>UWAGA!<\/strong> Poinstruuj uczni\u00f3w o zabraniu ze sob\u0105 rzeczy osobistych \u2013 plecak\u00f3w, reklam\u00f3wek itp.<\/p>\n<ol start=\"7\">\n<li>Zabezpiecz wa\u017cne dokumenty, pieni\u0105dze.<\/li>\n<li>Wy\u0142\u0105cz lub zle\u0107 pracownikowi ds. technicznych wy\u0142\u0105czenie dop\u0142ywu gazu i pr\u0105du.<\/li>\n<li>W przypadku odnalezienia podejrzanego przedmiotu nie dotykaj go i nie otwieraj.<\/li>\n<li>W miar\u0119 mo\u017cliwo\u015bci ogranicz dost\u0119p osobom postronnym.<\/li>\n<li>Dokonaj pr\u00f3by ustalenia w\u0142a\u015bciciela przedmiotu.<\/li>\n<li>Po przybyciu w\u0142a\u015bciwych s\u0142u\u017cb, bezwzgl\u0119dnie stosuj si\u0119 do ich zalece\u0144.<\/li>\n<\/ol>\n","protected":false},"excerpt":{"rendered":"<p>Je\u017celi jest to informacja telefoniczna: s\u0142uchaj uwa\u017cnie, zapami\u0119taj jak najwi\u0119cej, je\u017celi masz tak\u0105 mo\u017cliwo\u015b\u0107, nagrywaj rozmow\u0119 \u2013 je\u015bli nie \u2013 [&hellip;]<\/p>\n","protected":false},"author":1,"featured_media":0,"parent":0,"menu_order":0,"comment_status":"closed","ping_status":"closed","template":"","meta":{"footnotes":""},"class_list":["post-1263","page","type-page","status-publish","hentry","has_no_thumb"],"aioseo_notices":[],"_links":{"self":[{"href":"https:\/\/sp6kwidzyn.pl\/index.php?rest_route=\/wp\/v2\/pages\/1263","targetHints":{"allow":["GET"]}}],"collection":[{"href":"https:\/\/sp6kwidzyn.pl\/index.php?rest_route=\/wp\/v2\/pages"}],"about":[{"href":"https:\/\/sp6kwidzyn.pl\/index.php?rest_route=\/wp\/v2\/types\/page"}],"author":[{"embeddable":true,"href":"https:\/\/sp6kwidzyn.pl\/index.php?rest_route=\/wp\/v2\/users\/1"}],"replies":[{"embeddable":true,"href":"https:\/\/sp6kwidzyn.pl\/index.php?rest_route=%2Fwp%2Fv2%2Fcomments&post=1263"}],"version-history":[{"count":0,"href":"https:\/\/sp6kwidzyn.pl\/index.php?rest_route=\/wp\/v2\/pages\/1263\/revisions"}],"wp:attachment":[{"href":"https:\/\/sp6kwidzyn.pl\/index.php?rest_route=%2Fwp%2Fv2%2Fmedia&parent=1263"}],"curies":[{"name":"wp","href":"https:\/\/api.w.org\/{rel}","templated":true}]}}