{"id":1257,"date":"2019-05-29T22:55:05","date_gmt":"2019-05-29T20:55:05","guid":{"rendered":"http:\/\/sp6kwidzyn.pl\/?page_id=1257"},"modified":"2019-05-29T22:55:05","modified_gmt":"2019-05-29T20:55:05","slug":"postepowanie-w-czasie-zagrozenia-bombowego-przyjecie-zgloszenia-telefonicznego-znalezienie-na-terenie-szkoly-broni-materialow-wybuchowych-przedmiotu-niewiadomego-pochodzenia","status":"publish","type":"page","link":"https:\/\/sp6kwidzyn.pl\/?page_id=1257","title":{"rendered":"Post\u0119powanie w czasie zagro\u017cenia \u201ebombowego\u201d (przyj\u0119cie zg\u0142oszenia telefonicznego, znalezienie na terenie szko\u0142y broni, materia\u0142\u00f3w wybuchowych, przedmiotu niewiadomego pochodzenia)."},"content":{"rendered":"<ol>\n<li>Osoba, kt\u00f3ra przyj\u0119\u0142a zg\u0142oszenie o pod\u0142o\u017ceniu \u0142adunku wybuchowego lub znalaz\u0142a przedmiot niewiadomego pochodzenia, co do kt\u00f3rego istnieje podejrzenie, \u017ce mo\u017ce on stanowi\u0107 zagro\u017cenie dla os\u00f3b i mienia, niezw\u0142ocznie powiada-mia o tym fakcie dyrektora szko\u0142y.<\/li>\n<li>Zabezpieczenie miejsca, w kt\u00f3rym znajduje si\u0119 podejrzany przedmiot.<\/li>\n<li>Podejrzanych przedmiot\u00f3w nie wolno dotyka\u0107!<\/li>\n<li>Dyrektor niezw\u0142ocznie powiadamia Policj\u0119 lub Stra\u017c Miejsk\u0105.<\/li>\n<li>Do czasu przybycia Policji akcj\u0105 kieruje dyrektor szko\u0142y lub osoba przez niego wyznaczona.<\/li>\n<li>Je\u017celi zaistnieje taka konieczno\u015b\u0107 dyrektor zarz\u0105dza ewakuacj\u0119.<\/li>\n<li>Na miejsce zagro\u017cenia incydentem bombowym nale\u017cy wezwa\u0107 s\u0142u\u017cby pomocnicze, takie jak: pogotowie ratunkowe, stra\u017c po\u017carn\u0105, pogotowie gazowe, pogotowie wodno &#8211; kanalizacyjne, pogotowie energetyczne.<\/li>\n<li>Po przybyciu Policji na miejsce incydentu bombowego, <u>akcj\u0105 kieruje Policja.<\/u><\/li>\n<li>Nale\u017cy bezwzgl\u0119dnie wykonywa\u0107 polecenia policjant\u00f3w.<\/li>\n<li>Po og\u0142oszeniu ewakuacji nale\u017cy zachowa\u0107 spok\u00f3j i opanowanie, by sprawnie i bezpiecznie opu\u015bci\u0107 zagro\u017cony rejon.<\/li>\n<li>Nauczyciele zabieraj\u0105 dziennik lekcyjny i wsp\u00f3lnie z uczniami opuszczaj\u0105 klas\u0119, udaj\u0105c si\u0119 na wyznaczone miejsce.<\/li>\n<li>Identyfikacj\u0105 i rozpoznawaniem zlokalizowanego \u0142adunku wybuchowego oraz jego neutralizacj\u0105 zajmuj\u0105 si\u0119 uprawnione i wyspecjalizowane jednostki i kom\u00f3rki organizacyjne Policji.<\/li>\n<\/ol>\n","protected":false},"excerpt":{"rendered":"<p>Osoba, kt\u00f3ra przyj\u0119\u0142a zg\u0142oszenie o pod\u0142o\u017ceniu \u0142adunku wybuchowego lub znalaz\u0142a przedmiot niewiadomego pochodzenia, co do kt\u00f3rego istnieje podejrzenie, \u017ce mo\u017ce [&hellip;]<\/p>\n","protected":false},"author":1,"featured_media":0,"parent":0,"menu_order":0,"comment_status":"closed","ping_status":"closed","template":"","meta":{"footnotes":""},"class_list":["post-1257","page","type-page","status-publish","hentry","has_no_thumb"],"aioseo_notices":[],"_links":{"self":[{"href":"https:\/\/sp6kwidzyn.pl\/index.php?rest_route=\/wp\/v2\/pages\/1257","targetHints":{"allow":["GET"]}}],"collection":[{"href":"https:\/\/sp6kwidzyn.pl\/index.php?rest_route=\/wp\/v2\/pages"}],"about":[{"href":"https:\/\/sp6kwidzyn.pl\/index.php?rest_route=\/wp\/v2\/types\/page"}],"author":[{"embeddable":true,"href":"https:\/\/sp6kwidzyn.pl\/index.php?rest_route=\/wp\/v2\/users\/1"}],"replies":[{"embeddable":true,"href":"https:\/\/sp6kwidzyn.pl\/index.php?rest_route=%2Fwp%2Fv2%2Fcomments&post=1257"}],"version-history":[{"count":0,"href":"https:\/\/sp6kwidzyn.pl\/index.php?rest_route=\/wp\/v2\/pages\/1257\/revisions"}],"wp:attachment":[{"href":"https:\/\/sp6kwidzyn.pl\/index.php?rest_route=%2Fwp%2Fv2%2Fmedia&parent=1257"}],"curies":[{"name":"wp","href":"https:\/\/api.w.org\/{rel}","templated":true}]}}