{"id":1254,"date":"2019-05-29T22:53:51","date_gmt":"2019-05-29T20:53:51","guid":{"rendered":"http:\/\/sp6kwidzyn.pl\/?page_id=1254"},"modified":"2019-05-29T22:53:51","modified_gmt":"2019-05-29T20:53:51","slug":"znalezienie-na-terenie-szkoly-broni-materialow-wybuchowych-i-innych-niebezpiecznych-substancji-lub-przedmiotow","status":"publish","type":"page","link":"https:\/\/sp6kwidzyn.pl\/?page_id=1254","title":{"rendered":"Znalezienie na terenie szko\u0142y broni, materia\u0142\u00f3w wybuchowych i innych niebezpiecznych substancji lub przedmiot\u00f3w."},"content":{"rendered":"<ol>\n<li>Nauczyciel uniemo\u017cliwia dost\u0119p os\u00f3b postronnych do znalezionych materia\u0142\u00f3w.<\/li>\n<li>Powiadamia dyrektora szko\u0142y.<\/li>\n<li>Dyrektor celem zapewnienia bezpiecze\u0144stwa przebywaj\u0105cym na terenie szko\u0142y og\u0142asza ewakuacj\u0119 szko\u0142y zgodnie z opracowan\u0105 procedur\u0105.<\/li>\n<li>Dyrektor powiadamia s\u0142u\u017cby ratownicze (stra\u017c po\u017carn\u0105, policj\u0119) oraz Pomorskiego Kuratora O\u015bwiaty.<\/li>\n<\/ol>\n","protected":false},"excerpt":{"rendered":"<p>Nauczyciel uniemo\u017cliwia dost\u0119p os\u00f3b postronnych do znalezionych materia\u0142\u00f3w. Powiadamia dyrektora szko\u0142y. Dyrektor celem zapewnienia bezpiecze\u0144stwa przebywaj\u0105cym na terenie szko\u0142y og\u0142asza [&hellip;]<\/p>\n","protected":false},"author":1,"featured_media":0,"parent":0,"menu_order":0,"comment_status":"closed","ping_status":"closed","template":"","meta":{"footnotes":""},"class_list":["post-1254","page","type-page","status-publish","hentry","has_no_thumb"],"aioseo_notices":[],"_links":{"self":[{"href":"https:\/\/sp6kwidzyn.pl\/index.php?rest_route=\/wp\/v2\/pages\/1254","targetHints":{"allow":["GET"]}}],"collection":[{"href":"https:\/\/sp6kwidzyn.pl\/index.php?rest_route=\/wp\/v2\/pages"}],"about":[{"href":"https:\/\/sp6kwidzyn.pl\/index.php?rest_route=\/wp\/v2\/types\/page"}],"author":[{"embeddable":true,"href":"https:\/\/sp6kwidzyn.pl\/index.php?rest_route=\/wp\/v2\/users\/1"}],"replies":[{"embeddable":true,"href":"https:\/\/sp6kwidzyn.pl\/index.php?rest_route=%2Fwp%2Fv2%2Fcomments&post=1254"}],"version-history":[{"count":0,"href":"https:\/\/sp6kwidzyn.pl\/index.php?rest_route=\/wp\/v2\/pages\/1254\/revisions"}],"wp:attachment":[{"href":"https:\/\/sp6kwidzyn.pl\/index.php?rest_route=%2Fwp%2Fv2%2Fmedia&parent=1254"}],"curies":[{"name":"wp","href":"https:\/\/api.w.org\/{rel}","templated":true}]}}