{"id":1251,"date":"2019-05-29T22:52:06","date_gmt":"2019-05-29T20:52:06","guid":{"rendered":"http:\/\/sp6kwidzyn.pl\/?page_id=1251"},"modified":"2019-05-29T22:52:06","modified_gmt":"2019-05-29T20:52:06","slug":"reagowanie-w-sytuacji-cyberprzemocy","status":"publish","type":"page","link":"https:\/\/sp6kwidzyn.pl\/?page_id=1251","title":{"rendered":"Reagowanie w sytuacji cyberprzemocy"},"content":{"rendered":"<ol>\n<li>Postanowienia og\u00f3lne.<\/li>\n<li>Niniejsze procedury zawieraj\u0105 zasady post\u0119powania nauczycieli szko\u0142y w sytuacji podejrzenia lub ujawnienia cyberprzemocy.<\/li>\n<li>Cyberprzemoc to wszelkie intencjonalne dzia\u0142ania przy u\u017cyciu Internetu, komputera i urz\u0105dze\u0144 mobilnych (telefony kom\u00f3rkowe, tablety itp.), kt\u00f3re d\u0105\u017c\u0105 do wyrz\u0105dzenia krzywdy lub wywo\u0142ania dyskomfortu u osoby do\u015bwiadczaj\u0105cej przemocy.<\/li>\n<li>Opis procedury reagowania szko\u0142y na ujawnienie cyberprzemocy<\/li>\n<li>Ustalenie okoliczno\u015bci zdarzenia<\/li>\n<\/ol>\n<ul>\n<li>nauczyciel przekazuje informacj\u0119 wychowawcy klasy, kt\u00f3ry informuje o fakcie specjalist\u0119 szkolnego i dyrektora.<\/li>\n<li>specjalista szkolny i dyrektor wsp\u00f3lnie z wychowawc\u0105 dokonuj\u0105 analizy zdarzenia i planuj\u0105 dalsze post\u0119powanie w celu ustalenia okoliczno\u015bci zdarzenia i ewentualnych \u015bwiadk\u00f3w.<\/li>\n<\/ul>\n<ol start=\"2\">\n<li>Zabezpieczenie dowod\u00f3w<\/li>\n<\/ol>\n<ul>\n<li>Wszelkie dowody cyberprzemocy wychowawca zabezpiecza i rejestruje. Nast\u0119pnie zapoznaje wszystkie zaanga\u017cowane w spraw\u0119 osoby: dyrektora, specjalist\u0119 szkolnego, rodzic\u00f3w, w przypadku z\u0142amania prawa &#8211; policj\u0119.<\/li>\n<li>Nale\u017cy zanotowa\u0107 dat\u0119 i czas otrzymania materia\u0142u, tre\u015b\u0107 wiadomo\u015bci oraz, je\u015bli to mo\u017cliwe, dane nadawcy (nazw\u0119 u\u017cytkownika, adres e &#8211; mail, numer telefonu kom\u00f3rkowego, itp.) lub adres strony internetowej, na kt\u00f3rej pojawi\u0142y si\u0119 szkodliwe tre\u015bci czy profil.<\/li>\n<\/ul>\n<ol start=\"3\">\n<li>Identyfikacja sprawcy\n<ul>\n<li>Szko\u0142a podejmuje dzia\u0142ania maj\u0105ce na celu identyfikacj\u0119 sprawcy cyberprzemocy.<\/li>\n<li>W przypadku, gdy zosta\u0142o z\u0142amane prawo, a to\u017csamo\u015bci sprawcy nie uda\u0142o si\u0119 ustali\u0107 nale\u017cy bezwzgl\u0119dnie skontaktowa\u0107 si\u0119 z policj\u0105.<\/li>\n<\/ul>\n<\/li>\n<\/ol>\n<ol start=\"4\">\n<li>Dzia\u0142ania wobec sprawcy cyberprzemocy<\/li>\n<\/ol>\n<ul>\n<li>W przypadku, gdy sprawca cyberprzemocy jest znany i jest on uczniem szko\u0142y, specjalista przeprowadza rozmow\u0119 z uczniem, kt\u00f3rej celem jest wyja\u015bnienie okoliczno\u015bci zdarzenia, jego przyczyn, ustalenia sposob\u00f3w rozwi\u0105zania sytuacji problemowej, om\u00f3wienia konsekwencji.<\/li>\n<li>Je\u015bli w zdarzeniu bra\u0142a udzia\u0142 wi\u0119ksza grupa uczni\u00f3w, nale\u017cy rozmawia\u0107 z ka\u017cdym z nich z osobna, zaczynaj\u0105c od lidera grupy.<\/li>\n<li>Nie nale\u017cy konfrontowa\u0107 sprawcy i ofiary cyberprzemocy.<\/li>\n<li>Wychowawca informuje rodzic\u00f3w sprawcy o przebiegu zdarzenia i zapoznaje z materia\u0142em dowodowym, a tak\u017ce o decyzji w sprawie dalszego post\u0119powania i podj\u0119tych przez szko\u0142\u0119 \u015brodkach dyscyplinarnych wobec ich dziecka.<\/li>\n<li>We wsp\u00f3\u0142pracy z rodzicami wychowawca zobowi\u0105zuje ucznia do zaprzestania stosowania cyberprzemocy oraz ustala konsekwencje nieprzestrzegania przyj\u0119tych wymaga\u0144.<\/li>\n<\/ul>\n<ol start=\"5\">\n<li>Zastosowanie \u015brodk\u00f3w dyscyplinarnych wobec sprawcy cyberprzemocy<\/li>\n<\/ol>\n<ul>\n<li>Wobec sprawcy cyberprzemocy szko\u0142a stosuje kary zawarte w statucie szko\u0142y.<\/li>\n<\/ul>\n<ul>\n<li>Podejmuj\u0105c decyzj\u0119 o rodzaju kary nale\u017cy wzi\u0105\u0107 pod uwag\u0119:<\/li>\n<\/ul>\n<ol>\n<li>rozmiar i rang\u0119 szkody;<\/li>\n<li>czas trwania prze\u015bladowania;<\/li>\n<li>\u015bwiadomo\u015b\u0107 pope\u0142nianego czynu;<\/li>\n<li>motywacj\u0119 sprawcy;<\/li>\n<li>rodzaj rozpowszechnianego materia\u0142u.<\/li>\n<li>Dzia\u0142ania wobec ofiary cyberprzemocy\n<ul>\n<li>Ofiara cyberprzemocy otrzymuje w szkole pomoc psychologiczno- pedagogiczn\u0105 udzielan\u0105 przez specjalist\u0119 szkolnego.<\/li>\n<li>Po zako\u0144czeniu interwencji wychowawca wraz z osob\u0105 udzielaj\u0105c\u0105 pomocy monitoruj\u0105 sytuacj\u0119 ucznia sprawdzaj\u0105c, czy nie s\u0105 wobec niego podejmowane dalsze dzia\u0142ania przemocowe b\u0105d\u017a odwetowe ze strony sprawcy.<\/li>\n<\/ul>\n<\/li>\n<\/ol>\n<ol start=\"7\">\n<li>Sporz\u0105dzenie dokumentacji z zaj\u015bcia<\/li>\n<\/ol>\n<ul>\n<li>Wychowawca oraz specjalista szkolny zobowi\u0105zany jest do sporz\u0105dzenia notatki s\u0142u\u017cbowej z przeprowadzonych rozm\u00f3w. Dokument powinien zawiera\u0107 dat\u0119 i miejsce rozmowy, personalia os\u00f3b bior\u0105cych w niej udzia\u0142 i opis ustalonego przebiegu wydarze\u0144.<\/li>\n<li>Je\u015bli zosta\u0142y zabezpieczone dowody cyberprzemocy, nale\u017cy je w\u0142\u0105czy\u0107 do dokumentacji (wydruki, opis, itp.).<\/li>\n<\/ul>\n<ol start=\"8\">\n<li>Powiadomienie s\u0105du rodzinnego<\/li>\n<\/ol>\n<ul>\n<li>Je\u015bli rodzice sprawcy cyberprzemocy odmawiaj\u0105 wsp\u00f3\u0142pracy lub nie stawiaj\u0105 si\u0119 do szko\u0142y, a ucze\u0144 nie zaniecha\u0142 dotychczasowego post\u0119powania dyrektor szko\u0142y pisemnie informuje o zaistnia\u0142ej sytuacji s\u0105d rodzinny, szczeg\u00f3lnie je\u015bli do szko\u0142y nap\u0142ywaj\u0105 informacje o innych przejawach demoralizacji dziecka.<\/li>\n<li>W sytuacji, gdy szko\u0142a wykorzysta wszystkie dost\u0119pne jej \u015brodki wychowawcze (rozmowa z rodzicami, konsekwencje regulaminowe wobec ucznia, itp.), a ich zastosowanie nie przynosi po\u017c\u0105danych rezultat\u00f3w, dyrektor powinien zwr\u00f3ci\u0107 si\u0119 do s\u0105du rodzinnego z zawiadomieniem o podj\u0119cie odpowiednich \u015brodk\u00f3w wynikaj\u0105cych z ustawy o post\u0119powaniu w sprawach nieletnich.<\/li>\n<li>W przypadku szczeg\u00f3lnie drastycznych akt\u00f3w agresji z naruszeniem prawa, dyrektor szko\u0142y zobowi\u0105zany jest zg\u0142osi\u0107 te fakty do s\u0105du rodzinnego.<\/li>\n<\/ul>\n","protected":false},"excerpt":{"rendered":"<p>Postanowienia og\u00f3lne. Niniejsze procedury zawieraj\u0105 zasady post\u0119powania nauczycieli szko\u0142y w sytuacji podejrzenia lub ujawnienia cyberprzemocy. Cyberprzemoc to wszelkie intencjonalne dzia\u0142ania [&hellip;]<\/p>\n","protected":false},"author":1,"featured_media":0,"parent":0,"menu_order":0,"comment_status":"closed","ping_status":"closed","template":"","meta":{"footnotes":""},"class_list":["post-1251","page","type-page","status-publish","hentry","has_no_thumb"],"aioseo_notices":[],"_links":{"self":[{"href":"https:\/\/sp6kwidzyn.pl\/index.php?rest_route=\/wp\/v2\/pages\/1251","targetHints":{"allow":["GET"]}}],"collection":[{"href":"https:\/\/sp6kwidzyn.pl\/index.php?rest_route=\/wp\/v2\/pages"}],"about":[{"href":"https:\/\/sp6kwidzyn.pl\/index.php?rest_route=\/wp\/v2\/types\/page"}],"author":[{"embeddable":true,"href":"https:\/\/sp6kwidzyn.pl\/index.php?rest_route=\/wp\/v2\/users\/1"}],"replies":[{"embeddable":true,"href":"https:\/\/sp6kwidzyn.pl\/index.php?rest_route=%2Fwp%2Fv2%2Fcomments&post=1251"}],"version-history":[{"count":0,"href":"https:\/\/sp6kwidzyn.pl\/index.php?rest_route=\/wp\/v2\/pages\/1251\/revisions"}],"wp:attachment":[{"href":"https:\/\/sp6kwidzyn.pl\/index.php?rest_route=%2Fwp%2Fv2%2Fmedia&parent=1251"}],"curies":[{"name":"wp","href":"https:\/\/api.w.org\/{rel}","templated":true}]}}