{"id":1248,"date":"2019-05-29T22:50:26","date_gmt":"2019-05-29T20:50:26","guid":{"rendered":"http:\/\/sp6kwidzyn.pl\/?page_id=1248"},"modified":"2019-05-29T22:50:26","modified_gmt":"2019-05-29T20:50:26","slug":"zapewnienie-bezpieczenstwa-dziecka-w-sieci","status":"publish","type":"page","link":"https:\/\/sp6kwidzyn.pl\/?page_id=1248","title":{"rendered":"Zapewnienie bezpiecze\u0144stwa dziecka w sieci"},"content":{"rendered":"<ol>\n<li>Wszystkie komputery, z kt\u00f3rych korzystaj\u0105 uczniowie s\u0105 zabezpieczone odpowiednim oprogramowaniem utrudniaj\u0105cym uczniom dost\u0119p do tre\u015bci niepo\u017c\u0105danych.<\/li>\n<li>Uczniowie mog\u0105 korzysta\u0107 z Internetu wy\u0142\u0105cznie pod kontrol\u0105 nauczyciela.<\/li>\n<li>Nauczyciel nadzoruj\u0105cy prac\u0119 ucznia z komputerem powinien posiada\u0107 odpowiednie kwalifikacje.<\/li>\n<li>W trakcie zaj\u0119\u0107 uczniowie maj\u0105 obowi\u0105zek:\n<ul>\n<li>przestrzega\u0107 zasad ograniczonego zaufania przede wszystkim wobec nowo poznanych os\u00f3b;<\/li>\n<li>nie przekazywa\u0107 danych osobowych;<\/li>\n<li>nie otwiera\u0107 poczty elektronicznej bez zgody nauczyciela;<\/li>\n<li>nie korzysta\u0107 z komunikator\u00f3w;<\/li>\n<li>nie zapisywa\u0107 na dysku komputer\u00f3w \u015bci\u0105gni\u0119tych z Internetu plik\u00f3w graficznych, muzycznych, filmowych itp.<\/li>\n<li>nie umieszcza\u0107 tre\u015bci obra\u017aliwych na stronach www (ksi\u0119gi go\u015bci itp.) i na dysku komputera.<\/li>\n<li>przestrzega\u0107 netykiety;<\/li>\n<li>w razie wyst\u0105pienia sytuacji k\u0142opotliwej, niejasnej zwr\u00f3ci\u0107 si\u0119 do nauczyciela o pomoc.<\/li>\n<\/ul>\n<\/li>\n<li>Nauczyciel ma obowi\u0105zek u\u015bwiadomi\u0107 rodzicom zagro\u017cenia zwi\u0105zane z Internetem.<\/li>\n<li>Wszystkie incydenty, kt\u00f3re nauczyciel uzna za szkodliwe, ma obowi\u0105zek zg\u0142osi\u0107 odpowiednim organizacjom i instytucjom zajmuj\u0105cym si\u0119 \u015bciganiem przest\u0119pstw internetowych.<\/li>\n<\/ol>\n","protected":false},"excerpt":{"rendered":"<p>Wszystkie komputery, z kt\u00f3rych korzystaj\u0105 uczniowie s\u0105 zabezpieczone odpowiednim oprogramowaniem utrudniaj\u0105cym uczniom dost\u0119p do tre\u015bci niepo\u017c\u0105danych. Uczniowie mog\u0105 korzysta\u0107 z [&hellip;]<\/p>\n","protected":false},"author":1,"featured_media":0,"parent":0,"menu_order":0,"comment_status":"closed","ping_status":"closed","template":"","meta":{"footnotes":""},"class_list":["post-1248","page","type-page","status-publish","hentry","has_no_thumb"],"aioseo_notices":[],"_links":{"self":[{"href":"https:\/\/sp6kwidzyn.pl\/index.php?rest_route=\/wp\/v2\/pages\/1248","targetHints":{"allow":["GET"]}}],"collection":[{"href":"https:\/\/sp6kwidzyn.pl\/index.php?rest_route=\/wp\/v2\/pages"}],"about":[{"href":"https:\/\/sp6kwidzyn.pl\/index.php?rest_route=\/wp\/v2\/types\/page"}],"author":[{"embeddable":true,"href":"https:\/\/sp6kwidzyn.pl\/index.php?rest_route=\/wp\/v2\/users\/1"}],"replies":[{"embeddable":true,"href":"https:\/\/sp6kwidzyn.pl\/index.php?rest_route=%2Fwp%2Fv2%2Fcomments&post=1248"}],"version-history":[{"count":0,"href":"https:\/\/sp6kwidzyn.pl\/index.php?rest_route=\/wp\/v2\/pages\/1248\/revisions"}],"wp:attachment":[{"href":"https:\/\/sp6kwidzyn.pl\/index.php?rest_route=%2Fwp%2Fv2%2Fmedia&parent=1248"}],"curies":[{"name":"wp","href":"https:\/\/api.w.org\/{rel}","templated":true}]}}