{"id":1245,"date":"2019-05-29T22:49:12","date_gmt":"2019-05-29T20:49:12","guid":{"rendered":"http:\/\/sp6kwidzyn.pl\/?page_id=1245"},"modified":"2019-05-29T22:49:12","modified_gmt":"2019-05-29T20:49:12","slug":"procedura-postepowania-w-przypadku-ciazy-uczennicy","status":"publish","type":"page","link":"https:\/\/sp6kwidzyn.pl\/?page_id=1245","title":{"rendered":"Procedura post\u0119powania w przypadku ci\u0105\u017cy uczennicy."},"content":{"rendered":"<p>W przypadku zaobserwowania lub powzi\u0119cia informacji, \u017ce uczennica jest w ci\u0105\u017cy nauczyciel\/wychowawca informuje o tym fakcie specjalist\u0119 szkolnego (pedagoga lub psychologa szkolnego) i dyrektora szko\u0142y.<\/p>\n<ul>\n<li>Wychowawca i specjalista szkolny wzywa do szko\u0142y rodzic\u00f3w (opiekun\u00f3w prawnych) i przeprowadza rozmow\u0119 z uczennic\u0105 oraz jej rodzicami (opiekunami). Sporz\u0105dza notatk\u0119 z przeprowadzonej rozmowy (do teczki wychowawcy).<\/li>\n<li>W przypadku potwierdzenia informacji, dyrektor szko\u0142y w porozumieniu z rodzicami (opiekunami prawnymi) oraz wychowawc\u0105 ustalaj\u0105 spos\u00f3b i termin realizacji obowi\u0105zku szkolnego przez uczennic\u0119.<\/li>\n<li>Specjalista szkolny wskazuje rodzicom mo\u017cliwo\u015bci skorzystania przez uczennic\u0119 i ich samych z pomocy psychologiczno-pedagogicznej na terenie szko\u0142y i poza ni\u0105.<\/li>\n<li>Dyrektor zobowi\u0105zuje wychowawc\u0119 i piel\u0119gniark\u0119 szkoln\u0105 do opieki nad uczennic\u0105 w trakcie pobytu w szkole oraz ewentualnej kontroli w czasie jej przebywania w domu.<\/li>\n<li>Dyrektor o zaistnia\u0142ej sytuacji powiadamia na pi\u015bmie s\u0105d rodzinny lub policj\u0119 (informuje o tym rodzic\u00f3w uczennicy).<\/li>\n<\/ul>\n","protected":false},"excerpt":{"rendered":"<p>W przypadku zaobserwowania lub powzi\u0119cia informacji, \u017ce uczennica jest w ci\u0105\u017cy nauczyciel\/wychowawca informuje o tym fakcie specjalist\u0119 szkolnego (pedagoga lub [&hellip;]<\/p>\n","protected":false},"author":1,"featured_media":0,"parent":0,"menu_order":0,"comment_status":"closed","ping_status":"closed","template":"","meta":{"footnotes":""},"class_list":["post-1245","page","type-page","status-publish","hentry","has_no_thumb"],"aioseo_notices":[],"_links":{"self":[{"href":"https:\/\/sp6kwidzyn.pl\/index.php?rest_route=\/wp\/v2\/pages\/1245","targetHints":{"allow":["GET"]}}],"collection":[{"href":"https:\/\/sp6kwidzyn.pl\/index.php?rest_route=\/wp\/v2\/pages"}],"about":[{"href":"https:\/\/sp6kwidzyn.pl\/index.php?rest_route=\/wp\/v2\/types\/page"}],"author":[{"embeddable":true,"href":"https:\/\/sp6kwidzyn.pl\/index.php?rest_route=\/wp\/v2\/users\/1"}],"replies":[{"embeddable":true,"href":"https:\/\/sp6kwidzyn.pl\/index.php?rest_route=%2Fwp%2Fv2%2Fcomments&post=1245"}],"version-history":[{"count":0,"href":"https:\/\/sp6kwidzyn.pl\/index.php?rest_route=\/wp\/v2\/pages\/1245\/revisions"}],"wp:attachment":[{"href":"https:\/\/sp6kwidzyn.pl\/index.php?rest_route=%2Fwp%2Fv2%2Fmedia&parent=1245"}],"curies":[{"name":"wp","href":"https:\/\/api.w.org\/{rel}","templated":true}]}}