{"id":1236,"date":"2019-05-29T22:42:22","date_gmt":"2019-05-29T20:42:22","guid":{"rendered":"http:\/\/sp6kwidzyn.pl\/?page_id=1236"},"modified":"2023-09-06T12:54:09","modified_gmt":"2023-09-06T10:54:09","slug":"procedura-postepowania-w-przypadku-samookaleczen-prob-samobojczych-lub-samobojstwa-ucznia","status":"publish","type":"page","link":"https:\/\/sp6kwidzyn.pl\/?page_id=1236","title":{"rendered":"Procedura post\u0119powania w przypadku samookalecze\u0144."},"content":{"rendered":"<ol>\n<li>Ka\u017cdy pracownik ma obowi\u0105zek zareagowania na jakikolwiek sygna\u0142 o ryzyku zachowania autodestrukcyjnego u ucznia.<\/li>\n<li>W przypadku zaobserwowania lub powzi\u0119cia informacji, \u017ce ucze\u0144 planuje podj\u0105\u0107 lub podj\u0105\u0142 pr\u00f3b\u0119 samookaleczenia ka\u017cdy pracownik powinien niezw\u0142ocznie poinformowa\u0107 o tym dyrektora szko\u0142y.<\/li>\n<\/ol>\n<p><strong>A. Post\u0119powanie w sytuacji, w kt\u00f3rej ucze\u0144 dokonuje samookaleczenia: <\/strong><\/p>\n<ol>\n<li>Nale\u017cy uniemo\u017cliwi\u0107 uczniowi kontynuowanie czynno\u015bci samookaleczenia poprzez zastosowanie stanowczej perswazji z zachowaniem zasad bezpiecze\u0144stwa.<\/li>\n<li>W razie potrzeby poprosi\u0107 osob\u0119 doros\u0142\u0105 (nauczyciela\/ innego pracownika szko\u0142y) lub ucznia o udanie si\u0119 do sekretariatu celem poinformowania dyrektora szko\u0142y i wezwania pogotowia ratunkowego.<\/li>\n<li>Je\u017celi wydarzenie mia\u0142o miejsce podczas zaj\u0119\u0107 lekcyjnych, zapewni\u0107 opiek\u0119 pozosta\u0142ym uczniom z pomoc\u0105 innego nauczyciela lub pracownika szko\u0142y.<\/li>\n<li>Niezw\u0142ocznie poinformowa\u0107 o zaistnia\u0142ym zdarzeniu dyrektora szko\u0142y, pedagoga, psychologa szkolnego i wychowawc\u0119 klasy, do kt\u00f3rej chodzi ucze\u0144 dokonuj\u0105cy samookaleczenia.<\/li>\n<li>Wychowawca, pedagog lub psycholog szkolny wzywa rodzic\u00f3w ucznia, informuje o zdarzeniu i zobowi\u0105zuje do konsultacji psychiatrycznej ich dziecka. Przekazuje ucznia pod opiek\u0119 rodzic\u00f3w.<\/li>\n<li>Wychowawca, pedagog lub psycholog szkolny informuje rodzic\u00f3w o mo\u017cliwo\u015bci wsparcia psychologicznego na terenie szko\u0142y.<\/li>\n<\/ol>\n<p><strong> B. Post\u0119powanie w przypadku powzi\u0119cia informacji, \u017ce ucze\u0144 ma \u015blady \u015bwiadcz\u0105ce o<br \/>\n<\/strong><strong>samookaleczaniu si\u0119 <\/strong>(informacja od samego ucznia, koleg\u00f3w, nauczycieli).<\/p>\n<ol>\n<li>Wychowawca, pedagog lub psycholog diagnozuj\u0105 sytuacj\u0119 z pomoc\u0105 piel\u0119gniarki szkolnej, kt\u00f3ra dokonuje ogl\u0119dzin cia\u0142a oraz w razie potrzeby opatruje \u015blady samookaleczenia.<\/li>\n<li>Wychowawca, pedagog lub psycholog przeprowadza rozmow\u0119 z uczniem oraz powiadamia rodzic\u00f3w o zaistnia\u0142ej sytuacji i prosi o niezw\u0142oczne przybycie do szko\u0142y.<\/li>\n<li>Wychowawca, pedagog lub psycholog przekazuj\u0105 ucznia pod opiek\u0119 rodzic\u00f3w (prawnych opiekun\u00f3w) i zobowi\u0105zuj\u0105 ich do konsultacji psychiatrycznej ich dziecka.<\/li>\n<li>Wychowawca, pedagog lub psycholog szkolny informuje rodzic\u00f3w o mo\u017cliwo\u015bci wsparcia psychologicznego na terenie szko\u0142y.<\/li>\n<li>O zdarzeniu nale\u017cy poinformowa\u0107 dyrektora szko\u0142y.<\/li>\n<\/ol>\n","protected":false},"excerpt":{"rendered":"<p>Ka\u017cdy pracownik ma obowi\u0105zek zareagowania na jakikolwiek sygna\u0142 o ryzyku zachowania autodestrukcyjnego u ucznia. W przypadku zaobserwowania lub powzi\u0119cia informacji, [&hellip;]<\/p>\n","protected":false},"author":1,"featured_media":0,"parent":0,"menu_order":0,"comment_status":"closed","ping_status":"closed","template":"","meta":{"footnotes":""},"class_list":["post-1236","page","type-page","status-publish","hentry","has_no_thumb"],"aioseo_notices":[],"_links":{"self":[{"href":"https:\/\/sp6kwidzyn.pl\/index.php?rest_route=\/wp\/v2\/pages\/1236","targetHints":{"allow":["GET"]}}],"collection":[{"href":"https:\/\/sp6kwidzyn.pl\/index.php?rest_route=\/wp\/v2\/pages"}],"about":[{"href":"https:\/\/sp6kwidzyn.pl\/index.php?rest_route=\/wp\/v2\/types\/page"}],"author":[{"embeddable":true,"href":"https:\/\/sp6kwidzyn.pl\/index.php?rest_route=\/wp\/v2\/users\/1"}],"replies":[{"embeddable":true,"href":"https:\/\/sp6kwidzyn.pl\/index.php?rest_route=%2Fwp%2Fv2%2Fcomments&post=1236"}],"version-history":[{"count":2,"href":"https:\/\/sp6kwidzyn.pl\/index.php?rest_route=\/wp\/v2\/pages\/1236\/revisions"}],"predecessor-version":[{"id":9998,"href":"https:\/\/sp6kwidzyn.pl\/index.php?rest_route=\/wp\/v2\/pages\/1236\/revisions\/9998"}],"wp:attachment":[{"href":"https:\/\/sp6kwidzyn.pl\/index.php?rest_route=%2Fwp%2Fv2%2Fmedia&parent=1236"}],"curies":[{"name":"wp","href":"https:\/\/api.w.org\/{rel}","templated":true}]}}