{"id":1233,"date":"2019-05-29T22:38:54","date_gmt":"2019-05-29T20:38:54","guid":{"rendered":"http:\/\/sp6kwidzyn.pl\/?page_id=1233"},"modified":"2019-05-29T22:38:54","modified_gmt":"2019-05-29T20:38:54","slug":"procedura-postepowania-w-przypadku-podejrzenia-ze-uczen-jest-ofiara-przemocy-w-rodzinie-procedura-niebieskie-karty","status":"publish","type":"page","link":"https:\/\/sp6kwidzyn.pl\/?page_id=1233","title":{"rendered":"Procedura post\u0119powania w przypadku podejrzenia, \u017ce ucze\u0144 jest ofiar\u0105 przemocy w rodzinie &#8211; Procedura \u201eNiebieskie Karty\u201d"},"content":{"rendered":"<p><strong>I. Postanowienia og\u00f3lne.<\/strong><\/p>\n<p>1. Karta stanowi wa\u017cny element w walce z przemoc\u0105 w rodzinie, poniewa\u017c dokumentuje sytuacje pokrzywdzonego<br \/>\nucznia i stanowi dow\u00f3d w post\u0119powaniu przygotowawczym i ewentualnej sprawie karnej.<\/p>\n<ol start=\"2\">\n<li>\u201ePrzemoc w rodzinie to jednorazowe albo powtarzaj\u0105ce si\u0119 umy\u015blne dzia\u0142anie lub zaniechanie naruszaj\u0105ce prawa lub dobra osobiste cz\u0142onk\u00f3w rodziny, a tak\u017ce innych os\u00f3b wsp\u00f3lnie zamieszkuj\u0105cych lub gospodaruj\u0105cych, w szczeg\u00f3lno\u015bci nara\u017caj\u0105ce te osoby na niebezpiecze\u0144stwo utraty \u017cycia, zdrowia, naruszaj\u0105ce ich godno\u015b\u0107, nietykalno\u015b\u0107 cielesn\u0105, wolno\u015b\u0107, w tym seksualn\u0105, powoduj\u0105ce szkody na ich zdrowiu fizycznym lub psychicznym, a tak\u017ce wywo\u0142uj\u0105ce cierpienia i krzywdy moralne u os\u00f3b dotkni\u0119tych przemoc\u0105\u201d.<\/li>\n<li>Formami przemocy w rodzinie jest: przemoc fizyczna, przemoc psychiczna, przemoc seksualna oraz inne zachowania tj. niszczenie lub uszkodzenie mienia, zab\u00f3r lub przyw\u0142aszczenie mienia, gro\u017aba karalna, zniewa\u017cenie, zmuszanie do picia alkoholu, zmuszanie do za\u017cywania \u015brodk\u00f3w odurzaj\u0105cych lub substancji psychotropowych oraz niezleconych przez lekarza lek\u00f3w inne dzia\u0142aj\u0105ce na szkod\u0119 najbli\u017cszych.<\/li>\n<\/ol>\n<p><em><strong><u>II. Realizacja procedury w szkole:<\/u><\/strong><\/em><\/p>\n<ol start=\"2\">\n<li>\u201eNiebiesk\u0105 Kart\u0119\u201d zak\u0142ada nauczyciel, kt\u00f3ry stwierdza, \u017ce w rodzinie ucznia dochodzi do przemocy (decyzj\u0119 o za\u0142o\u017ceniu \u201eNiebieskiej Karty\u201d warto podj\u0105\u0107 po konsultacjach oraz\u00a0w porozumieniu z zespo\u0142em wychowawczym szko\u0142y).<\/li>\n<li>Wszcz\u0119cie procedury nast\u0119puje poprzez wype\u0142nienie formularza \u201eNiebieska Karta \u2013 A\u201d w obecno\u015bci ucznia, co do kt\u00f3rego istnieje podejrzenie, \u017ce jest dotkni\u0119ty przemoc\u0105 w rodzinie oraz raz w obecno\u015bci rodzica, opiekuna prawnego lub faktycznego.<\/li>\n<li>Je\u017celi osobami, wobec kt\u00f3rych istnieje podejrzenie, \u017ce stosuj\u0105 przemoc w rodzinie wobec dziecka s\u0105 rodzice, opiekunowie prawni lub faktyczni, dzia\u0142ania z udzia\u0142em ucznia przeprowadza si\u0119 w obecno\u015bci pe\u0142noletniej osoby najbli\u017cszej.<\/li>\n<li>Dzia\u0142ania z udzia\u0142em ucznia, co do kt\u00f3rego istnieje podejrzenie, \u017ce jest dotkni\u0119ty przemoc\u0105 w rodzinie, powinny by\u0107 prowadzone w miar\u0119 mo\u017cliwo\u015bci w obecno\u015bci pedagoga szkolnego lub psychologa.<\/li>\n<li>Po wype\u0142nieniu formularza \u201eNiebieska Karta \u2013 A\u201d osobie, co do kt\u00f3rego istnieje podejrzenie, \u017ce jest dotkni\u0119ta prze-moc\u0105 w rodzinie, przekazuje si\u0119 formularz \u201eNiebieska Karta \u2013B\u201d. W przypadku, gdy przemoc w rodzinie dotyczy niepe\u0142no- letniego ucznia, formularz \u201eNiebieska Karta \u2013 B\u201d przekazuje si\u0119 rodzicowi, opiekunowi prawnemu lub faktycznemu albo osobie, kt\u00f3ra zg\u0142osi\u0142a podejrzenie stosowania przemocy w rodzinie ( formularza \u201eNiebieska Karta \u2013 B\u201d nie przekazuje si\u0119 osobie, wobec kt\u00f3rej istnieje podejrzenie, \u017ce stosuje przemoc w rodzinie).<\/li>\n<li>Wype\u0142niony formularz \u201eNiebieska Karta \u2013A\u201d dyrektor szko\u0142y przekazuje przewodnicz\u0105cemu zespo\u0142u interdyscyplinarnego do spraw przeciwdzia\u0142ania przemocy w rodzinie, w terminie nie p\u00f3\u017aniej ni\u017c 7 dni od wszcz\u0119cia procedury<\/li>\n<\/ol>\n<p><strong>\u00a0<\/strong><\/p>\n","protected":false},"excerpt":{"rendered":"<p>I. Postanowienia og\u00f3lne. 1. Karta stanowi wa\u017cny element w walce z przemoc\u0105 w rodzinie, poniewa\u017c dokumentuje sytuacje pokrzywdzonego ucznia i [&hellip;]<\/p>\n","protected":false},"author":1,"featured_media":0,"parent":0,"menu_order":0,"comment_status":"closed","ping_status":"closed","template":"","meta":{"footnotes":""},"class_list":["post-1233","page","type-page","status-publish","hentry","has_no_thumb"],"aioseo_notices":[],"_links":{"self":[{"href":"https:\/\/sp6kwidzyn.pl\/index.php?rest_route=\/wp\/v2\/pages\/1233","targetHints":{"allow":["GET"]}}],"collection":[{"href":"https:\/\/sp6kwidzyn.pl\/index.php?rest_route=\/wp\/v2\/pages"}],"about":[{"href":"https:\/\/sp6kwidzyn.pl\/index.php?rest_route=\/wp\/v2\/types\/page"}],"author":[{"embeddable":true,"href":"https:\/\/sp6kwidzyn.pl\/index.php?rest_route=\/wp\/v2\/users\/1"}],"replies":[{"embeddable":true,"href":"https:\/\/sp6kwidzyn.pl\/index.php?rest_route=%2Fwp%2Fv2%2Fcomments&post=1233"}],"version-history":[{"count":0,"href":"https:\/\/sp6kwidzyn.pl\/index.php?rest_route=\/wp\/v2\/pages\/1233\/revisions"}],"wp:attachment":[{"href":"https:\/\/sp6kwidzyn.pl\/index.php?rest_route=%2Fwp%2Fv2%2Fmedia&parent=1233"}],"curies":[{"name":"wp","href":"https:\/\/api.w.org\/{rel}","templated":true}]}}