{"id":1230,"date":"2019-05-29T22:32:55","date_gmt":"2019-05-29T20:32:55","guid":{"rendered":"http:\/\/sp6kwidzyn.pl\/?page_id=1230"},"modified":"2019-05-29T22:32:55","modified_gmt":"2019-05-29T20:32:55","slug":"procedura-postepowania-w-przypadku-jezeli-nauczyciel-podejrzewa-krzywdzenie-dziecka-przemoc-seksualna","status":"publish","type":"page","link":"https:\/\/sp6kwidzyn.pl\/?page_id=1230","title":{"rendered":"Procedura post\u0119powania w przypadku, je\u017celi nauczyciel podejrzewa krzywdzenie dziecka \u2013 przemoc seksualn\u0105"},"content":{"rendered":"<ol>\n<li>Zawiadamia o swoich spostrze\u017ceniach specjalist\u0119 szkolnego (pedagoga lub psychologa) i dyrektora szko\u0142y.<\/li>\n<li>Specjalista szkolny podejmuje dzia\u0142ania pomocowo \u2013 interwencyjne:<\/li>\n<li>Zapewnia dziecku bezpiecze\u0144stwo fizyczne,<\/li>\n<li>Zapewnia emocjonalne wsparcie dla dziecka i rodziny,<\/li>\n<li>Uruchamia dzia\u0142ania prawne,<\/li>\n<li>Wskazuje konieczno\u015b\u0107 i mo\u017cliwo\u015b\u0107 pomocy psychologicznej i psychoterapeutycznej.<\/li>\n<li>Dyrektor zawiadamia s\u0105d rodzinny i nieletnich.<\/li>\n<\/ol>\n","protected":false},"excerpt":{"rendered":"<p>Zawiadamia o swoich spostrze\u017ceniach specjalist\u0119 szkolnego (pedagoga lub psychologa) i dyrektora szko\u0142y. Specjalista szkolny podejmuje dzia\u0142ania pomocowo \u2013 interwencyjne: Zapewnia [&hellip;]<\/p>\n","protected":false},"author":1,"featured_media":0,"parent":0,"menu_order":0,"comment_status":"closed","ping_status":"closed","template":"","meta":{"footnotes":""},"class_list":["post-1230","page","type-page","status-publish","hentry","has_no_thumb"],"aioseo_notices":[],"_links":{"self":[{"href":"https:\/\/sp6kwidzyn.pl\/index.php?rest_route=\/wp\/v2\/pages\/1230","targetHints":{"allow":["GET"]}}],"collection":[{"href":"https:\/\/sp6kwidzyn.pl\/index.php?rest_route=\/wp\/v2\/pages"}],"about":[{"href":"https:\/\/sp6kwidzyn.pl\/index.php?rest_route=\/wp\/v2\/types\/page"}],"author":[{"embeddable":true,"href":"https:\/\/sp6kwidzyn.pl\/index.php?rest_route=\/wp\/v2\/users\/1"}],"replies":[{"embeddable":true,"href":"https:\/\/sp6kwidzyn.pl\/index.php?rest_route=%2Fwp%2Fv2%2Fcomments&post=1230"}],"version-history":[{"count":0,"href":"https:\/\/sp6kwidzyn.pl\/index.php?rest_route=\/wp\/v2\/pages\/1230\/revisions"}],"wp:attachment":[{"href":"https:\/\/sp6kwidzyn.pl\/index.php?rest_route=%2Fwp%2Fv2%2Fmedia&parent=1230"}],"curies":[{"name":"wp","href":"https:\/\/api.w.org\/{rel}","templated":true}]}}