{"id":1226,"date":"2019-05-29T22:30:40","date_gmt":"2019-05-29T20:30:40","guid":{"rendered":"http:\/\/sp6kwidzyn.pl\/?page_id=1226"},"modified":"2019-05-29T22:30:40","modified_gmt":"2019-05-29T20:30:40","slug":"procedura-postepowania-w-przypadku-uzyskania-informacji-o-popelnieniu-przestepstwa-sciganego-z-urzedu-na-terenie-szkoly","status":"publish","type":"page","link":"https:\/\/sp6kwidzyn.pl\/?page_id=1226","title":{"rendered":"Procedura post\u0119powania w przypadku uzyskania informacji o pope\u0142nieniu przest\u0119pstwa \u015bciganego z urz\u0119du na terenie szko\u0142y"},"content":{"rendered":"<p><em>[Wybrane kategorie przest\u0119pstw z Kodeksu karnego \u015bcigane z urz\u0119du: udzia\u0142 w b\u00f3jce lub pobiciu, doprowadzenie ma\u0142oletniego poni\u017cej 15 lat do obcowania lub poddania si\u0119 innej czynno\u015bci seksualnej, zn\u0119canie si\u0119, naruszenie nietykalno\u015bci cielesnej funkcjonariusza, wywieranie wp\u0142ywu na \u015bwiadka, kradzie\u017c, kradzie\u017c z w\u0142amaniem, rozb\u00f3j, kradzie\u017c z rozbojem, wymuszenie rozb\u00f3jnicze, przyw\u0142aszczenie, oszustwo].<\/em><\/p>\n<ol>\n<li>Osoba b\u0119d\u0105ca \u015bwiadkiem lub posiadaj\u0105ca informacj\u0119 o pope\u0142nieniu ww. przest\u0119pstw natychmiast powiadamia dyrektora szko\u0142y.<\/li>\n<li>Dalsze dzia\u0142ania podejmuje dyrektor szko\u0142y.<\/li>\n<\/ol>\n","protected":false},"excerpt":{"rendered":"<p>[Wybrane kategorie przest\u0119pstw z Kodeksu karnego \u015bcigane z urz\u0119du: udzia\u0142 w b\u00f3jce lub pobiciu, doprowadzenie ma\u0142oletniego poni\u017cej 15 lat do [&hellip;]<\/p>\n","protected":false},"author":1,"featured_media":0,"parent":0,"menu_order":0,"comment_status":"closed","ping_status":"closed","template":"","meta":{"footnotes":""},"class_list":["post-1226","page","type-page","status-publish","hentry","has_thumb"],"aioseo_notices":[],"_links":{"self":[{"href":"https:\/\/sp6kwidzyn.pl\/index.php?rest_route=\/wp\/v2\/pages\/1226","targetHints":{"allow":["GET"]}}],"collection":[{"href":"https:\/\/sp6kwidzyn.pl\/index.php?rest_route=\/wp\/v2\/pages"}],"about":[{"href":"https:\/\/sp6kwidzyn.pl\/index.php?rest_route=\/wp\/v2\/types\/page"}],"author":[{"embeddable":true,"href":"https:\/\/sp6kwidzyn.pl\/index.php?rest_route=\/wp\/v2\/users\/1"}],"replies":[{"embeddable":true,"href":"https:\/\/sp6kwidzyn.pl\/index.php?rest_route=%2Fwp%2Fv2%2Fcomments&post=1226"}],"version-history":[{"count":0,"href":"https:\/\/sp6kwidzyn.pl\/index.php?rest_route=\/wp\/v2\/pages\/1226\/revisions"}],"wp:attachment":[{"href":"https:\/\/sp6kwidzyn.pl\/index.php?rest_route=%2Fwp%2Fv2%2Fmedia&parent=1226"}],"curies":[{"name":"wp","href":"https:\/\/api.w.org\/{rel}","templated":true}]}}