{"id":1222,"date":"2019-05-29T22:22:17","date_gmt":"2019-05-29T20:22:17","guid":{"rendered":"http:\/\/sp6kwidzyn.pl\/?page_id=1222"},"modified":"2020-01-02T16:22:32","modified_gmt":"2020-01-02T15:22:32","slug":"procedura-postepowania-w-przypadku-zagrozenia-bezpieczenstwa-pobytu-uczniow-na-terenie-szkoly-np-checi-zabrania-ucznia-z-zajec-przez-osobe-nieupowazniona-lub-nieznana-uprowadzenia-ucznia-wtargnieci","status":"publish","type":"page","link":"https:\/\/sp6kwidzyn.pl\/?page_id=1222","title":{"rendered":"Procedura post\u0119powania w przypadku zagro\u017cenia bezpiecze\u0144stwa pobytu uczni\u00f3w na terenie szko\u0142y np. ch\u0119ci zabrania ucznia z zaj\u0119\u0107 przez osob\u0119 nieupowa\u017cnion\u0105 lub nieznan\u0105, uprowadzenia ucznia, wtargni\u0119cia os\u00f3b obcych i inne."},"content":{"rendered":"<p><img loading=\"lazy\" decoding=\"async\" class=\"wp-image-1223 alignright\" src=\"https:\/\/sp6kwidzyn.pl\/wp-content\/uploads\/2019\/05\/silhouette-3140928_1280-275x300.png\" alt=\"\" width=\"195\" height=\"213\" srcset=\"https:\/\/sp6kwidzyn.pl\/wp-content\/uploads\/2019\/05\/silhouette-3140928_1280-275x300.png 275w, https:\/\/sp6kwidzyn.pl\/wp-content\/uploads\/2019\/05\/silhouette-3140928_1280-768x839.png 768w, https:\/\/sp6kwidzyn.pl\/wp-content\/uploads\/2019\/05\/silhouette-3140928_1280-938x1024.png 938w, https:\/\/sp6kwidzyn.pl\/wp-content\/uploads\/2019\/05\/silhouette-3140928_1280.png 1172w\" sizes=\"auto, (max-width: 195px) 100vw, 195px\" \/><\/p>\n<ol>\n<li>Poinformowa\u0107 stron\u0119 o konieczno\u015bci udania si\u0119 do dyrektora w celu wyja\u015bnienia sprawy.<\/li>\n<li>Zawiadomi\u0107 koordynatora ds. bezpiecze\u0144stwa, a je\u015bli sytuacja tego wymaga to r\u00f3wnie\u017c policj\u0119.<\/li>\n<li>W przypadku, gdy osoba obca odmawia podania celu wizyty, zachowuje si\u0119 agresywnie b\u0105d\u017a stwarza zagro\u017cenie dla os\u00f3b przebywaj\u0105cych w szkole, nale\u017cy:<br \/>\na) podj\u0105\u0107 pr\u00f3b\u0119 wyprowadzenia jej z terenu szko\u0142y,<br \/>\nb) o sytuacji niezw\u0142ocznie powinna zosta\u0107 poinformowana dyrekcja szko\u0142y,<br \/>\nc) przy odmowie wyj\u015bcia nale\u017cy wezwa\u0107 pomoc,<br \/>\nd) dzieci nale\u017cy wprowadzi\u0107 do klas,<br \/>\ne) w przypadku zagro\u017cenia z zewn\u0105trz zamkn\u0105\u0107 drzwi zewn\u0119trzne,<br \/>\nf) nale\u017cy zapami\u0119ta\u0107 jak najwi\u0119cej cech charakterystycznych potencjalnych sprawc\u00f3w.<\/li>\n<\/ol>\n<ol start=\"4\">\n<li>Uniemo\u017cliwi\u0107 wykonanie niezgodnego z prawem dzia\u0142ania \u2013 je\u015bli to konieczne \u2013 u\u017cy\u0107 tyle si\u0142y, ile to niezb\u0119dne, gdy sytuacja tego wymaga.<\/li>\n<\/ol>\n","protected":false},"excerpt":{"rendered":"<p>Poinformowa\u0107 stron\u0119 o konieczno\u015bci udania si\u0119 do dyrektora w celu wyja\u015bnienia sprawy. Zawiadomi\u0107 koordynatora ds. bezpiecze\u0144stwa, a je\u015bli sytuacja tego [&hellip;]<\/p>\n","protected":false},"author":1,"featured_media":0,"parent":0,"menu_order":0,"comment_status":"closed","ping_status":"closed","template":"","meta":{"footnotes":""},"class_list":["post-1222","page","type-page","status-publish","hentry","has_thumb"],"aioseo_notices":[],"_links":{"self":[{"href":"https:\/\/sp6kwidzyn.pl\/index.php?rest_route=\/wp\/v2\/pages\/1222","targetHints":{"allow":["GET"]}}],"collection":[{"href":"https:\/\/sp6kwidzyn.pl\/index.php?rest_route=\/wp\/v2\/pages"}],"about":[{"href":"https:\/\/sp6kwidzyn.pl\/index.php?rest_route=\/wp\/v2\/types\/page"}],"author":[{"embeddable":true,"href":"https:\/\/sp6kwidzyn.pl\/index.php?rest_route=\/wp\/v2\/users\/1"}],"replies":[{"embeddable":true,"href":"https:\/\/sp6kwidzyn.pl\/index.php?rest_route=%2Fwp%2Fv2%2Fcomments&post=1222"}],"version-history":[{"count":0,"href":"https:\/\/sp6kwidzyn.pl\/index.php?rest_route=\/wp\/v2\/pages\/1222\/revisions"}],"wp:attachment":[{"href":"https:\/\/sp6kwidzyn.pl\/index.php?rest_route=%2Fwp%2Fv2%2Fmedia&parent=1222"}],"curies":[{"name":"wp","href":"https:\/\/api.w.org\/{rel}","templated":true}]}}