{"id":11380,"date":"2025-05-15T21:50:22","date_gmt":"2025-05-15T19:50:22","guid":{"rendered":"https:\/\/sp6kwidzyn.pl\/?page_id=11380"},"modified":"2025-06-23T13:25:48","modified_gmt":"2025-06-23T11:25:48","slug":"konferencja-podsumowujaca-realizacje-projektu-erasmus-pod-tytulem-kazdemu-dziecku-naprzeciw","status":"publish","type":"page","link":"https:\/\/sp6kwidzyn.pl\/?page_id=11380","title":{"rendered":"Konferencja podsumowuj\u0105ca realizacj\u0119 projektu \u201eKa\u017cdemu dziecku naprzeciw\u201c"},"content":{"rendered":"<div><img loading=\"lazy\" decoding=\"async\" class=\"aligncenter size-full wp-image-11606\" src=\"https:\/\/sp6kwidzyn.pl\/wp-content\/uploads\/2025\/06\/projekt-ue1.jpg\" alt=\"\" width=\"2492\" height=\"287\" srcset=\"https:\/\/sp6kwidzyn.pl\/wp-content\/uploads\/2025\/06\/projekt-ue1.jpg 2492w, https:\/\/sp6kwidzyn.pl\/wp-content\/uploads\/2025\/06\/projekt-ue1-300x35.jpg 300w, https:\/\/sp6kwidzyn.pl\/wp-content\/uploads\/2025\/06\/projekt-ue1-1024x118.jpg 1024w, https:\/\/sp6kwidzyn.pl\/wp-content\/uploads\/2025\/06\/projekt-ue1-768x88.jpg 768w, https:\/\/sp6kwidzyn.pl\/wp-content\/uploads\/2025\/06\/projekt-ue1-1536x177.jpg 1536w, https:\/\/sp6kwidzyn.pl\/wp-content\/uploads\/2025\/06\/projekt-ue1-2048x236.jpg 2048w\" sizes=\"auto, (max-width: 2492px) 100vw, 2492px\" \/><\/div>\n<div>W dniu <strong>28 listopada 2024<\/strong> r. w naszej szkole odby\u0142a si\u0119 <strong>Konferencja podsumowuj\u0105ca<\/strong> realizacj\u0119 projektu <strong>Fundacji Rozwoju Systemu Edukacji (FERS)<\/strong> pod tytu\u0142em \u201c<strong>Ka\u017cdemu dziecku naprzeciw<\/strong>&#8221; &#8211; ustawiczne kszta\u0142cenie nauczycieli odpowiadaj\u0105ce na potrzeby uczni\u00f3w oraz wsp\u00f3\u0142czesnej szko\u0142y.<\/div>\n<div>W wydarzeniu wzi\u0119\u0142a udzia\u0142: <strong>dyrekcja szko\u0142y<\/strong>, <strong>nauczyciele\u00a0<\/strong> oraz <strong>zaproszeni go\u015bcie<\/strong> \u2013 w tym <strong>przedstawiciele w\u0142adz o\u015bwiatowych<\/strong>.<\/div>\n<div>Konferencja by\u0142a okazj\u0105 do zaprezentowania <strong>rezultat\u00f3w<\/strong> wsp\u00f3lnej pracy oraz <strong>do\u015bwiadcze\u0144<\/strong> zdobytych podczas trwania projektu. Uczestnicy mogli obejrze\u0107 <strong>prezentacje multimedialne<\/strong>, kr\u00f3tkie <strong>filmy<\/strong> przygotowane przez uczestnik\u00f3w projektu, <strong>relacje<\/strong> z wyjazd\u00f3w, <strong>wystaw\u0119 zdj\u0119\u0107<\/strong>.<\/div>\n<div>Szczeg\u00f3ln\u0105 uwag\u0119 po\u015bwi\u0119cono <strong>kompetencjom j\u0119zykowym<\/strong>, <strong>mi\u0119dzykulturowym<\/strong> oraz <strong>umiej\u0119tno\u015bciom wsp\u00f3\u0142pracy<\/strong>, kt\u00f3re uczestnicy rozwijali w trakcie zagranicznych mobilno\u015bci.<\/div>\n<div>W trakcie spotkania g\u0142os zabierali nauczyciele i koordynatorzy projektu, dziel\u0105c si\u0119 refleksjami na temat <strong>przebiegu dzia\u0142a\u0144<\/strong>, <strong>efekt\u00f3w edukacyjnych<\/strong> oraz <strong>plan\u00f3w na przysz\u0142o\u015b\u0107<\/strong>.<\/div>\n<div>Projekt okaza\u0142 si\u0119 dla naszej spo\u0142eczno\u015bci szkolnej nie tylko <strong>\u017ar\u00f3d\u0142em cennej wiedzy<\/strong>, ale tak\u017ce <strong>impulsem do dalszego rozwoju<\/strong> i <strong>otwarto\u015bci na \u015bwiat<\/strong>.<\/div>\n<div><\/div>\n<div><strong>Dzi\u0119kujemy wszystkim, kt\u00f3rzy zaanga\u017cowali si\u0119 w jego zaplanowanie, przygotowanie i realizacj\u0119.<\/strong><\/div>\n<div>\n<p><iframe loading=\"lazy\" title=\"Konferencja podsumowuj\u0105ca realizacj\u0119 projektu Erasmus+ pod tytu\u0142em \u201cKa\u017cdemu dziecku naprzeciw&quot;\" width=\"500\" height=\"281\" src=\"https:\/\/www.youtube.com\/embed\/h7-iYrsJTog?feature=oembed\" frameborder=\"0\" allow=\"accelerometer; autoplay; clipboard-write; encrypted-media; gyroscope; picture-in-picture; web-share\" referrerpolicy=\"strict-origin-when-cross-origin\" allowfullscreen><\/iframe><\/p>\n<p><a href=\"https:\/\/docs.google.com\/presentation\/d\/1vG1yBQvks2iug9OM0k5kxFZG0A3VPcM8\/edit?usp=sharing&amp;ouid=108547940807129886157&amp;rtpof=true&amp;sd=true\">Prezentacja z konferencji<\/a><\/p>\n<p><a href=\"https:\/\/docs.google.com\/presentation\/d\/1vG1yBQvks2iug9OM0k5kxFZG0A3VPcM8\/edit?usp=sharing&amp;ouid=108494819024490979001&amp;rtpof=true&amp;sd=true\"><img loading=\"lazy\" decoding=\"async\" class=\"aligncenter size-full wp-image-11615\" src=\"https:\/\/sp6kwidzyn.pl\/wp-content\/uploads\/2025\/06\/konferencjasp6.jpg\" alt=\"\" width=\"1690\" height=\"957\" srcset=\"https:\/\/sp6kwidzyn.pl\/wp-content\/uploads\/2025\/06\/konferencjasp6.jpg 1690w, https:\/\/sp6kwidzyn.pl\/wp-content\/uploads\/2025\/06\/konferencjasp6-300x170.jpg 300w, https:\/\/sp6kwidzyn.pl\/wp-content\/uploads\/2025\/06\/konferencjasp6-1024x580.jpg 1024w, https:\/\/sp6kwidzyn.pl\/wp-content\/uploads\/2025\/06\/konferencjasp6-768x435.jpg 768w, https:\/\/sp6kwidzyn.pl\/wp-content\/uploads\/2025\/06\/konferencjasp6-1536x870.jpg 1536w\" sizes=\"auto, (max-width: 1690px) 100vw, 1690px\" \/><\/a><\/div>\n","protected":false},"excerpt":{"rendered":"<p>W dniu 28 listopada 2024 r. w naszej szkole odby\u0142a si\u0119 Konferencja podsumowuj\u0105ca realizacj\u0119 projektu Fundacji Rozwoju Systemu Edukacji (FERS) [&hellip;]<\/p>\n","protected":false},"author":1,"featured_media":0,"parent":0,"menu_order":0,"comment_status":"closed","ping_status":"closed","template":"","meta":{"footnotes":""},"class_list":["post-11380","page","type-page","status-publish","hentry","has_thumb"],"aioseo_notices":[],"_links":{"self":[{"href":"https:\/\/sp6kwidzyn.pl\/index.php?rest_route=\/wp\/v2\/pages\/11380","targetHints":{"allow":["GET"]}}],"collection":[{"href":"https:\/\/sp6kwidzyn.pl\/index.php?rest_route=\/wp\/v2\/pages"}],"about":[{"href":"https:\/\/sp6kwidzyn.pl\/index.php?rest_route=\/wp\/v2\/types\/page"}],"author":[{"embeddable":true,"href":"https:\/\/sp6kwidzyn.pl\/index.php?rest_route=\/wp\/v2\/users\/1"}],"replies":[{"embeddable":true,"href":"https:\/\/sp6kwidzyn.pl\/index.php?rest_route=%2Fwp%2Fv2%2Fcomments&post=11380"}],"version-history":[{"count":13,"href":"https:\/\/sp6kwidzyn.pl\/index.php?rest_route=\/wp\/v2\/pages\/11380\/revisions"}],"predecessor-version":[{"id":11616,"href":"https:\/\/sp6kwidzyn.pl\/index.php?rest_route=\/wp\/v2\/pages\/11380\/revisions\/11616"}],"wp:attachment":[{"href":"https:\/\/sp6kwidzyn.pl\/index.php?rest_route=%2Fwp%2Fv2%2Fmedia&parent=11380"}],"curies":[{"name":"wp","href":"https:\/\/api.w.org\/{rel}","templated":true}]}}