{"id":11302,"date":"2025-03-20T10:30:33","date_gmt":"2025-03-20T09:30:33","guid":{"rendered":"https:\/\/sp6kwidzyn.pl\/?page_id=11302"},"modified":"2025-03-20T10:30:33","modified_gmt":"2025-03-20T09:30:33","slug":"projekt-mlodzi-malarze","status":"publish","type":"page","link":"https:\/\/sp6kwidzyn.pl\/?page_id=11302","title":{"rendered":"Projekt &#8222;M\u0142odzi malarze&#8221;"},"content":{"rendered":"<div class=\"gmail-x11i5rnm gmail-xat24cr gmail-x1mh8g0r gmail-x1vvkbs gmail-xtlvy1s gmail-x126k92a\">\n<div dir=\"auto\">M\u0142odzi Malarze to ostatni projekt realizowany przez Samorz\u0105d Uczniowski ze \u015brodk\u00f3w pozyskanych z Kwidzy\u0144skiego <strong>Funduszu Inicjatyw M\u0142odzie\u017cowych<\/strong>. Ch\u0142opcy z kl.8d: <strong>Dawid Zmorzy\u0144ski<\/strong>, <strong>Micha\u0142 Zakrzewski<\/strong> i <strong>Cezary Jureko<\/strong> postanowili zaprosi\u0107 starsze kole\u017canki i koleg\u00f3w (absolwent\u00f3w Sz\u00f3stki) utalentowanych plastycznie, aby wsp\u00f3lnie zrealizowa\u0107 projekt malarski. Efekty mo\u017cna podziwia\u0107 na szkolnym korytarzu. Praca by\u0142a \u017cmudna i d\u0142uga, ale sprzyja\u0142a integracji. Idealnie uchwycone to zosta\u0142o na za\u0142\u0105czonym filmie. Chcia\u0142abym bardzo podzi\u0119kowa\u0107 tej grupie m\u0142odych ludzi, kt\u00f3rzy z takim zaanga\u017cowaniem, pasj\u0105 i oddaniem realizowali projekt. Opr\u00f3cz wspomnianych wy\u017cej ch\u0142opc\u00f3w byli to: <strong>Alicja Karatysz<\/strong> z kl.7c oraz absolwenci: Laura, Julia, Wiktor i Mietek.<\/div>\n<\/div>\n<div dir=\"auto\">\n<div>Jeste\u015bcie Wielcy!<\/div>\n<\/div>\n<div dir=\"auto\">\n<div style=\"text-align: right;\"><strong>Dzi\u0119kuj\u0119<\/strong>.<\/div>\n<div><img loading=\"lazy\" decoding=\"async\" class=\" wp-image-493 alignright\" src=\"https:\/\/sp6kwidzyn.pl\/wp-content\/uploads\/2019\/03\/oklaski.png\" alt=\"\" width=\"193\" height=\"139\" srcset=\"https:\/\/sp6kwidzyn.pl\/wp-content\/uploads\/2019\/03\/oklaski.png 398w, https:\/\/sp6kwidzyn.pl\/wp-content\/uploads\/2019\/03\/oklaski-300x216.png 300w\" sizes=\"auto, (max-width: 193px) 100vw, 193px\" \/><\/div>\n<div>Jolanta Drypa-opiekunka SU. Film: Pan Dawid Reschke oraz Szkolne Ko\u0142o Medialne \u201eKADR\u201d. Music: Aime. Musician: Rook1e. Inshot. #FunduszMlodziezowyKwidzyn #KFIM2024 #StowarzyszenieAkwedukt #EuropejskiKorpusSolidarnosci #AktywnyKwidzyn #EKSKwidzyn<\/div>\n<div>\n<p><iframe loading=\"lazy\" title=\"video output 9938C64E 76EF 43AF B32F 4E1094C3E7CB\" width=\"500\" height=\"281\" src=\"https:\/\/www.youtube.com\/embed\/0aBuTexBHrI?feature=oembed\" frameborder=\"0\" allow=\"accelerometer; autoplay; clipboard-write; encrypted-media; gyroscope; picture-in-picture; web-share\" referrerpolicy=\"strict-origin-when-cross-origin\" allowfullscreen><\/iframe><\/p>\n<\/div>\n<div>\n<div dir=\"auto\"><span style=\"font-family: arial, sans-serif;\">Wykonane przy u\u017cyciu sprz\u0119tu z programu:<\/span><\/div>\n<div dir=\"auto\"><span style=\"font-family: arial, sans-serif;\"><span class=\"gmail-html-span gmail-xdj266r gmail-x11i5rnm gmail-xat24cr gmail-x1mh8g0r gmail-xexx8yu gmail-x4uap5 gmail-x18d9i69 gmail-xkhd6sd gmail-x1hl2dhg gmail-x16tdsg8 gmail-x1vvkbs\"><a class=\"gmail-x1i10hfl gmail-xjbqb8w gmail-x1ejq31n gmail-xd10rxx gmail-x1sy0etr gmail-x17r0tee gmail-x972fbf gmail-xcfux6l gmail-x1qhh985 gmail-xm0m39n gmail-x9f619 gmail-x1ypdohk gmail-xt0psk2 gmail-xe8uvvx gmail-xdj266r gmail-x11i5rnm gmail-xat24cr gmail-x1mh8g0r gmail-xexx8yu gmail-x4uap5 gmail-x18d9i69 gmail-xkhd6sd gmail-x16tdsg8 gmail-x1hl2dhg gmail-xggy1nq gmail-x1a2a7pz gmail-x1sur9pj gmail-xkrqix3 gmail-x1fey0fg gmail-x1s688f\" tabindex=\"0\" role=\"link\" href=\"https:\/\/www.facebook.com\/hashtag\/laboratoriaprzysz%C5%82o%C5%9Bci?__eep__=6&amp;__cft__[0]=AZXhIwHe43z743SvJ9k4nnh2Nz0D_DveLPcpA6enQwxKbcaZo4djae8rNKVIRqx3KL911oTdwwXu48feQQCSJuM6VbDM91KzE6yNSG2kgxUN_QlVaWipwDsRXJals9zYyFqLzzhERSgO_FOUE7IoFAElK2CKnLmWXJqcSel54k5pZf2lQfkDQxvhyY9Pl5MRhMEuxrJzGz-xKTa__4FEK6k3&amp;__tn__=*NK-R\">#LaboratoriaPrzysz\u0142o\u015bci<\/a><\/span>\u00a0<span class=\"gmail-html-span gmail-xdj266r gmail-x11i5rnm gmail-xat24cr gmail-x1mh8g0r gmail-xexx8yu gmail-x4uap5 gmail-x18d9i69 gmail-xkhd6sd gmail-x1hl2dhg gmail-x16tdsg8 gmail-x1vvkbs\"><a class=\"gmail-x1i10hfl gmail-xjbqb8w gmail-x1ejq31n gmail-xd10rxx gmail-x1sy0etr gmail-x17r0tee gmail-x972fbf gmail-xcfux6l gmail-x1qhh985 gmail-xm0m39n gmail-x9f619 gmail-x1ypdohk gmail-xt0psk2 gmail-xe8uvvx gmail-xdj266r gmail-x11i5rnm gmail-xat24cr gmail-x1mh8g0r gmail-xexx8yu gmail-x4uap5 gmail-x18d9i69 gmail-xkhd6sd gmail-x16tdsg8 gmail-x1hl2dhg gmail-xggy1nq gmail-x1a2a7pz gmail-x1sur9pj gmail-xkrqix3 gmail-x1fey0fg gmail-x1s688f\" tabindex=\"0\" role=\"link\" href=\"https:\/\/www.facebook.com\/hashtag\/laboratoriaprzyszlosci?__eep__=6&amp;__cft__[0]=AZXhIwHe43z743SvJ9k4nnh2Nz0D_DveLPcpA6enQwxKbcaZo4djae8rNKVIRqx3KL911oTdwwXu48feQQCSJuM6VbDM91KzE6yNSG2kgxUN_QlVaWipwDsRXJals9zYyFqLzzhERSgO_FOUE7IoFAElK2CKnLmWXJqcSel54k5pZf2lQfkDQxvhyY9Pl5MRhMEuxrJzGz-xKTa__4FEK6k3&amp;__tn__=*NK-R\">#LaboratoriaPrzyszlosci<\/a><\/span>\u00a0@<span class=\"gmail-html-span gmail-xdj266r gmail-x11i5rnm gmail-xat24cr gmail-x1mh8g0r gmail-xexx8yu gmail-x4uap5 gmail-x18d9i69 gmail-xkhd6sd gmail-x1hl2dhg gmail-x16tdsg8 gmail-x1vvkbs\"><a class=\"gmail-x1i10hfl gmail-xjbqb8w gmail-x1ejq31n gmail-xd10rxx gmail-x1sy0etr gmail-x17r0tee gmail-x972fbf gmail-xcfux6l gmail-x1qhh985 gmail-xm0m39n gmail-x9f619 gmail-x1ypdohk gmail-xt0psk2 gmail-xe8uvvx gmail-xdj266r gmail-x11i5rnm gmail-xat24cr gmail-x1mh8g0r gmail-xexx8yu gmail-x4uap5 gmail-x18d9i69 gmail-xkhd6sd gmail-x16tdsg8 gmail-x1hl2dhg gmail-xggy1nq gmail-x1a2a7pz gmail-x1sur9pj gmail-xkrqix3 gmail-x1fey0fg gmail-x1s688f\" tabindex=\"0\" role=\"link\" href=\"https:\/\/www.facebook.com\/LaboratoriaPrzyszlosci?__cft__[0]=AZXhIwHe43z743SvJ9k4nnh2Nz0D_DveLPcpA6enQwxKbcaZo4djae8rNKVIRqx3KL911oTdwwXu48feQQCSJuM6VbDM91KzE6yNSG2kgxUN_QlVaWipwDsRXJals9zYyFqLzzhERSgO_FOUE7IoFAElK2CKnLmWXJqcSel54k5pZf2lQfkDQxvhyY9Pl5MRhMEuxrJzGz-xKTa__4FEK6k3&amp;__tn__=-]K-R\"><span class=\"gmail-xt0psk2\">Laboratoria Przysz\u0142o\u015bci<\/span><\/a><\/span><\/span><\/div>\n<\/div>\n<div><\/div>\n<\/div>\n","protected":false},"excerpt":{"rendered":"<p>M\u0142odzi Malarze to ostatni projekt realizowany przez Samorz\u0105d Uczniowski ze \u015brodk\u00f3w pozyskanych z Kwidzy\u0144skiego Funduszu Inicjatyw M\u0142odzie\u017cowych. Ch\u0142opcy z kl.8d: [&hellip;]<\/p>\n","protected":false},"author":1,"featured_media":0,"parent":0,"menu_order":0,"comment_status":"closed","ping_status":"closed","template":"","meta":{"footnotes":""},"class_list":["post-11302","page","type-page","status-publish","hentry","has_thumb"],"aioseo_notices":[],"_links":{"self":[{"href":"https:\/\/sp6kwidzyn.pl\/index.php?rest_route=\/wp\/v2\/pages\/11302","targetHints":{"allow":["GET"]}}],"collection":[{"href":"https:\/\/sp6kwidzyn.pl\/index.php?rest_route=\/wp\/v2\/pages"}],"about":[{"href":"https:\/\/sp6kwidzyn.pl\/index.php?rest_route=\/wp\/v2\/types\/page"}],"author":[{"embeddable":true,"href":"https:\/\/sp6kwidzyn.pl\/index.php?rest_route=\/wp\/v2\/users\/1"}],"replies":[{"embeddable":true,"href":"https:\/\/sp6kwidzyn.pl\/index.php?rest_route=%2Fwp%2Fv2%2Fcomments&post=11302"}],"version-history":[{"count":1,"href":"https:\/\/sp6kwidzyn.pl\/index.php?rest_route=\/wp\/v2\/pages\/11302\/revisions"}],"predecessor-version":[{"id":11303,"href":"https:\/\/sp6kwidzyn.pl\/index.php?rest_route=\/wp\/v2\/pages\/11302\/revisions\/11303"}],"wp:attachment":[{"href":"https:\/\/sp6kwidzyn.pl\/index.php?rest_route=%2Fwp%2Fv2%2Fmedia&parent=11302"}],"curies":[{"name":"wp","href":"https:\/\/api.w.org\/{rel}","templated":true}]}}