{"id":11296,"date":"2025-03-20T10:25:44","date_gmt":"2025-03-20T09:25:44","guid":{"rendered":"https:\/\/sp6kwidzyn.pl\/?page_id=11296"},"modified":"2025-03-20T10:32:59","modified_gmt":"2025-03-20T09:32:59","slug":"dzien-nauczyciela-2025","status":"publish","type":"page","link":"https:\/\/sp6kwidzyn.pl\/?page_id=11296","title":{"rendered":"Dzie\u0144 Nauczyciela 2025"},"content":{"rendered":"<div class=\"gmail-xdj266r gmail-x11i5rnm gmail-xat24cr gmail-x1mh8g0r gmail-x1vvkbs gmail-x126k92a\">\n<div dir=\"auto\"><span style=\"font-family: arial, sans-serif;\"><strong>14 pa\u017adziernika<\/strong> to \u015bwi\u0119to wszystkich <strong>pracownik\u00f3w o\u015bwiaty<\/strong>. Tego dnia w naszej szkole odby\u0142a si\u0119 uroczysta akademia przygotowana przez Panie: <strong>El\u017cbiet\u0119 Zardzewia\u0142y, Renat\u0119 Preibisz, Izabel\u0119 Lipiec, Dari\u0119 D\u0105browsk\u0105, Anet\u0119 Karatysz i Weronik\u0119 Gruz\u0119.<\/strong> Dzieci w ten spos\u00f3b wyrazi\u0142y swoj\u0105 wdzi\u0119czno\u015b\u0107 za trud w\u0142o\u017cony w edukacj\u0119 ze strony <strong>nauczycieli<\/strong>. Na uroczysto\u015bci nie mog\u0142o zabrakn\u0105\u0107 <strong>emeryt\u00f3w<\/strong>, kt\u00f3rzy ze wzruszeniem przygl\u0105dali si\u0119 wyst\u0119pom. <\/span><\/div>\n<\/div>\n<div class=\"gmail-x11i5rnm gmail-xat24cr gmail-x1mh8g0r gmail-x1vvkbs gmail-xtlvy1s gmail-x126k92a\">\n<div dir=\"auto\"><\/div>\n<div dir=\"auto\"><\/div>\n<div dir=\"auto\"><span style=\"font-family: arial, sans-serif;\"><span class=\"gmail-html-span gmail-xdj266r gmail-x11i5rnm gmail-xat24cr gmail-x1mh8g0r gmail-xexx8yu gmail-x4uap5 gmail-x18d9i69 gmail-xkhd6sd gmail-x1hl2dhg gmail-x16tdsg8 gmail-x1vvkbs\"><a class=\"gmail-x1i10hfl gmail-xjbqb8w gmail-x1ejq31n gmail-xd10rxx gmail-x1sy0etr gmail-x17r0tee gmail-x972fbf gmail-xcfux6l gmail-x1qhh985 gmail-xm0m39n gmail-x9f619 gmail-x1ypdohk gmail-xt0psk2 gmail-xe8uvvx gmail-xdj266r gmail-x11i5rnm gmail-xat24cr gmail-x1mh8g0r gmail-xexx8yu gmail-x4uap5 gmail-x18d9i69 gmail-xkhd6sd gmail-x16tdsg8 gmail-x1hl2dhg gmail-xggy1nq gmail-x1a2a7pz gmail-x1sur9pj gmail-xkrqix3 gmail-x1fey0fg gmail-x1s688f\" tabindex=\"0\" role=\"link\" href=\"https:\/\/www.facebook.com\/hashtag\/laboratoriaprzysz%C5%82o%C5%9Bci?__eep__=6&amp;__cft__[0]=AZXhIwHe43z743SvJ9k4nnh2Nz0D_DveLPcpA6enQwxKbcaZo4djae8rNKVIRqx3KL911oTdwwXu48feQQCSJuM6VbDM91KzE6yNSG2kgxUN_QlVaWipwDsRXJals9zYyFqLzzhERSgO_FOUE7IoFAElK2CKnLmWXJqcSel54k5pZf2lQfkDQxvhyY9Pl5MRhMEuxrJzGz-xKTa__4FEK6k3&amp;__tn__=*NK-R\">#LaboratoriaPrzysz\u0142o\u015bci<\/a><\/span>\u00a0<span class=\"gmail-html-span gmail-xdj266r gmail-x11i5rnm gmail-xat24cr gmail-x1mh8g0r gmail-xexx8yu gmail-x4uap5 gmail-x18d9i69 gmail-xkhd6sd gmail-x1hl2dhg gmail-x16tdsg8 gmail-x1vvkbs\"><a class=\"gmail-x1i10hfl gmail-xjbqb8w gmail-x1ejq31n gmail-xd10rxx gmail-x1sy0etr gmail-x17r0tee gmail-x972fbf gmail-xcfux6l gmail-x1qhh985 gmail-xm0m39n gmail-x9f619 gmail-x1ypdohk gmail-xt0psk2 gmail-xe8uvvx gmail-xdj266r gmail-x11i5rnm gmail-xat24cr gmail-x1mh8g0r gmail-xexx8yu gmail-x4uap5 gmail-x18d9i69 gmail-xkhd6sd gmail-x16tdsg8 gmail-x1hl2dhg gmail-xggy1nq gmail-x1a2a7pz gmail-x1sur9pj gmail-xkrqix3 gmail-x1fey0fg gmail-x1s688f\" tabindex=\"0\" role=\"link\" href=\"https:\/\/www.facebook.com\/hashtag\/laboratoriaprzyszlosci?__eep__=6&amp;__cft__[0]=AZXhIwHe43z743SvJ9k4nnh2Nz0D_DveLPcpA6enQwxKbcaZo4djae8rNKVIRqx3KL911oTdwwXu48feQQCSJuM6VbDM91KzE6yNSG2kgxUN_QlVaWipwDsRXJals9zYyFqLzzhERSgO_FOUE7IoFAElK2CKnLmWXJqcSel54k5pZf2lQfkDQxvhyY9Pl5MRhMEuxrJzGz-xKTa__4FEK6k3&amp;__tn__=*NK-R\">#LaboratoriaPrzyszlosci<\/a><\/span>\u00a0@<span class=\"gmail-html-span gmail-xdj266r gmail-x11i5rnm gmail-xat24cr gmail-x1mh8g0r gmail-xexx8yu gmail-x4uap5 gmail-x18d9i69 gmail-xkhd6sd gmail-x1hl2dhg gmail-x16tdsg8 gmail-x1vvkbs\"><a class=\"gmail-x1i10hfl gmail-xjbqb8w gmail-x1ejq31n gmail-xd10rxx gmail-x1sy0etr gmail-x17r0tee gmail-x972fbf gmail-xcfux6l gmail-x1qhh985 gmail-xm0m39n gmail-x9f619 gmail-x1ypdohk gmail-xt0psk2 gmail-xe8uvvx gmail-xdj266r gmail-x11i5rnm gmail-xat24cr gmail-x1mh8g0r gmail-xexx8yu gmail-x4uap5 gmail-x18d9i69 gmail-xkhd6sd gmail-x16tdsg8 gmail-x1hl2dhg gmail-xggy1nq gmail-x1a2a7pz gmail-x1sur9pj gmail-xkrqix3 gmail-x1fey0fg gmail-x1s688f\" tabindex=\"0\" role=\"link\" href=\"https:\/\/www.facebook.com\/LaboratoriaPrzyszlosci?__cft__[0]=AZXhIwHe43z743SvJ9k4nnh2Nz0D_DveLPcpA6enQwxKbcaZo4djae8rNKVIRqx3KL911oTdwwXu48feQQCSJuM6VbDM91KzE6yNSG2kgxUN_QlVaWipwDsRXJals9zYyFqLzzhERSgO_FOUE7IoFAElK2CKnLmWXJqcSel54k5pZf2lQfkDQxvhyY9Pl5MRhMEuxrJzGz-xKTa__4FEK6k3&amp;__tn__=-]K-R\"><span class=\"gmail-xt0psk2\">Laboratoria Przysz\u0142o\u015bci<\/span><\/a><\/span><\/span><\/div>\n<\/div>\n<div dir=\"auto\"><\/div>\n<div dir=\"auto\">\n<div><\/div>\n<\/div>\n","protected":false},"excerpt":{"rendered":"<p>14 pa\u017adziernika to \u015bwi\u0119to wszystkich pracownik\u00f3w o\u015bwiaty. Tego dnia w naszej szkole odby\u0142a si\u0119 uroczysta akademia przygotowana przez Panie: El\u017cbiet\u0119 [&hellip;]<\/p>\n","protected":false},"author":1,"featured_media":0,"parent":0,"menu_order":0,"comment_status":"closed","ping_status":"closed","template":"","meta":{"footnotes":""},"class_list":["post-11296","page","type-page","status-publish","hentry","has_no_thumb"],"aioseo_notices":[],"_links":{"self":[{"href":"https:\/\/sp6kwidzyn.pl\/index.php?rest_route=\/wp\/v2\/pages\/11296","targetHints":{"allow":["GET"]}}],"collection":[{"href":"https:\/\/sp6kwidzyn.pl\/index.php?rest_route=\/wp\/v2\/pages"}],"about":[{"href":"https:\/\/sp6kwidzyn.pl\/index.php?rest_route=\/wp\/v2\/types\/page"}],"author":[{"embeddable":true,"href":"https:\/\/sp6kwidzyn.pl\/index.php?rest_route=\/wp\/v2\/users\/1"}],"replies":[{"embeddable":true,"href":"https:\/\/sp6kwidzyn.pl\/index.php?rest_route=%2Fwp%2Fv2%2Fcomments&post=11296"}],"version-history":[{"count":2,"href":"https:\/\/sp6kwidzyn.pl\/index.php?rest_route=\/wp\/v2\/pages\/11296\/revisions"}],"predecessor-version":[{"id":11306,"href":"https:\/\/sp6kwidzyn.pl\/index.php?rest_route=\/wp\/v2\/pages\/11296\/revisions\/11306"}],"wp:attachment":[{"href":"https:\/\/sp6kwidzyn.pl\/index.php?rest_route=%2Fwp%2Fv2%2Fmedia&parent=11296"}],"curies":[{"name":"wp","href":"https:\/\/api.w.org\/{rel}","templated":true}]}}