{"id":11289,"date":"2025-03-20T10:21:14","date_gmt":"2025-03-20T09:21:14","guid":{"rendered":"https:\/\/sp6kwidzyn.pl\/?page_id=11289"},"modified":"2025-03-20T10:33:56","modified_gmt":"2025-03-20T09:33:56","slug":"film-promujacy-szkole-podstawowa-nr-6-w-kwidzynie","status":"publish","type":"page","link":"https:\/\/sp6kwidzyn.pl\/?page_id=11289","title":{"rendered":"Film promuj\u0105cy Szko\u0142\u0119 Podstawow\u0105 nr 6 w Kwidzynie"},"content":{"rendered":"<div dir=\"auto\">\n<div>Z dum\u0105 prezentujemy film promuj\u0105cy <strong>Szko\u0142\u0119 Podstawow\u0105 nr 6 w Kwidzynie<\/strong>! To niezwyk\u0142e miejsce, gdzie nauka \u0142\u0105czy si\u0119 z rado\u015bci\u0105, a ka\u017cdy ucze\u0144 mo\u017ce rozwija\u0107 swoje talenty i zainteresowania. \u00a0Obejrzyj film i przekonaj si\u0119, dlaczego <strong>SP6 to wi\u0119cej ni\u017c szko\u0142a<\/strong> \u2013 to inspiruj\u0105ce miejsce do nauki i rozwoju!<\/div>\n<div style=\"text-align: right;\"><strong>Zapraszamy do wsp\u00f3lnej przygody w SP6!<\/strong><\/div>\n<div><\/div>\n<div>Scenariusz: <strong>Danuta Chodorowska<\/strong> Re\u017cyseria oraz monta\u017c: <strong>Dawid Reschke <\/strong><\/div>\n<div><\/div>\n<div>\n<p><iframe loading=\"lazy\" title=\"FROQ7184\" width=\"500\" height=\"281\" src=\"https:\/\/www.youtube.com\/embed\/oa5jnbSyJ08?feature=oembed\" frameborder=\"0\" allow=\"accelerometer; autoplay; clipboard-write; encrypted-media; gyroscope; picture-in-picture; web-share\" referrerpolicy=\"strict-origin-when-cross-origin\" allowfullscreen><\/iframe><\/p>\n<\/div>\n<div>\n<div>Wyst\u0105pili: uczniowie oraz nauczyciele Sz\u00f3stki Music: <strong>Voyage Musician<\/strong>: @iksonmusic Zastosowano w produkcji sprz\u0119t z programu:<\/div>\n<div><\/div>\n<\/div>\n<div>#LaboratoriaPrzysz\u0142o\u015bci #LaboratoriaPrzyszlosci @Laboratoria Przysz\u0142o\u015bci<\/div>\n<\/div>\n<div dir=\"auto\"><\/div>\n","protected":false},"excerpt":{"rendered":"<p>Z dum\u0105 prezentujemy film promuj\u0105cy Szko\u0142\u0119 Podstawow\u0105 nr 6 w Kwidzynie! To niezwyk\u0142e miejsce, gdzie nauka \u0142\u0105czy si\u0119 z rado\u015bci\u0105, [&hellip;]<\/p>\n","protected":false},"author":1,"featured_media":0,"parent":0,"menu_order":0,"comment_status":"closed","ping_status":"closed","template":"","meta":{"footnotes":""},"class_list":["post-11289","page","type-page","status-publish","hentry","has_no_thumb"],"aioseo_notices":[],"_links":{"self":[{"href":"https:\/\/sp6kwidzyn.pl\/index.php?rest_route=\/wp\/v2\/pages\/11289","targetHints":{"allow":["GET"]}}],"collection":[{"href":"https:\/\/sp6kwidzyn.pl\/index.php?rest_route=\/wp\/v2\/pages"}],"about":[{"href":"https:\/\/sp6kwidzyn.pl\/index.php?rest_route=\/wp\/v2\/types\/page"}],"author":[{"embeddable":true,"href":"https:\/\/sp6kwidzyn.pl\/index.php?rest_route=\/wp\/v2\/users\/1"}],"replies":[{"embeddable":true,"href":"https:\/\/sp6kwidzyn.pl\/index.php?rest_route=%2Fwp%2Fv2%2Fcomments&post=11289"}],"version-history":[{"count":3,"href":"https:\/\/sp6kwidzyn.pl\/index.php?rest_route=\/wp\/v2\/pages\/11289\/revisions"}],"predecessor-version":[{"id":11307,"href":"https:\/\/sp6kwidzyn.pl\/index.php?rest_route=\/wp\/v2\/pages\/11289\/revisions\/11307"}],"wp:attachment":[{"href":"https:\/\/sp6kwidzyn.pl\/index.php?rest_route=%2Fwp%2Fv2%2Fmedia&parent=11289"}],"curies":[{"name":"wp","href":"https:\/\/api.w.org\/{rel}","templated":true}]}}