{"id":11175,"date":"2025-02-13T22:18:26","date_gmt":"2025-02-13T21:18:26","guid":{"rendered":"https:\/\/sp6kwidzyn.pl\/?page_id=11175"},"modified":"2025-02-13T22:18:26","modified_gmt":"2025-02-13T21:18:26","slug":"sukcesy-uczniow-klas-i-iii-2","status":"publish","type":"page","link":"https:\/\/sp6kwidzyn.pl\/?page_id=11175","title":{"rendered":"Sukcesy uczni\u00f3w klas I &#8211; III"},"content":{"rendered":"<table style=\"height: 3242px;\" width=\"1034\">\n<tbody>\n<tr>\n<td width=\"57\"><strong>Klasa\u00a0<\/strong><\/td>\n<td width=\"184\"><strong>Nazwa konkursu\u00a0<\/strong><\/td>\n<td width=\"117\"><strong>Zasi\u0119g\/etap\u00a0<\/strong><\/td>\n<td width=\"248\"><strong>Imi\u0119, nazwisko, miejsce\u00a0<\/strong><\/td>\n<\/tr>\n<tr>\n<td width=\"57\">1a<\/td>\n<td width=\"184\">Szkolny Konkurs piosenek angloj\u0119zycznych Christmas Songs<\/p>\n<p>&nbsp;<\/p>\n<p>Konkursu Plastycznego dla klas pierwszych Kartka \u015bwi\u0105teczna og\u0142oszony przez Urz\u0105d Miasta Kwidzyn<\/td>\n<td width=\"117\">Szkolny<\/p>\n<p>&nbsp;<\/p>\n<p>&nbsp;<\/p>\n<p>&nbsp;<\/p>\n<p>&nbsp;<\/p>\n<p>Miejski<\/td>\n<td width=\"248\">Amelia Synakiewicz \u2013 I miejsce<\/p>\n<p>Antoni Lenkiewicz \u2013 II miejsce<\/p>\n<p>&nbsp;<\/p>\n<p>&nbsp;<\/p>\n<p>&nbsp;<\/p>\n<p>Amelia Synakiewicz, Bartosz Skierkowski &#8211; wyr\u00f3\u017cnienie<\/td>\n<\/tr>\n<tr>\n<td width=\"57\">1b<\/td>\n<td width=\"184\">Konkursu Plastycznego dla klas pierwszych Kartka \u015bwi\u0105teczna og\u0142oszony przez Urz\u0105d Miasta Kwidzyn<\/td>\n<td width=\"117\">Miejski<\/td>\n<td width=\"248\">Kuba K\u0119dzierski, Lena Pomirska &#8211; wyr\u00f3\u017cnienie<\/td>\n<\/tr>\n<tr>\n<td width=\"57\">1c<\/td>\n<td width=\"184\">Konkursu Plastycznego dla klas pierwszych Kartka \u015bwi\u0105teczna og\u0142oszony przez Urz\u0105d Miasta Kwidzyn<\/p>\n<p>&nbsp;<\/td>\n<td width=\"117\">Miejski<\/td>\n<td width=\"248\">Jakub Sipa \u2013 I miejsce<\/p>\n<p>Karolina Studzi\u0144ska &#8211; wyr\u00f3\u017cnienie<\/td>\n<\/tr>\n<tr>\n<td width=\"57\">1d<\/td>\n<td width=\"184\">Konkurs Plastyczny dla klas pierwszych Kartka \u015bwi\u0105teczna og\u0142oszony przez Urz\u0105d Miasta Kwidzyn<\/p>\n<p>&nbsp;<\/td>\n<td width=\"117\">Miejski<\/td>\n<td width=\"248\">Eliza Ku\u017ama, Seweryn Lisowiecki, Bartosz Miko\u0142ajczyk- wyr\u00f3\u017cnienie<\/td>\n<\/tr>\n<tr>\n<td width=\"57\">1e<\/td>\n<td width=\"184\">Konkursu Plastycznego dla klas pierwszych Kartka \u015bwi\u0105teczna og\u0142oszony przez Urz\u0105d Miasta Kwidzyn<\/td>\n<td width=\"117\">Miejski<\/td>\n<td width=\"248\">Liliana Wszelaki &#8211; wyr\u00f3\u017cnienie<\/td>\n<\/tr>\n<tr>\n<td width=\"57\">2a<\/td>\n<td width=\"184\">Powiatowy Konkurs Origamii<\/p>\n<p>&nbsp;<\/p>\n<p>&nbsp;<\/p>\n<p>Szkolny Konkurs \u201cChristmas Songs\u201d<\/p>\n<p>&nbsp;<\/p>\n<p>&nbsp;<\/p>\n<p>&nbsp;<\/p>\n<p>Og\u00f3lnopolski Konkurs \u201cSpotkania ze sztuk\u0105\u201d<\/td>\n<td width=\"117\">Powiatowy<\/p>\n<p>&nbsp;<\/p>\n<p>&nbsp;<\/p>\n<p>&nbsp;<\/p>\n<p>Szkolny<\/p>\n<p>&nbsp;<\/p>\n<p>&nbsp;<\/p>\n<p>&nbsp;<\/p>\n<p>&nbsp;<\/p>\n<p>Og\u00f3lnopolski<\/p>\n<p>&nbsp;<\/td>\n<td width=\"248\">Maja Rudnik, Antonina \u0141asi\u0144ska &#8211; wyr\u00f3\u017cnienie<\/p>\n<p>&nbsp;<\/p>\n<p>&nbsp;<\/p>\n<p>Maja Dubas \u2013 I miejsce<\/p>\n<p>\u0141ukasz W\u0105cior &#8211; III miejsce<\/p>\n<p>Eliza Kander, Magdalena Bator &#8211; wyr\u00f3\u017cnienie<\/p>\n<p>&nbsp;<\/p>\n<p>Eliza Kander \u2013 III miejsce<\/td>\n<\/tr>\n<tr>\n<td width=\"57\">2b<\/td>\n<td width=\"184\">&#8211;<\/td>\n<td width=\"117\">&#8211;<\/td>\n<td width=\"248\">&#8211;<\/td>\n<\/tr>\n<tr>\n<td width=\"57\">2c<\/td>\n<td width=\"184\">&#8211;<\/td>\n<td width=\"117\">&#8211;<\/td>\n<td width=\"248\">&#8211;<\/td>\n<\/tr>\n<tr>\n<td width=\"57\">2d<\/td>\n<td width=\"184\">Szkolny Konkurs<\/p>\n<p>\u201cChristmas Songs\u201d<\/td>\n<td width=\"117\">Szkolny<\/td>\n<td width=\"248\">Ma\u0142gorzata Lewandowska- II miejsce<\/td>\n<\/tr>\n<tr>\n<td width=\"57\">3a<\/td>\n<td width=\"184\">Szkolny Konkurs \u201cChristmas Songs\u201d<\/p>\n<p>&nbsp;<\/p>\n<p>&nbsp;<\/td>\n<td width=\"117\">szkolny<\/td>\n<td width=\"248\">Pola Kwiatkowska \u2013 I miejsce<\/td>\n<\/tr>\n<tr>\n<td width=\"57\">3b<\/td>\n<td width=\"184\">-III Powiatowy Konkurs plastyczny klas I-III Barwy Jesieni<\/p>\n<p>&nbsp;<\/p>\n<p>-Powiatowy Konkurs Origamii<\/p>\n<p>&nbsp;<\/p>\n<p>\u201cMa\u0142y Mistrz Tabliczki Mno\u017cenia\u201d<\/p>\n<p>&nbsp;<\/p>\n<p>&nbsp;<\/td>\n<td width=\"117\">Powiatowy<\/p>\n<p>&nbsp;<\/p>\n<p>&nbsp;<\/p>\n<p>&nbsp;<\/p>\n<p>Powiatowy<\/p>\n<p>&nbsp;<\/p>\n<p>&nbsp;<\/p>\n<p>Szkolny<\/td>\n<td width=\"248\">\u00a0Igor Wo\u0142oszko &#8211; wyr\u00f3\u017cnienie<\/p>\n<p>&nbsp;<\/p>\n<p>&nbsp;<\/p>\n<p>&nbsp;<\/p>\n<p>Wojciech K\u0142osowski- wyr\u00f3\u017cnienie<\/p>\n<p>&nbsp;<\/p>\n<p>&nbsp;<\/p>\n<p>Olena Zi\u0119tal- III miejsce<\/td>\n<\/tr>\n<tr>\n<td width=\"57\">3c<\/td>\n<td width=\"184\">Szkolny Konkurs \u201cMa\u0142y Mistrz Tabliczki Mno\u017cenia\u201d<\/p>\n<p>&nbsp;<\/p>\n<p>Szkolny Konkurs piosenek angloj\u0119zycznych Christmas Songs<\/p>\n<p>&nbsp;<\/td>\n<td width=\"117\">Szkolny<\/p>\n<p>&nbsp;<\/p>\n<p>&nbsp;<\/p>\n<p>&nbsp;<\/p>\n<p>Szkolny<\/td>\n<td width=\"248\">Filip Fularczyk-II miejsce<\/p>\n<p>&nbsp;<\/p>\n<p>&nbsp;<\/p>\n<p>&nbsp;<\/p>\n<p>Zofia Jaster \u2013 II miejsce<\/p>\n<p>&nbsp;<\/p>\n<p>&nbsp;<\/p>\n<p>&nbsp;<\/td>\n<\/tr>\n<tr>\n<td width=\"57\">3d<\/td>\n<td width=\"184\">Miejski Konkurs Anio\u0142 nadziei<\/p>\n<p>&nbsp;<\/p>\n<p>Szkolny Ma\u0142y Mistrz Tabliczki Mno\u017cenia dla klas 3<\/p>\n<p>&nbsp;<\/p>\n<p>Szkolny Christmas songs<\/td>\n<td width=\"117\">Miejski<\/p>\n<p>&nbsp;<\/p>\n<p>&nbsp;<\/p>\n<p>Szkolny<\/p>\n<p>&nbsp;<\/p>\n<p>&nbsp;<\/p>\n<p>&nbsp;<\/p>\n<p>Szkolny<\/p>\n<p>&nbsp;<\/td>\n<td width=\"248\">Maria Drypa, Alicja J\u0119drzejak &#8211; I miejsce<\/p>\n<p>&nbsp;<\/p>\n<p>Antoni Pi\u00f3rkowski &#8211; I miejsce<\/p>\n<p>&nbsp;<\/p>\n<p>&nbsp;<\/p>\n<p>&nbsp;<\/p>\n<p>Maja Nielepko \u2013 III miejsce<\/p>\n<p>Marika Szatkowska &#8211; wyr\u00f3\u017cnienie<\/td>\n<\/tr>\n<tr>\n<td width=\"57\">3e<\/td>\n<td width=\"184\">Szkolny Konkurs \u201cChistmas Songs\u201d<\/p>\n<p>&nbsp;<\/p>\n<p>\u201cMa\u0142y Mistrz Tabliczki Mno\u017cenia\u201d<\/td>\n<td width=\"117\">Szkolny<\/p>\n<p>&nbsp;<\/p>\n<p>&nbsp;<\/p>\n<p>Szkolny<\/td>\n<td width=\"248\">Zuzanna Kluczewska-wyr\u00f3\u017cnienie<\/p>\n<p>&nbsp;<\/p>\n<p>Zuzanna Kluczewska-wyr\u00f3\u017cnienie<\/p>\n<p>Amelia Nowakowska-wyr\u00f3\u017cnienie<\/p>\n<p>&nbsp;<\/td>\n<\/tr>\n<\/tbody>\n<\/table>\n","protected":false},"excerpt":{"rendered":"<p>Klasa\u00a0 Nazwa konkursu\u00a0 Zasi\u0119g\/etap\u00a0 Imi\u0119, nazwisko, miejsce\u00a0 1a Szkolny Konkurs piosenek angloj\u0119zycznych Christmas Songs &nbsp; Konkursu Plastycznego dla klas pierwszych [&hellip;]<\/p>\n","protected":false},"author":1,"featured_media":0,"parent":0,"menu_order":0,"comment_status":"closed","ping_status":"closed","template":"","meta":{"footnotes":""},"class_list":["post-11175","page","type-page","status-publish","hentry","has_no_thumb"],"aioseo_notices":[],"_links":{"self":[{"href":"https:\/\/sp6kwidzyn.pl\/index.php?rest_route=\/wp\/v2\/pages\/11175","targetHints":{"allow":["GET"]}}],"collection":[{"href":"https:\/\/sp6kwidzyn.pl\/index.php?rest_route=\/wp\/v2\/pages"}],"about":[{"href":"https:\/\/sp6kwidzyn.pl\/index.php?rest_route=\/wp\/v2\/types\/page"}],"author":[{"embeddable":true,"href":"https:\/\/sp6kwidzyn.pl\/index.php?rest_route=\/wp\/v2\/users\/1"}],"replies":[{"embeddable":true,"href":"https:\/\/sp6kwidzyn.pl\/index.php?rest_route=%2Fwp%2Fv2%2Fcomments&post=11175"}],"version-history":[{"count":1,"href":"https:\/\/sp6kwidzyn.pl\/index.php?rest_route=\/wp\/v2\/pages\/11175\/revisions"}],"predecessor-version":[{"id":11176,"href":"https:\/\/sp6kwidzyn.pl\/index.php?rest_route=\/wp\/v2\/pages\/11175\/revisions\/11176"}],"wp:attachment":[{"href":"https:\/\/sp6kwidzyn.pl\/index.php?rest_route=%2Fwp%2Fv2%2Fmedia&parent=11175"}],"curies":[{"name":"wp","href":"https:\/\/api.w.org\/{rel}","templated":true}]}}