{"id":11172,"date":"2025-02-13T22:12:19","date_gmt":"2025-02-13T21:12:19","guid":{"rendered":"https:\/\/sp6kwidzyn.pl\/?page_id=11172"},"modified":"2025-02-13T22:12:19","modified_gmt":"2025-02-13T21:12:19","slug":"sukcesy-sportowe","status":"publish","type":"page","link":"https:\/\/sp6kwidzyn.pl\/?page_id=11172","title":{"rendered":"Sukcesy sportowe"},"content":{"rendered":"<table width=\"936\">\n<tbody>\n<tr>\n<td width=\"123\"><strong>Zasi\u0119g \/ etap<\/strong><\/td>\n<td width=\"331\"><strong>Nazwa konkursu<\/strong><\/td>\n<td width=\"189\"><strong>Organizator\/opiekun n-l<\/strong><\/td>\n<td width=\"180\"><strong>Nazwisko i imi\u0119 ucznia\/klasa<\/strong><\/td>\n<td width=\"113\"><strong>Zdobyte miejsce<\/strong><\/td>\n<\/tr>\n<tr>\n<td width=\"123\"><strong>miejski<\/strong><\/td>\n<td width=\"331\"><strong>Miejskie rozgrywki &#8211; Koszyk\u00f3wka 3&#215;3<\/strong><\/p>\n<p><strong>\u00a0<\/strong><\/p>\n<p><strong>\u00a0<\/strong><\/p>\n<p><strong>\u00a0<\/strong><\/p>\n<p><strong>Unihokej Dziewcz\u0105t Igrzyska Dzieci <\/strong><\/td>\n<td width=\"189\"><strong>Szs \/ Zimnicki<\/strong><\/p>\n<p><strong>\u00a0<\/strong><\/p>\n<p><strong>\u00a0<\/strong><\/p>\n<p><strong>\u00a0<\/strong><\/p>\n<p><strong>Szs\/ Walor<\/strong><\/td>\n<td width=\"180\"><strong>Sarafi\u0144czyk B\u0142a\u017cej 8a, Archutowski Maciej 8a, Skoneczny Przemys\u0142aw 8a, Ziele\u0144 Stanis\u0142aw 7a<\/strong><\/p>\n<p><strong>\u00a0<\/strong><\/p>\n<p><strong>Brudzy Michalina 6a, Gral Maja 6a, Karatysz Alicja 6a, Kiempczy\u0144ska Maja 6a, Klejbach Martyna 6a, Koprowska Nikola 6a, Kowalska Amelia 6a, Kowalska Paulina 6a, Matuszczak Wiktoria 6a, Patelczyk Zofia 6a, Zalubowska Jdwiga 6a,<\/strong><\/td>\n<td width=\"113\"><strong>4<\/strong><\/p>\n<p><strong>\u00a0<\/strong><\/p>\n<p><strong>\u00a0<\/strong><\/p>\n<p><strong>\u00a0<\/strong><\/p>\n<p><strong>3<\/strong><\/td>\n<\/tr>\n<tr>\n<td width=\"123\"><strong>powiatowy<\/strong><\/td>\n<td width=\"331\"><strong>WIDZ w tenisie sto\u0142owym<\/strong><\/p>\n<p><strong>\u00a0<\/strong><\/p>\n<p><strong>\u00a0<\/strong><\/p>\n<p><strong>Pi\u0142ka siatkowa ch\u0142opc\u00f3w- Igrzyska Dzieci<\/strong><\/p>\n<p><strong>\u00a0<\/strong><\/p>\n<p><strong>\u00a0<\/strong><\/p>\n<p><strong>\u00a0<\/strong><\/p>\n<p><strong>\u00a0<\/strong><\/p>\n<p><strong>\u00a0<\/strong><\/p>\n<p><strong>Pi\u0142ka Siatkowa Dziewcz\u0105t- Igrzyska Dzieci<\/strong><\/p>\n<p><strong>\u00a0<\/strong><\/p>\n<p><strong>\u00a0<\/strong><\/p>\n<p><strong>\u00a0<\/strong><\/p>\n<p><strong>\u00a0<\/strong><\/td>\n<td width=\"189\"><strong>Szs\/ Marecki<\/strong><\/p>\n<p><strong>\u00a0<\/strong><\/p>\n<p><strong>\u00a0<\/strong><\/p>\n<p><strong>Szs\/ Kobus<\/strong><\/p>\n<p><strong>\u00a0<\/strong><\/p>\n<p><strong>\u00a0<\/strong><\/p>\n<p><strong>\u00a0<\/strong><\/p>\n<p><strong>\u00a0<\/strong><\/p>\n<p><strong>\u00a0<\/strong><\/p>\n<p><strong>Szs\/ Walor<\/strong><\/p>\n<p><strong>\u00a0<\/strong><\/p>\n<p><strong>\u00a0<\/strong><\/td>\n<td width=\"180\"><strong>Szmidt Maciej, Wcisa\u0142o Bartosz<\/strong><\/p>\n<p><strong>\u00a0<\/strong><\/p>\n<p><strong>Kopecki Daniel 6a, Szmagli\u0144ski Maksymilian 6a, To\u0142stik Oskar 6a, Dudek Wojciech 6a, Miller Wiktor 6a, Czerniak Tymoteusz 6a, Ro\u017cniata Tymoteusz 6a, Melkowski Micha\u0142 6a, Mielniczek Kacper 6a<\/strong><\/p>\n<p><strong>\u00a0<\/strong><\/p>\n<p><strong>Brudzy Michalina 6a, Gral Maja 6a, Karatysz Alicja 6a, Kiempczy\u0144ska Maja 6a, Klejbach Martyna 6a, Koprowska Nikola 6a, Kowalska Amelia 6a, Kowalska Paulina 6a, Matuszczak Wiktoria 6a, Patelczyk Zofia 6a, Zalubowska Jdwiga 6a,<\/strong><\/td>\n<td width=\"113\"><strong>2<\/strong><\/p>\n<p><strong>\u00a0<\/strong><\/p>\n<p><strong>\u00a0<\/strong><\/p>\n<p><strong>1<\/strong><\/p>\n<p><strong>\u00a0<\/strong><\/p>\n<p><strong>\u00a0<\/strong><\/p>\n<p><strong>\u00a0<\/strong><\/p>\n<p><strong>\u00a0<\/strong><\/p>\n<p><strong>\u00a0<\/strong><\/p>\n<p><strong>\u00a0<\/strong><\/td>\n<\/tr>\n<tr>\n<td width=\"123\"><strong>wojew\u00f3dzki<\/strong><\/td>\n<td width=\"331\"><strong>WIDZ w tenisie sto\u0142owym<\/strong><\/p>\n<p><strong>\u00a0<\/strong><\/p>\n<p><strong>\u00a0<\/strong><\/p>\n<p><strong>Sztafetowe biegi prze\u0142ajowe- Igrzyska Dzieci<\/strong><\/p>\n<p><strong>\u00a0<\/strong><\/p>\n<p><strong>\u00a0<\/strong><\/p>\n<p><strong>\u00a0<\/strong><\/p>\n<p><strong>Sztafetowe biegi prze\u0142ajowe- Igrzyska M\u0142odzie\u017cy Szkolnej<\/strong><\/p>\n<p><strong>\u00a0<\/strong><\/p>\n<p><strong>\u00a0<\/strong><\/p>\n<p><strong>\u00a0<\/strong><\/p>\n<p><strong>\u00a0<\/strong><\/p>\n<p><strong>\u00a0<\/strong><\/p>\n<p><strong>Unihokej Ch\u0142opc\u00f3w -Igrzyska Dzieci<\/strong><\/p>\n<p><strong>\u00a0<\/strong><\/p>\n<p><strong>\u00a0<\/strong><\/p>\n<p><strong>\u00a0<\/strong><\/p>\n<p><strong>\u00a0<\/strong><\/p>\n<p><strong>\u00a0<\/strong><\/p>\n<p><strong>\u00a0<\/strong><\/p>\n<p><strong>Turniej Pi\u0142ki \u00a0siatkowej w Miastku <\/strong><\/p>\n<p><strong>\u00a0<\/strong><\/p>\n<p><strong>\u00a0<\/strong><\/p>\n<p><strong>\u00a0<\/strong><\/p>\n<p><strong>\u00a0<\/strong><\/p>\n<p><strong>\u00a0<\/strong><\/p>\n<p><strong>\u00a0<\/strong><\/p>\n<p><strong>\u00a0<\/strong><\/p>\n<p><strong>Turniej Pi\u0142ki Siatkowej w Elbl\u0105gu<\/strong><\/p>\n<p><strong>\u00a0<\/strong><\/p>\n<p><strong>\u00a0<\/strong><\/p>\n<p><strong>\u00a0<\/strong><\/p>\n<p><strong>\u00a0<\/strong><\/p>\n<p><strong>\u00a0<\/strong><\/p>\n<p><strong>\u00a0<\/strong><\/p>\n<p><strong>\u00a0<\/strong><\/p>\n<p><strong>Sztafetowe Biegi Prze\u0142ajowe- Igrzyska Dzieci<\/strong><\/p>\n<p><strong>\u00a0<\/strong><\/td>\n<td width=\"189\"><strong>Szs\/ Marecki <\/strong><\/p>\n<p><strong>\u00a0<\/strong><\/p>\n<p><strong>\u00a0<\/strong><\/p>\n<p><strong>Szs\/ Kobus<\/strong><\/p>\n<p><strong>\u00a0<\/strong><\/p>\n<p><strong>\u00a0<\/strong><\/p>\n<p><strong>\u00a0<\/strong><\/p>\n<p><strong>Szs\/ Kobus<\/strong><\/p>\n<p><strong>\u00a0<\/strong><\/p>\n<p><strong>\u00a0<\/strong><\/p>\n<p><strong>\u00a0<\/strong><\/p>\n<p><strong>\u00a0<\/strong><\/p>\n<p><strong>\u00a0<\/strong><\/p>\n<p><strong>\u00a0<\/strong><\/p>\n<p><strong>Szs\/ Kobus<\/strong><\/p>\n<p><strong>\u00a0<\/strong><\/p>\n<p><strong>\u00a0<\/strong><\/p>\n<p><strong>\u00a0<\/strong><\/p>\n<p><strong>\u00a0<\/strong><\/p>\n<p><strong>\u00a0<\/strong><\/p>\n<p><strong>UKS Morena Miastko\/Wodzi\u0144ski<\/strong><\/p>\n<p><strong>\u00a0<\/strong><\/p>\n<p><strong>\u00a0<\/strong><\/p>\n<p><strong>\u00a0<\/strong><\/p>\n<p><strong>\u00a0<\/strong><\/p>\n<p><strong>\u00a0<\/strong><\/p>\n<p><strong>\u00a0<\/strong><\/p>\n<p><strong>\u00a0<\/strong><\/p>\n<p><strong>Truso Elbl\u0105g \/ Wodzi\u0144ski<\/strong><\/p>\n<p><strong>\u00a0<\/strong><\/p>\n<p><strong>\u00a0<\/strong><\/p>\n<p><strong>\u00a0<\/strong><\/p>\n<p><strong>\u00a0<\/strong><\/p>\n<p><strong>\u00a0<\/strong><\/p>\n<p><strong>\u00a0<\/strong><\/p>\n<p><strong>\u00a0<\/strong><\/p>\n<p><strong>Szs\/ St\u0119pie\u0144<\/strong><\/td>\n<td width=\"180\"><strong>Szmidt Maciej, Wcisa\u0142o Bartosz<\/strong><\/p>\n<p><strong>\u00a0<\/strong><\/p>\n<p><strong>\u00a0<\/strong><\/p>\n<p><strong>Kopecki Daniel 6a, Ro\u017cniata Tymoteusz 6a, Kami\u0144ski Miko\u0142aj 6a, Karasiewicz Mateusz 6a, <\/strong><\/p>\n<p><strong>\u00a0<\/strong><\/p>\n<p><strong>Kobus Szymon 7a, Walczak Marcel 8a, Kami\u0144ski Alan 8a, Ziele\u0144 Stanis\u0142aw 7a, Mikirtchian Artur 7a,<\/strong><\/p>\n<p><strong>\u00a0<\/strong><\/p>\n<p><strong>\u00a0<\/strong><\/p>\n<p><strong>\u00a0<\/strong><\/p>\n<p><strong>\u00a0<\/strong><\/p>\n<p><strong>Kopecki Daniel 6a, Szmagli\u015bki Maksymilian 6a, Kami\u0144ski Miko\u0142aj 6a, Miller Wiktor 6a, Dudek Wojciech 6a, Czerniak Tymoteusz 6a, Melkowski Micha\u0142 6a, Sulej Marcel 6a, <\/strong><\/p>\n<p><strong>\u00a0<\/strong><\/p>\n<p><strong>\u00a0<\/strong><\/p>\n<p><strong>Cieszewska Katarzyna 7a, Gawro\u0144ska Karolina 7a, G\u0142uszkiewicz Liwia 7a, Kaschyna Viktoria 7a, Puncewicz Nikola 7a, Stolarz Weronika 7a, \u015aliwi\u0144ska Gabriela 7a, Wilk Maja 7a, Wojnarowicz Lena 7a<\/strong><\/p>\n<p><strong>\u00a0<\/strong><\/p>\n<p><strong>\u00a0<\/strong><\/p>\n<p><strong>Cieszewska Katarzyna 7a, Gawro\u0144ska Karolina 7a, G\u0142uszkiewicz Liwia 7a, Kaschyna Viktoria 7a, Puncewicz Nikola 7a, Stolarz Weronika 7a, \u015aliwi\u0144ska Gabriela 7a, Wilk Maja 7a, Wojnarowicz Lena 7a<\/strong><\/p>\n<p><strong>\u00a0<\/strong><\/p>\n<p><strong>\u00a0<\/strong><\/p>\n<p><strong>Kruszczy\u0144ska Maria, Kruszczy\u0144ska Zofia, Frajnagiel Anna, Klinowska Oliwia, Jaworska Lena, Walicka Wiktoria<\/strong><\/p>\n<p><strong>\u00a0<\/strong><\/p>\n<p><strong>\u00a0<\/strong><\/p>\n<p><strong>\u00a0<\/strong><\/p>\n<p><strong>\u00a0<\/strong><\/p>\n<p><strong>\u00a0<\/strong><\/p>\n<p><strong>\u00a0<\/strong><\/p>\n<p><strong>\u00a0<\/strong><\/p>\n<p><strong>\u00a0<\/strong><\/p>\n<p><strong>\u00a0<\/strong><\/p>\n<p><strong>\u00a0<\/strong><\/p>\n<p><strong>\u00a0<\/strong><\/p>\n<p><strong>\u00a0<\/strong><\/p>\n<p><strong>\u00a0<\/strong><\/td>\n<td width=\"113\"><strong>3<\/strong><\/p>\n<p><strong>\u00a0<\/strong><\/p>\n<p><strong>\u00a0<\/strong><\/p>\n<p><strong>3<\/strong><\/p>\n<p><strong>\u00a0<\/strong><\/p>\n<p><strong>\u00a0<\/strong><\/p>\n<p><strong>\u00a0<\/strong><\/p>\n<p><strong>6<\/strong><\/p>\n<p><strong>\u00a0<\/strong><\/p>\n<p><strong>\u00a0<\/strong><\/p>\n<p><strong>\u00a0<\/strong><\/p>\n<p><strong>\u00a0<\/strong><\/p>\n<p><strong>\u00a0<\/strong><\/p>\n<p><strong>\u00a0<\/strong><\/p>\n<p><strong>4<\/strong><\/p>\n<p><strong>\u00a0<\/strong><\/p>\n<p><strong>\u00a0<\/strong><\/p>\n<p><strong>\u00a0<\/strong><\/p>\n<p><strong>\u00a0<\/strong><\/p>\n<p><strong>\u00a0<\/strong><\/p>\n<p><strong>\u00a0<\/strong><\/p>\n<p><strong>9<\/strong><\/p>\n<p><strong>\u00a0<\/strong><\/p>\n<p><strong>\u00a0<\/strong><\/p>\n<p><strong>\u00a0<\/strong><\/p>\n<p><strong>\u00a0<\/strong><\/p>\n<p><strong>\u00a0<\/strong><\/p>\n<p><strong>\u00a0<\/strong><\/p>\n<p><strong>\u00a0<\/strong><\/p>\n<p><strong>1<\/strong><\/p>\n<p><strong>\u00a0<\/strong><\/p>\n<p><strong>\u00a0<\/strong><\/p>\n<p><strong>\u00a0<\/strong><\/p>\n<p><strong>\u00a0<\/strong><\/p>\n<p><strong>\u00a0<\/strong><\/p>\n<p><strong>\u00a0<\/strong><\/p>\n<p><strong>\u00a0<\/strong><\/p>\n<p><strong>12<\/strong><\/td>\n<\/tr>\n<\/tbody>\n<\/table>\n","protected":false},"excerpt":{"rendered":"<p>Zasi\u0119g \/ etap Nazwa konkursu Organizator\/opiekun n-l Nazwisko i imi\u0119 ucznia\/klasa Zdobyte miejsce miejski Miejskie rozgrywki &#8211; Koszyk\u00f3wka 3&#215;3 \u00a0 [&hellip;]<\/p>\n","protected":false},"author":1,"featured_media":0,"parent":0,"menu_order":0,"comment_status":"closed","ping_status":"closed","template":"","meta":{"footnotes":""},"class_list":["post-11172","page","type-page","status-publish","hentry","has_no_thumb"],"aioseo_notices":[],"_links":{"self":[{"href":"https:\/\/sp6kwidzyn.pl\/index.php?rest_route=\/wp\/v2\/pages\/11172","targetHints":{"allow":["GET"]}}],"collection":[{"href":"https:\/\/sp6kwidzyn.pl\/index.php?rest_route=\/wp\/v2\/pages"}],"about":[{"href":"https:\/\/sp6kwidzyn.pl\/index.php?rest_route=\/wp\/v2\/types\/page"}],"author":[{"embeddable":true,"href":"https:\/\/sp6kwidzyn.pl\/index.php?rest_route=\/wp\/v2\/users\/1"}],"replies":[{"embeddable":true,"href":"https:\/\/sp6kwidzyn.pl\/index.php?rest_route=%2Fwp%2Fv2%2Fcomments&post=11172"}],"version-history":[{"count":1,"href":"https:\/\/sp6kwidzyn.pl\/index.php?rest_route=\/wp\/v2\/pages\/11172\/revisions"}],"predecessor-version":[{"id":11173,"href":"https:\/\/sp6kwidzyn.pl\/index.php?rest_route=\/wp\/v2\/pages\/11172\/revisions\/11173"}],"wp:attachment":[{"href":"https:\/\/sp6kwidzyn.pl\/index.php?rest_route=%2Fwp%2Fv2%2Fmedia&parent=11172"}],"curies":[{"name":"wp","href":"https:\/\/api.w.org\/{rel}","templated":true}]}}