{"id":11167,"date":"2025-02-13T21:49:36","date_gmt":"2025-02-13T20:49:36","guid":{"rendered":"https:\/\/sp6kwidzyn.pl\/?page_id=11167"},"modified":"2025-02-13T21:58:39","modified_gmt":"2025-02-13T20:58:39","slug":"sukcesy-uczniow-zespol-przedmiotow-scislych","status":"publish","type":"page","link":"https:\/\/sp6kwidzyn.pl\/?page_id=11167","title":{"rendered":"Sukcesy uczni\u00f3w &#8211; zesp\u00f3\u0142 przedmiot\u00f3w \u015bcis\u0142ych"},"content":{"rendered":"<table style=\"height: 2148px;\" width=\"1147\">\n<tbody>\n<tr>\n<td width=\"123\"><strong>Zasi\u0119g \/ etap<\/strong><\/td>\n<td width=\"331\"><strong>Nazwa konkursu<\/strong><\/td>\n<td width=\"189\"><strong>Organizator\/opiekun n-l<\/strong><\/td>\n<td width=\"180\"><strong>Nazwisko i imi\u0119 ucznia\/klasa<\/strong><\/td>\n<td width=\"113\"><strong>Zdobyte miejsce<\/strong><\/td>\n<\/tr>\n<tr>\n<td width=\"123\"><strong>miejski\u00a0\u00a0\u00a0\u00a0\u00a0\u00a0\u00a0\u00a0\u00a0\u00a0\u00a0\u00a0\u00a0\u00a0 <\/strong><\/td>\n<td width=\"331\">Konkurs o tytu\u0142 najlepszego Technika w\u015br\u00f3d \u00f3smoklasist\u00f3w<\/p>\n<p>Data: marzec 2025<\/td>\n<td width=\"189\">CKZiU\/ M. Kaczor<\/td>\n<td width=\"180\">&nbsp;<\/td>\n<td width=\"113\"><strong>\u00a0<\/strong><\/td>\n<\/tr>\n<tr>\n<td rowspan=\"6\" width=\"123\"><strong>Powiatowy\/<\/strong><\/p>\n<p><strong>rejonowy\/<\/strong><\/p>\n<p><strong>stopie\u0144 II<\/strong><\/td>\n<td width=\"331\">Wojew\u00f3dzki Konkurs z Matematyki<\/p>\n<p>Data: 5.12.24<\/td>\n<td width=\"189\">M. Herkt<\/p>\n<p>W. Radomska<\/td>\n<td width=\"180\">Kashchyna Viktoriia 8A<\/p>\n<p>Zakrzewski Micha\u0142 8D<\/td>\n<td width=\"113\">udzia\u0142<\/p>\n<p><strong>Awans do etapu wojew\u00f3dzkiego<\/strong><\/td>\n<\/tr>\n<tr>\n<td width=\"331\">Wojew\u00f3dzki Konkurs z Fizyki<\/p>\n<p>Data: 07.01.2025<\/td>\n<td width=\"189\">M. Kaczor<\/td>\n<td width=\"180\">Zakrzewski Micha\u0142 8D<\/p>\n<p>&nbsp;<\/p>\n<p>Ziele\u0144 Stanis\u0142aw 8A<\/td>\n<td width=\"113\"><strong>Awans do etapu wojew\u00f3dzkiego<\/strong><\/p>\n<p><strong>Awans do etapu wojew\u00f3dzkiego<\/strong><\/td>\n<\/tr>\n<tr>\n<td width=\"331\">Wojew\u00f3dzki Konkurs z Informatyki<\/p>\n<p>Data: 16.12.24<\/td>\n<td width=\"189\">M. Taraszkiewicz<\/td>\n<td width=\"180\">Szczepa\u0144ski Jan 7C<\/p>\n<p>Zakrzewski Micha\u0142 8D<\/td>\n<td width=\"113\">udzia\u0142<\/p>\n<p><strong>Awans do etapu wojew\u00f3dzkiego<\/strong><\/td>\n<\/tr>\n<tr>\n<td width=\"331\">Wojew\u00f3dzki Konkurs z Geografii<\/p>\n<p>Data: 12.12.24<\/td>\n<td width=\"189\">N. Szy\u0142ejko<\/p>\n<p>&nbsp;<\/td>\n<td width=\"180\">Nowakowski Adam 6D<\/p>\n<p>Zakrzewski Micha\u0142\u00a0 8D<\/td>\n<td width=\"113\">udzia\u0142<\/p>\n<p><strong>Awans do etapu wojew\u00f3dzkiego<\/strong><\/td>\n<\/tr>\n<tr>\n<td width=\"331\">Wojew\u00f3dzki Konkurs z Biologii<\/p>\n<p>Data: 9.01.2025r.<\/td>\n<td width=\"189\">G. Pi\u00f3rkowska<\/td>\n<td width=\"180\">Fokt Szymon 8B<\/td>\n<td width=\"113\">udzia\u0142<\/td>\n<\/tr>\n<tr>\n<td width=\"331\">Og\u00f3lnopolski Turniej Bezpiecze\u0144stwo w Ruchu Drogowym<\/td>\n<td width=\"189\">T. Sadecka<\/td>\n<td width=\"180\">&nbsp;<\/td>\n<td width=\"113\"><strong>\u00a0<\/strong><\/td>\n<\/tr>\n<tr>\n<td rowspan=\"5\" width=\"123\"><strong>wojew\u00f3dzki<\/strong><\/td>\n<td width=\"331\">Wojew\u00f3dzki Konkurs z Fizyki<\/p>\n<p>Data: 4.03.2025<\/td>\n<td width=\"189\">M. Kaczor<\/td>\n<td width=\"180\">&nbsp;<\/td>\n<td width=\"113\"><strong>\u00a0<\/strong><\/td>\n<\/tr>\n<tr>\n<td width=\"331\">Wojew\u00f3dzki Konkurs z Matematyki<\/p>\n<p>Data: 31.01.25<\/td>\n<td width=\"189\">W. Radomska<\/td>\n<td width=\"180\">Micha\u0142 Zakrzewski\u00a0 8D<\/td>\n<td width=\"113\"><strong>LAUREAT<\/strong><\/td>\n<\/tr>\n<tr>\n<td width=\"331\">Wojew\u00f3dzki Konkurs z Informatyki<\/p>\n<p>Data: 30.01.2025<\/td>\n<td width=\"189\">M. Taraszkiewicz<\/td>\n<td width=\"180\">Micha\u0142 Zakrzewski\u00a0 8D<\/td>\n<td width=\"113\"><strong>LAUREAT<\/strong><\/td>\n<\/tr>\n<tr>\n<td width=\"331\">Wojew\u00f3dzki Konkurs z Geografii<\/p>\n<p>Data: 14.02.25<\/td>\n<td width=\"189\">N. Szy\u0142ejko<\/td>\n<td width=\"180\">Micha\u0142 Zakrzewski\u00a0 8D<\/p>\n<p>&nbsp;<\/p>\n<p>&nbsp;<\/td>\n<td width=\"113\"><strong>\u00a0<\/strong><\/p>\n<p><strong>\u00a0<\/strong><\/p>\n<p><strong>\u00a0<\/strong><\/td>\n<\/tr>\n<tr>\n<td width=\"331\">Wojew\u00f3dzki konkurs z Biologii<\/p>\n<p>Data: 06.03.2025r.<\/td>\n<td width=\"189\">G. Pi\u00f3rkowska<\/td>\n<td width=\"180\">Szymon Fokt 8<em>Bi<\/em><\/td>\n<td width=\"113\"><strong>\u00a0<\/strong><\/td>\n<\/tr>\n<tr>\n<td rowspan=\"2\" width=\"123\"><strong>og\u00f3lnopolski<\/strong><\/td>\n<td width=\"331\">Og\u00f3lnopolska Olimpiada Wiedzy Chemicznej dla szk\u00f3\u0142 podstawowych \u2013 etap pierwszy<\/p>\n<p>Data: 14.11.2024<\/td>\n<td width=\"189\">M. Wasiniak<\/td>\n<td width=\"180\">Micha\u0142 Zakrzewski\u00a0 8D<\/td>\n<td width=\"113\"><strong>awans do drugiego etapu<\/strong><\/p>\n<p><strong>\u00a0<\/strong><\/td>\n<\/tr>\n<tr>\n<td width=\"331\">Etap drugi<\/p>\n<p>Data: 16.01.2025<\/td>\n<td width=\"189\">M. Wasiniak<\/td>\n<td width=\"180\">Micha\u0142 Zakrzewski\u00a0 8D<\/td>\n<td width=\"113\">udzia\u0142<\/td>\n<\/tr>\n<tr>\n<td width=\"123\"><strong>\u00a0<\/strong><\/td>\n<td width=\"331\">EDI Og\u00f3lnopolskie Konkursy Przedmiotowe z Fizyki \u2013 poziom klas \u00f3smych<\/p>\n<p>Data: 20.11.24<\/td>\n<td width=\"189\">M. Kaczor<\/td>\n<td width=\"180\">Micha\u0142 Zakrzewski\u00a0 8D<\/td>\n<td width=\"113\">Wyr\u00f3\u017cnienie<\/p>\n<p>IX m-ce (na 81 uczestnik\u00f3w)<\/td>\n<\/tr>\n<tr>\n<td width=\"123\"><strong>\u00a0<\/strong><\/td>\n<td width=\"331\">EDI Og\u00f3lnopolskie Konkursy Przedmiotowe z Matematyki &#8211; poziom klas czwartych<\/p>\n<p>Data: 19.11.24<\/td>\n<td width=\"189\">J. Brocka &#8211; Tymi\u0144ska<\/td>\n<td width=\"180\">Adam Nowaczek 4D<\/td>\n<td width=\"113\">Wyr\u00f3\u017cnienie<\/p>\n<p>VII m-ce (na 672 uczestnik\u00f3w)<\/td>\n<\/tr>\n<\/tbody>\n<\/table>\n","protected":false},"excerpt":{"rendered":"<p>Zasi\u0119g \/ etap Nazwa konkursu Organizator\/opiekun n-l Nazwisko i imi\u0119 ucznia\/klasa Zdobyte miejsce miejski\u00a0\u00a0\u00a0\u00a0\u00a0\u00a0\u00a0\u00a0\u00a0\u00a0\u00a0\u00a0\u00a0\u00a0 Konkurs o tytu\u0142 najlepszego Technika w\u015br\u00f3d [&hellip;]<\/p>\n","protected":false},"author":1,"featured_media":0,"parent":0,"menu_order":0,"comment_status":"closed","ping_status":"closed","template":"","meta":{"footnotes":""},"class_list":["post-11167","page","type-page","status-publish","hentry","has_no_thumb"],"aioseo_notices":[],"_links":{"self":[{"href":"https:\/\/sp6kwidzyn.pl\/index.php?rest_route=\/wp\/v2\/pages\/11167","targetHints":{"allow":["GET"]}}],"collection":[{"href":"https:\/\/sp6kwidzyn.pl\/index.php?rest_route=\/wp\/v2\/pages"}],"about":[{"href":"https:\/\/sp6kwidzyn.pl\/index.php?rest_route=\/wp\/v2\/types\/page"}],"author":[{"embeddable":true,"href":"https:\/\/sp6kwidzyn.pl\/index.php?rest_route=\/wp\/v2\/users\/1"}],"replies":[{"embeddable":true,"href":"https:\/\/sp6kwidzyn.pl\/index.php?rest_route=%2Fwp%2Fv2%2Fcomments&post=11167"}],"version-history":[{"count":3,"href":"https:\/\/sp6kwidzyn.pl\/index.php?rest_route=\/wp\/v2\/pages\/11167\/revisions"}],"predecessor-version":[{"id":11170,"href":"https:\/\/sp6kwidzyn.pl\/index.php?rest_route=\/wp\/v2\/pages\/11167\/revisions\/11170"}],"wp:attachment":[{"href":"https:\/\/sp6kwidzyn.pl\/index.php?rest_route=%2Fwp%2Fv2%2Fmedia&parent=11167"}],"curies":[{"name":"wp","href":"https:\/\/api.w.org\/{rel}","templated":true}]}}