{"id":11028,"date":"2024-12-15T20:49:00","date_gmt":"2024-12-15T19:49:00","guid":{"rendered":"https:\/\/sp6kwidzyn.pl\/?page_id=11028"},"modified":"2024-12-15T21:11:10","modified_gmt":"2024-12-15T20:11:10","slug":"sos-siatkarskie-osrodki-szkolne","status":"publish","type":"page","link":"https:\/\/sp6kwidzyn.pl\/?page_id=11028","title":{"rendered":"SOS &#8211; Siatkarskie O\u015brodki Szkolne"},"content":{"rendered":"<p><img loading=\"lazy\" decoding=\"async\" class=\"wp-image-11029 alignleft\" src=\"https:\/\/sp6kwidzyn.pl\/wp-content\/uploads\/2024\/12\/sos.jpg\" alt=\"\" width=\"398\" height=\"272\" srcset=\"https:\/\/sp6kwidzyn.pl\/wp-content\/uploads\/2024\/12\/sos.jpg 580w, https:\/\/sp6kwidzyn.pl\/wp-content\/uploads\/2024\/12\/sos-300x205.jpg 300w\" sizes=\"auto, (max-width: 398px) 100vw, 398px\" \/><\/p>\n<p>&nbsp;<\/p>\n<p>Nasza szko\u0142a od kilku lat wsp\u00f3\u0142pracuje z <strong>Polskim Zwi\u0105zkiem Pi\u0142ki Siatkowej<\/strong> w ramach <strong>Siatkarskich O\u015brodk\u00f3w Szkolnych<\/strong>. Uczennice z <strong>Klas Mistrzostwa Sportowego<\/strong> od klasy IV do klasy VIII maj\u0105 mo\u017cliwo\u015b\u0107 uczestniczy\u0107 w rozgrywkach wojew\u00f3dzkich <strong>mini siatk\u00f3wki<\/strong> a p\u00f3\u017aniej <strong>siatk\u00f3wki<\/strong>. Najbardziej perspektywiczne dziewcz\u0119ta nale\u017c\u0105 do <strong>kadry wojew\u00f3dzkiej<\/strong>, a najzdolniejsze, kt\u00f3re maj\u0105 bardzo dobre warunki fizyczne s\u0105 obj\u0119te szkoleniem centralnym w ramach kadr regionalnych i <strong>Kadry Polski.<\/strong><\/p>\n<p><a href=\"http:\/\/www.mlodziezowasiatkowka.pl\">www.mlodziezowasiatkowka.pl<\/a><\/p>\n<p>&nbsp;<\/p>\n<p>&nbsp;<\/p>\n","protected":false},"excerpt":{"rendered":"<p>&nbsp; Nasza szko\u0142a od kilku lat wsp\u00f3\u0142pracuje z Polskim Zwi\u0105zkiem Pi\u0142ki Siatkowej w ramach Siatkarskich O\u015brodk\u00f3w Szkolnych. Uczennice z Klas [&hellip;]<\/p>\n","protected":false},"author":1,"featured_media":0,"parent":0,"menu_order":0,"comment_status":"closed","ping_status":"closed","template":"","meta":{"footnotes":""},"class_list":["post-11028","page","type-page","status-publish","hentry","has_thumb"],"aioseo_notices":[],"_links":{"self":[{"href":"https:\/\/sp6kwidzyn.pl\/index.php?rest_route=\/wp\/v2\/pages\/11028","targetHints":{"allow":["GET"]}}],"collection":[{"href":"https:\/\/sp6kwidzyn.pl\/index.php?rest_route=\/wp\/v2\/pages"}],"about":[{"href":"https:\/\/sp6kwidzyn.pl\/index.php?rest_route=\/wp\/v2\/types\/page"}],"author":[{"embeddable":true,"href":"https:\/\/sp6kwidzyn.pl\/index.php?rest_route=\/wp\/v2\/users\/1"}],"replies":[{"embeddable":true,"href":"https:\/\/sp6kwidzyn.pl\/index.php?rest_route=%2Fwp%2Fv2%2Fcomments&post=11028"}],"version-history":[{"count":2,"href":"https:\/\/sp6kwidzyn.pl\/index.php?rest_route=\/wp\/v2\/pages\/11028\/revisions"}],"predecessor-version":[{"id":11040,"href":"https:\/\/sp6kwidzyn.pl\/index.php?rest_route=\/wp\/v2\/pages\/11028\/revisions\/11040"}],"wp:attachment":[{"href":"https:\/\/sp6kwidzyn.pl\/index.php?rest_route=%2Fwp%2Fv2%2Fmedia&parent=11028"}],"curies":[{"name":"wp","href":"https:\/\/api.w.org\/{rel}","templated":true}]}}