{"id":10999,"date":"2024-11-22T08:40:06","date_gmt":"2024-11-22T07:40:06","guid":{"rendered":"https:\/\/sp6kwidzyn.pl\/?page_id=10999"},"modified":"2025-03-20T10:31:50","modified_gmt":"2025-03-20T09:31:50","slug":"laboratoriaprzyszlosci2024_2025","status":"publish","type":"page","link":"https:\/\/sp6kwidzyn.pl\/?page_id=10999","title":{"rendered":"LaboratoriaPrzysz\u0142o\u015bci 2024_2025"},"content":{"rendered":"<div class=\"gmail-xdj266r gmail-x11i5rnm gmail-xat24cr gmail-x1mh8g0r gmail-x1vvkbs gmail-x126k92a\">\n<div dir=\"auto\"><a href=\"https:\/\/sp6kwidzyn.pl\/?page_id=11296\">Dzie\u0144 Nauczyciela w SP6 Kwidzyn<\/a><\/div>\n<div dir=\"auto\"><a href=\"https:\/\/sp6kwidzyn.pl\/?page_id=11289\">Film promuj\u0105cy nasz\u0105 szko\u0142\u0119<\/a><\/div>\n<div dir=\"auto\"><a href=\"https:\/\/sp6kwidzyn.pl\/?page_id=11302\">Projekt &#8222;M\u0142odzi malarze&#8221;<\/a><\/div>\n<\/div>\n<div dir=\"auto\">\n<div><\/div>\n<\/div>\n<div dir=\"auto\"><\/div>\n<div dir=\"auto\"><\/div>\n<div dir=\"auto\"><\/div>\n<div dir=\"auto\"><\/div>\n<div dir=\"auto\"><\/div>\n<div dir=\"auto\">\n<div>\n<div dir=\"auto\"><span style=\"font-family: arial, sans-serif;\"><span class=\"gmail-html-span gmail-xdj266r gmail-x11i5rnm gmail-xat24cr gmail-x1mh8g0r gmail-xexx8yu gmail-x4uap5 gmail-x18d9i69 gmail-xkhd6sd gmail-x1hl2dhg gmail-x16tdsg8 gmail-x1vvkbs\"><a class=\"gmail-x1i10hfl gmail-xjbqb8w gmail-x1ejq31n gmail-xd10rxx gmail-x1sy0etr gmail-x17r0tee gmail-x972fbf gmail-xcfux6l gmail-x1qhh985 gmail-xm0m39n gmail-x9f619 gmail-x1ypdohk gmail-xt0psk2 gmail-xe8uvvx gmail-xdj266r gmail-x11i5rnm gmail-xat24cr gmail-x1mh8g0r gmail-xexx8yu gmail-x4uap5 gmail-x18d9i69 gmail-xkhd6sd gmail-x16tdsg8 gmail-x1hl2dhg gmail-xggy1nq gmail-x1a2a7pz gmail-x1sur9pj gmail-xkrqix3 gmail-x1fey0fg gmail-x1s688f\" tabindex=\"0\" role=\"link\" href=\"https:\/\/www.facebook.com\/hashtag\/laboratoriaprzysz%C5%82o%C5%9Bci?__eep__=6&amp;__cft__[0]=AZXhIwHe43z743SvJ9k4nnh2Nz0D_DveLPcpA6enQwxKbcaZo4djae8rNKVIRqx3KL911oTdwwXu48feQQCSJuM6VbDM91KzE6yNSG2kgxUN_QlVaWipwDsRXJals9zYyFqLzzhERSgO_FOUE7IoFAElK2CKnLmWXJqcSel54k5pZf2lQfkDQxvhyY9Pl5MRhMEuxrJzGz-xKTa__4FEK6k3&amp;__tn__=*NK-R\">#LaboratoriaPrzysz\u0142o\u015bci<\/a><\/span>\u00a0<span class=\"gmail-html-span gmail-xdj266r gmail-x11i5rnm gmail-xat24cr gmail-x1mh8g0r gmail-xexx8yu gmail-x4uap5 gmail-x18d9i69 gmail-xkhd6sd gmail-x1hl2dhg gmail-x16tdsg8 gmail-x1vvkbs\"><a class=\"gmail-x1i10hfl gmail-xjbqb8w gmail-x1ejq31n gmail-xd10rxx gmail-x1sy0etr gmail-x17r0tee gmail-x972fbf gmail-xcfux6l gmail-x1qhh985 gmail-xm0m39n gmail-x9f619 gmail-x1ypdohk gmail-xt0psk2 gmail-xe8uvvx gmail-xdj266r gmail-x11i5rnm gmail-xat24cr gmail-x1mh8g0r gmail-xexx8yu gmail-x4uap5 gmail-x18d9i69 gmail-xkhd6sd gmail-x16tdsg8 gmail-x1hl2dhg gmail-xggy1nq gmail-x1a2a7pz gmail-x1sur9pj gmail-xkrqix3 gmail-x1fey0fg gmail-x1s688f\" tabindex=\"0\" role=\"link\" href=\"https:\/\/www.facebook.com\/hashtag\/laboratoriaprzyszlosci?__eep__=6&amp;__cft__[0]=AZXhIwHe43z743SvJ9k4nnh2Nz0D_DveLPcpA6enQwxKbcaZo4djae8rNKVIRqx3KL911oTdwwXu48feQQCSJuM6VbDM91KzE6yNSG2kgxUN_QlVaWipwDsRXJals9zYyFqLzzhERSgO_FOUE7IoFAElK2CKnLmWXJqcSel54k5pZf2lQfkDQxvhyY9Pl5MRhMEuxrJzGz-xKTa__4FEK6k3&amp;__tn__=*NK-R\">#LaboratoriaPrzyszlosci<\/a><\/span>\u00a0@<span class=\"gmail-html-span gmail-xdj266r gmail-x11i5rnm gmail-xat24cr gmail-x1mh8g0r gmail-xexx8yu gmail-x4uap5 gmail-x18d9i69 gmail-xkhd6sd gmail-x1hl2dhg gmail-x16tdsg8 gmail-x1vvkbs\"><a class=\"gmail-x1i10hfl gmail-xjbqb8w gmail-x1ejq31n gmail-xd10rxx gmail-x1sy0etr gmail-x17r0tee gmail-x972fbf gmail-xcfux6l gmail-x1qhh985 gmail-xm0m39n gmail-x9f619 gmail-x1ypdohk gmail-xt0psk2 gmail-xe8uvvx gmail-xdj266r gmail-x11i5rnm gmail-xat24cr gmail-x1mh8g0r gmail-xexx8yu gmail-x4uap5 gmail-x18d9i69 gmail-xkhd6sd gmail-x16tdsg8 gmail-x1hl2dhg gmail-xggy1nq gmail-x1a2a7pz gmail-x1sur9pj gmail-xkrqix3 gmail-x1fey0fg gmail-x1s688f\" tabindex=\"0\" role=\"link\" href=\"https:\/\/www.facebook.com\/LaboratoriaPrzyszlosci?__cft__[0]=AZXhIwHe43z743SvJ9k4nnh2Nz0D_DveLPcpA6enQwxKbcaZo4djae8rNKVIRqx3KL911oTdwwXu48feQQCSJuM6VbDM91KzE6yNSG2kgxUN_QlVaWipwDsRXJals9zYyFqLzzhERSgO_FOUE7IoFAElK2CKnLmWXJqcSel54k5pZf2lQfkDQxvhyY9Pl5MRhMEuxrJzGz-xKTa__4FEK6k3&amp;__tn__=-]K-R\"><span class=\"gmail-xt0psk2\">Laboratoria Przysz\u0142o\u015bci<\/span><\/a><\/span><\/span><\/div>\n<\/div>\n<div><\/div>\n<\/div>\n","protected":false},"excerpt":{"rendered":"<p>Dzie\u0144 Nauczyciela w SP6 Kwidzyn Film promuj\u0105cy nasz\u0105 szko\u0142\u0119 Projekt &#8222;M\u0142odzi malarze&#8221; #LaboratoriaPrzysz\u0142o\u015bci\u00a0#LaboratoriaPrzyszlosci\u00a0@Laboratoria Przysz\u0142o\u015bci<\/p>\n","protected":false},"author":1,"featured_media":0,"parent":0,"menu_order":0,"comment_status":"closed","ping_status":"closed","template":"","meta":{"footnotes":""},"class_list":["post-10999","page","type-page","status-publish","hentry","has_no_thumb"],"aioseo_notices":[],"_links":{"self":[{"href":"https:\/\/sp6kwidzyn.pl\/index.php?rest_route=\/wp\/v2\/pages\/10999","targetHints":{"allow":["GET"]}}],"collection":[{"href":"https:\/\/sp6kwidzyn.pl\/index.php?rest_route=\/wp\/v2\/pages"}],"about":[{"href":"https:\/\/sp6kwidzyn.pl\/index.php?rest_route=\/wp\/v2\/types\/page"}],"author":[{"embeddable":true,"href":"https:\/\/sp6kwidzyn.pl\/index.php?rest_route=\/wp\/v2\/users\/1"}],"replies":[{"embeddable":true,"href":"https:\/\/sp6kwidzyn.pl\/index.php?rest_route=%2Fwp%2Fv2%2Fcomments&post=10999"}],"version-history":[{"count":13,"href":"https:\/\/sp6kwidzyn.pl\/index.php?rest_route=\/wp\/v2\/pages\/10999\/revisions"}],"predecessor-version":[{"id":11305,"href":"https:\/\/sp6kwidzyn.pl\/index.php?rest_route=\/wp\/v2\/pages\/10999\/revisions\/11305"}],"wp:attachment":[{"href":"https:\/\/sp6kwidzyn.pl\/index.php?rest_route=%2Fwp%2Fv2%2Fmedia&parent=10999"}],"curies":[{"name":"wp","href":"https:\/\/api.w.org\/{rel}","templated":true}]}}