{"id":10869,"date":"2024-09-27T07:44:53","date_gmt":"2024-09-27T05:44:53","guid":{"rendered":"https:\/\/sp6kwidzyn.pl\/?page_id=10869"},"modified":"2026-01-09T08:51:23","modified_gmt":"2026-01-09T07:51:23","slug":"mozliwe-dostosowania-warunkow-i-form-przeprowadzania-egzaminu-osmoklasisty","status":"publish","type":"page","link":"https:\/\/sp6kwidzyn.pl\/?page_id=10869","title":{"rendered":"EGZAMIN \u00d3SMOKLASISTY 2025\/ 2026 Mo\u017cliwe dostosowania warunk\u00f3w i form przeprowadzania egzaminu \u00f3smoklasisty"},"content":{"rendered":"<p style=\"text-align: center;\"><strong><u>EGZAMIN \u00d3SMOKLASISTY 2025\/ 2026<\/u><\/strong><\/p>\n<p style=\"text-align: center;\"><strong><em>(mo\u017cliwe dostosowania warunk\u00f3w i form przeprowadzania egzaminu \u00f3smoklasisty)<\/em><\/strong><\/p>\n<p><strong><u>Informacja dla rodzic\u00f3w<\/u><\/strong><\/p>\n<ol>\n<li><strong>Wa\u017cne terminy:<\/strong><\/li>\n<\/ol>\n<p>\u2013 do 26 wrze\u015bnia 2025 r. zapoznanie uczni\u00f3w i ich rodzic\u00f3w lub s\u0142uchaczy z mo\u017cliwymi dostosowaniami warunk\u00f3w i form przeprowadzenia egzaminu \u00f3smoklasisty;<\/p>\n<p>\u2013 do 30 wrze\u015bnia 2025 r. \u2013 z\u0142o\u017cenie deklaracji (a) wskazuj\u0105c\u0105 j\u0119zyk obcy nowo\u017cytny, z kt\u00f3rego ucze\u0144 przyst\u0105pi do egzaminu \u00f3smoklasisty;<\/p>\n<p>\u2013 do 15 pa\u017adziernika 2025 r. \u2013 przed\u0142o\u017cenie dyrektorowi szko\u0142y za\u015bwiadcze\u0144 o stanie zdrowia ucznia lub opinii poradni psychologiczno-pedagogicznej;<\/p>\n<p>\u2013 do 20 listopada 2025 r. \u2013 poinformowanie na pi\u015bmie rodzic\u00f3w uczni\u00f3w o przyznanych przez rad\u0119 pedagogiczn\u0105 dostosowaniach;<\/p>\n<p>\u2013 do 25 listopada 2025 r. \u2013 przyj\u0119cie o\u015bwiadcze\u0144 rodzic\u00f3w uczni\u00f3w o korzystaniu albo niekorzystaniu z dostosowa\u0144 wskazanych przez rad\u0119 pedagogiczn\u0105;<\/p>\n<p>\u2013 do 13 lutego 2026 r. \u2013 przed\u0142o\u017cenie dyrektorowi szko\u0142y pisemnej informacji o zmianie w deklaracji wskazuj\u0105cej j\u0119zyk obcy nowo\u017cytny, z kt\u00f3rego ucze\u0144 przyst\u0105pi do egzaminu \u00f3smoklasisty;<\/p>\n<p>\u2013 do 29 kwietnia 2026 r. \u2013 przyj\u0119cie od rodzic\u00f3w uczni\u00f3w \u2013 odpowiednio laureat\u00f3w\/finalist\u00f3w konkurs\u00f3w\/olimpiad \u2013 informacji o zmianie j\u0119zyka obcego;<\/p>\n<p>\u2013 3 lipca 2026 r. udost\u0119pnienie w ZIU (SIOEO) wynik\u00f3w egzaminu \u00f3smoklasisty;<\/p>\n<p>\u2013 3 lipca 2026 r. wydanie zdaj\u0105cym za\u015bwiadcze\u0144\/informacji o szczeg\u00f3\u0142owych wynikach egzaminu \u00f3smoklasisty.<\/p>\n<p>Ka\u017cdorazow\u0105 zmian\u0119 w deklaracji wyboru j\u0119zyka obcego nowo\u017cytnego rodzic zobowi\u0105zany jest zg\u0142osi\u0107 dyrektorowi szko\u0142y za pomoc\u0105 stosownego formularza.<\/p>\n<ol>\n<li><strong>Harmonogram egzaminu \u00f3smoklasisty w roku szkolnym 2025\/2026:<\/strong><\/li>\n<\/ol>\n<p>W terminie g\u0142\u00f3wnym<\/p>\n<ol>\n<li>j\u0119zyk polski \u2013 11 maja 2026 r. (poniedzia\u0142ek) \u2013 godz. 9:00<\/li>\n<li>matematyka \u2013 12 maja 2026 r. (wtorek) \u2013 godz. 9:00<\/li>\n<li>j\u0119zyk obcy nowo\u017cytny \u2013 13 maja 2026 r. (\u015broda) \u2013 godz. 9:00<\/li>\n<\/ol>\n<p>W terminie dodatkowym<\/p>\n<ol>\n<li>j\u0119zyk polski \u2013 8 czerwca 2026 r. (poniedzia\u0142ek)\u2013 godz. 9:00<\/li>\n<li>matematyka \u2013 9 czerwca 2026 r. (wtorek) \u2013 godz. 9:00<\/li>\n<li>j\u0119zyk obcy nowo\u017cytny \u2013 10 czerwca 2026 r. (\u015broda) \u2013 godz. 9:00<\/li>\n<\/ol>\n<p>TERMIN DODATKOWY jest dla uczni\u00f3w, kt\u00f3rzy z przyczyn zdrowotnych lub losowych nie przyst\u0105pili do egzaminu w terminie g\u0142\u00f3wnym lub przerwali, ALBO kt\u00f3rym przerwano i uniewa\u017cniono egzamin \u00f3smoklasisty z danego przedmiotu lub przedmiot\u00f3w w terminie g\u0142\u00f3wnym.<\/p>\n<p><strong>III. Czas trwania egzaminu \u00f3smoklasisty.<\/strong><\/p>\n<p>&nbsp;<\/p>\n<table width=\"603\">\n<tbody>\n<tr>\n<td width=\"201\">PRZEDMIOT EGZAMINACYJNY<\/td>\n<td width=\"201\">ARKUSZ STANDARDOWY<\/td>\n<td width=\"201\">WYD\u0141U\u017bONY CZAS<\/td>\n<\/tr>\n<tr>\n<td width=\"201\">j\u0119zyk polski<\/td>\n<td width=\"201\">150 minut<\/td>\n<td width=\"201\">do 195 minut<\/td>\n<\/tr>\n<tr>\n<td width=\"201\">matematyka<\/td>\n<td width=\"201\">125 minut<\/td>\n<td width=\"201\">do 165 minut<\/td>\n<\/tr>\n<tr>\n<td width=\"201\">j\u0119zyk obcy nowo\u017cytny<\/td>\n<td width=\"201\">110 minut<\/td>\n<td width=\"201\">do 145 minut<\/td>\n<\/tr>\n<\/tbody>\n<\/table>\n<p>&nbsp;<\/p>\n<p>Ten czas zdaj\u0105cy wykorzystuje na sprawdzenie poprawno\u015bci przeniesienia odpowiedzi do zada\u0144 zamkni\u0119tych na kart\u0119 odpowiedzi, kt\u00f3re to zaznaczenie jest podstaw\u0105 oceny pracy egzaminacyjnej.<\/p>\n<ol>\n<li><strong>Uczniowie uprawnieni do dostosowa\u0144 warunk\u00f3w przeprowadzania egzaminu \u00f3smoklasisty to osoby, kt\u00f3re:<\/strong><\/li>\n<\/ol>\n<ul>\n<li>posiadaj\u0105 orzeczenie o potrzebie kszta\u0142cenia specjalnego wydane ze wzgl\u0119du na niepe\u0142nosprawno\u015b\u0107,<\/li>\n<li>posiadaj\u0105 orzeczenie o potrzebie kszta\u0142cenia specjalnego wydane ze wzgl\u0119du na niedostosowanie spo\u0142eczne lub zagro\u017cenie niedostosowaniem spo\u0142ecznym,<\/li>\n<li>posiadaj\u0105 orzeczenie o potrzebie indywidualnego nauczania,<\/li>\n<li>posiadaj\u0105 za\u015bwiadczenie o stanie zdrowia wydane przez lekarza,<\/li>\n<li>posiadaj\u0105 opini\u0119 poradni psychologiczno \u2013 pedagogicznej, w tym poradni specjalistycznej, o specyficznych trudno\u015bciach w uczeniu si\u0119: z dysleksj\u0105, z dysgrafi\u0105, z dysortografi\u0105 i z dyskalkuli\u0105,<\/li>\n<li>obj\u0119te s\u0105 w roku szkolnym 2025\/2026 pomoc\u0105 psychologiczno \u2013 pedagogiczn\u0105 w szkole ze wzgl\u0119du na trudno\u015bci adaptacyjne zwi\u0105zane ze wcze\u015bniejszym kszta\u0142ceniem za granic\u0105, zaburzenia komunikacji j\u0119zykowej, sytuacj\u0119 kryzysow\u0105 lub traumatyczn\u0105, cudzoziemcy, kt\u00f3rym ograniczona znajomo\u015b\u0107 j\u0119zyka polskiego utrudnia zrozumienie tekstu czytanego oraz obywatele Ukrainy.<\/li>\n<\/ul>\n<p>Przyk\u0142adowe sposoby dostosowania warunk\u00f3w przeprowadzenia egzaminu \u00f3smoklasisty:<\/p>\n<p>\u2013 zaznaczanie odpowiedzi do zada\u0144 zamkni\u0119tych w zeszycie zada\u0144 egzaminacyjnych, bez przenoszenia ich na kart\u0119 odpowiedzi,<\/p>\n<p>\u2013 przed\u0142u\u017cenie czasu,<\/p>\n<p>\u2013 zapisywanie odpowiedzi do zada\u0144 na komputerze (mo\u017cliwe tylko wtedy, gdy g\u0142\u0119boko\u015b\u0107 zaburzenia grafii uniemo\u017cliwia odczytanie pracy egzaminacyjnej i gdy ucze\u0144 w toku edukacji zosta\u0142 wdro\u017cony do tej zosta\u0142 wdro\u017cony do tej formy pracy).<\/p>\n<p>\u2013 korzystanie z pomocy nauczyciela wsp\u00f3\u0142organizuj\u0105cego kszta\u0142cenie, kt\u00f3ry zapisuje odpowiedzi zdaj\u0105cego do zada\u0144 otwartych (mo\u017cliwe tylko wtedy, gdy g\u0142\u0119boko\u015b\u0107 zaburzenia grafii uniemo\u017cliwia odczytanie pracy egzaminacyjnej i gdy ucze\u0144 w toku edukacji zosta\u0142 wdro\u017cony do takiej wsp\u00f3\u0142pracy z nauczycielem).<\/p>\n<p><strong>Komunikat dyrektora Centralnej Komisji Egzaminacyjnej z 20 sierpnia 2025 r. w sprawie szczeg\u00f3\u0142owych sposob\u00f3w dostosowania warunk\u00f3w i form przeprowadzania egzaminu \u00f3smoklasisty w roku szkolnym 2025\/2026<\/strong><\/p>\n<p>dost\u0119pny jest na stronie https:\/\/cke.gov.pl\/egzamin-osmoklasisty\/harmonogram-komunikaty-i-informacje\/<\/p>\n<ol>\n<li><strong>Zasady przeprowadzania egzaminu \u00f3smoklasisty.<\/strong><\/li>\n<li>Ka\u017cdy zdaj\u0105cy powinien w ka\u017cdym dniu egzaminu \u00f3smoklasisty mie\u0107 ze sob\u0105 d\u0142ugopis (lub pi\u00f3ro) z czarnym tuszem (atramentem) przeznaczony do zapisywania rozwi\u0105za\u0144 (odpowiedzi) UWAGA: niedozwolone jest korzystanie z d\u0142ugopis\u00f3w zmazywalnych\/\u015bcieralnych. W przypadku egzaminu z matematyki zdaj\u0105cy mog\u0105 wnie\u015b\u0107 na sale egzaminacyjn\u0105 linijk\u0119 oraz kalkulator prosty w przypadku uczni\u00f3w posiadaj\u0105cych opinie poradni psychologiczno \u2013 pedagogicznej, w tym poradni specjalistycznej, wskazuj\u0105ca na problemy natury dyskalkulicznej. Rysunki \u2013 je\u017celi trzeba je wykona\u0107 \u2013 zdaj\u0105cy wykonuj\u0105 d\u0142ugopisem. Nie wykonuje si\u0119 rysunk\u00f3w o\u0142\u00f3wkiem.<\/li>\n<li>Zdaj\u0105cy mog\u0105 mie\u0107 butelk\u0119 wody, kt\u00f3ra podczas pracy z arkuszem egzaminacyjnym powinna sta\u0107 na pod\u0142odze przy nodze stolika, aby ucze\u0144 przypadkowo nie zniszczy\u0142 materia\u0142\u00f3w egzaminacyjnych.<\/li>\n<li>Zdaj\u0105cy powinni mie\u0107 przy sobie dokument stwierdzaj\u0105cy to\u017csamo\u015b\u0107 (np. legitymacj\u0119 szkoln\u0105) i zg\u0142osi\u0107 si\u0119 na egzamin przynajmniej p\u00f3\u0142 godziny przed jego rozpocz\u0119ciem we wskazanym miejscu.<\/li>\n<li>Po rozdaniu zdaj\u0105cym arkuszy egzaminacyjnych i zako\u0144czeniu czynno\u015bci organizacyjnych uczniowie sp\u00f3\u017anieni nie zostaj\u0105 wpuszczeni do sali egzaminacyjnej.<\/li>\n<li>Do sali egzaminacyjnej nie wolno wnosi\u0107 i korzysta\u0107 z urz\u0105dze\u0144 telekomunikacyjnych.<\/li>\n<li>Zdaj\u0105cy nie mog\u0105 komunikowa\u0107 si\u0119 z innymi uczniami w trakcie egzaminu i s\u0105 zobowi\u0105zani do samodzielnego rozwi\u0105zywania zada\u0144 w czasie egzaminu.<\/li>\n<li>Osoby z chorobami przewlek\u0142ymi, chore lub niesprawne mog\u0105 korzysta\u0107 z zaleconego przez lekarza sprz\u0119tu medycznego i lek\u00f3w koniecznych ze wzgl\u0119du na chorob\u0119.<\/li>\n<\/ol>\n<p>&nbsp;<\/p>\n<ol>\n<li><strong>Po egzaminie \u00f3smoklasisty.<\/strong><\/li>\n<li>Ucze\u0144 lub jego rodzice maj\u0105 prawo wgl\u0105du do sprawdzonej i ocenionej pracy egzaminacyjnej tego ucznia, w miejscu i czasie wskazanym przez dyrektora okr\u0119gowej komisji egzaminacyjnej, w terminie 6 miesi\u0119cy od dnia og\u0142oszenia wynik\u00f3w egzaminu \u00f3smoklasisty tj. od 3 lipca 2026 r.<\/li>\n<li>Wniosek o wgl\u0105d do pracy egzaminacyjnej sk\u0142ada si\u0119 do dyrektora w\u0142a\u015bciwej okr\u0119gowej komisji egzaminacyjnej. Wniosek mo\u017ce by\u0107 z\u0142o\u017cony osobi\u015bcie przez uprawnion\u0105 osob\u0119 lub osob\u0119 wyst\u0119puj\u0105c\u0105 w imieniu zdaj\u0105cego lub przes\u0142any do OKE drog\u0105 elektroniczn\u0105, faksem lub poczt\u0105. Druk za\u0142\u0105cznika (za\u0142\u0105cznik 16a) dost\u0119pny na stronie CKE (www.cke.gov.pl, w zak\u0142adce Informacja o sposobie organizacji i przeprowadzenia egzaminu \u00f3smoklasisty obowi\u0105zuj\u0105ca w roku szkolnym 2025\/2026).<\/li>\n<li>Wniosek o wgl\u0105d mo\u017cna r\u00f3wnie\u017c z\u0142o\u017cy\u0107 w innej formie ni\u017c okre\u015blona w za\u0142\u0105czniku 16a. We wniosku o wgl\u0105d do pracy egzaminacyjnej nale\u017cy wskaza\u0107:<\/li>\n<li>imi\u0119 i nazwisko zdaj\u0105cego<\/li>\n<li>PESEL zdaj\u0105cego (a w przypadku braku numeru PESEL \u2013 seri\u0119 i nr dokumentu potwierdzaj\u0105cego to\u017csamo\u015b\u0107)<\/li>\n<li>dane teleadresowe osoby dokonuj\u0105cej wgl\u0105du, w tym adres pocztowy oraz \u2013 je\u017celi to tylko mo\u017cliwe \u2013 adres e-mail oraz\/lub numer telefonu kom\u00f3rkowego lub inny spos\u00f3b kontaktu umo\u017cliwiaj\u0105cy jak najszybsze przekazanie informacji o wyznaczonym terminie wgl\u0105du<\/li>\n<li>przedmiot egzaminacyjny, kt\u00f3rego wgl\u0105d dotyczy. Wnioski o wgl\u0105d s\u0105 przyjmowane i rozpatrywane od dnia udost\u0119pnienia w ZIU (SIOEO) informacji o wynikach egzaminu \u00f3smoklasisty, tj. od 3 lipca 2026 r., zgodnie z kolejno\u015bci\u0105 wp\u0142ywu.<\/li>\n<li>W ci\u0105gu nie wi\u0119cej ni\u017c 5 dni roboczych od otrzymania wniosku o wgl\u0105d dyrektor okr\u0119gowej komisji egzaminacyjnej \u2013 je\u017celi to mo\u017cliwe, w porozumieniu z wnioskodawc\u0105, wyznacza termin wgl\u0105du (dzie\u0144, godzin\u0119) oraz miejsce. O wyznaczonym terminie wgl\u0105du OKE informuje wnioskodawc\u0119.<\/li>\n<\/ol>\n<p><strong>VII. Materia\u0142y dla rodzic\u00f3w i uczni\u00f3w. Na stronie internetowej CKE (www.cke.gov.pl, w zak\u0142adce po\u015bwi\u0119conej egzaminowi \u00f3smoklasisty) dost\u0119pne s\u0105:<\/strong><\/p>\n<ol>\n<li>informatory o egzaminie \u00f3smoklasisty od roku szkolnego 2025\/2026<\/li>\n<li>przyk\u0142adowe arkusze egzaminacyjne,<\/li>\n<li>arkusze egzaminu pr\u00f3bnego wraz z rozwi\u0105zaniami,<\/li>\n<li>zestawy powt\u00f3rze\u0144 zada\u0144 egzaminacyjnych,<\/li>\n<li>arkusze wykorzystane do przeprowadzenia egzaminu \u00f3smoklasisty w latach 2019 \u2013 2024<\/li>\n<\/ol>\n<p><em>\u00a0<\/em><\/p>\n<p><em>Kwidzyn, 23\/09\/2025 r.<\/em><\/p>\n<p>&nbsp;<\/p>\n","protected":false},"excerpt":{"rendered":"<p>EGZAMIN \u00d3SMOKLASISTY 2025\/ 2026 (mo\u017cliwe dostosowania warunk\u00f3w i form przeprowadzania egzaminu \u00f3smoklasisty) Informacja dla rodzic\u00f3w Wa\u017cne terminy: \u2013 do 26 [&hellip;]<\/p>\n","protected":false},"author":1,"featured_media":0,"parent":0,"menu_order":0,"comment_status":"closed","ping_status":"closed","template":"","meta":{"footnotes":""},"class_list":["post-10869","page","type-page","status-publish","hentry","has_no_thumb"],"aioseo_notices":[],"_links":{"self":[{"href":"https:\/\/sp6kwidzyn.pl\/index.php?rest_route=\/wp\/v2\/pages\/10869","targetHints":{"allow":["GET"]}}],"collection":[{"href":"https:\/\/sp6kwidzyn.pl\/index.php?rest_route=\/wp\/v2\/pages"}],"about":[{"href":"https:\/\/sp6kwidzyn.pl\/index.php?rest_route=\/wp\/v2\/types\/page"}],"author":[{"embeddable":true,"href":"https:\/\/sp6kwidzyn.pl\/index.php?rest_route=\/wp\/v2\/users\/1"}],"replies":[{"embeddable":true,"href":"https:\/\/sp6kwidzyn.pl\/index.php?rest_route=%2Fwp%2Fv2%2Fcomments&post=10869"}],"version-history":[{"count":6,"href":"https:\/\/sp6kwidzyn.pl\/index.php?rest_route=\/wp\/v2\/pages\/10869\/revisions"}],"predecessor-version":[{"id":11903,"href":"https:\/\/sp6kwidzyn.pl\/index.php?rest_route=\/wp\/v2\/pages\/10869\/revisions\/11903"}],"wp:attachment":[{"href":"https:\/\/sp6kwidzyn.pl\/index.php?rest_route=%2Fwp%2Fv2%2Fmedia&parent=10869"}],"curies":[{"name":"wp","href":"https:\/\/api.w.org\/{rel}","templated":true}]}}