{"id":10773,"date":"2024-09-10T09:03:57","date_gmt":"2024-09-10T07:03:57","guid":{"rendered":"https:\/\/sp6kwidzyn.pl\/?page_id=10773"},"modified":"2024-09-10T09:10:21","modified_gmt":"2024-09-10T07:10:21","slug":"szczepienia-przeciw-hpv","status":"publish","type":"page","link":"https:\/\/sp6kwidzyn.pl\/?page_id=10773","title":{"rendered":"Szczepienia przeciw HPV"},"content":{"rendered":"<p><a href=\"https:\/\/sp6kwidzyn.pl\/wp-content\/uploads\/2024\/09\/HPV-infograf.pdf\">HPV- infograf<\/a><br \/>\n<a href=\"https:\/\/sp6kwidzyn.pl\/wp-content\/uploads\/2024\/09\/Pismo-PPIS-w-Kwidzynie-dot.-szczepien-HPV.pdf\">Pismo PPIS w Kwidzynie dot. szczepie\u0144 HPV<\/a><br \/>\n<a href=\"https:\/\/sp6kwidzyn.pl\/wp-content\/uploads\/2024\/09\/Przewodnik-dla-dyrektorow-szkol-organizacja-szczepien-przeciw-HPV-w-szkolach-30.08.2024.docx\">Przewodnik dla dyrektor\u00f3w szk\u00f3\u0142 &#8211; organizacja szczepie\u0144 przeciw HPV w szko\u0142ach 30.08.2024<\/a><br \/>\n<a href=\"https:\/\/sp6kwidzyn.pl\/wp-content\/uploads\/2024\/09\/Przewodnik-dla-rodzicow-i-lekarzy-Jak-rozmawiac-z-nastolatkami-o-szczepieniu-przeciw-HPV.pdf\">Przewodnik dla rodzic\u00f3w i lekarzy &#8211; Jak rozmawiac z nastolatkami o szczepieniu przeciw HPV<\/a><br \/>\n<a href=\"https:\/\/sp6kwidzyn.pl\/wp-content\/uploads\/2024\/09\/Przewodnik-po-szczepieniach-przeciw-HPV-dla-rodzicow-nastolatkow.pdf\">Przewodnik po szczepieniach przeciw HPV dla rodzicow nastolatkow<\/a><\/p>\n<p><img loading=\"lazy\" decoding=\"async\" class=\"aligncenter size-full wp-image-10782\" src=\"https:\/\/sp6kwidzyn.pl\/wp-content\/uploads\/2024\/09\/hpv-min.jpg\" alt=\"\" width=\"1189\" height=\"1682\" srcset=\"https:\/\/sp6kwidzyn.pl\/wp-content\/uploads\/2024\/09\/hpv-min.jpg 1189w, https:\/\/sp6kwidzyn.pl\/wp-content\/uploads\/2024\/09\/hpv-min-212x300.jpg 212w, https:\/\/sp6kwidzyn.pl\/wp-content\/uploads\/2024\/09\/hpv-min-724x1024.jpg 724w, https:\/\/sp6kwidzyn.pl\/wp-content\/uploads\/2024\/09\/hpv-min-768x1086.jpg 768w, https:\/\/sp6kwidzyn.pl\/wp-content\/uploads\/2024\/09\/hpv-min-1086x1536.jpg 1086w\" sizes=\"auto, (max-width: 1189px) 100vw, 1189px\" \/><\/p>\n<p>&nbsp;<\/p>\n","protected":false},"excerpt":{"rendered":"<p>HPV- infograf Pismo PPIS w Kwidzynie dot. szczepie\u0144 HPV Przewodnik dla dyrektor\u00f3w szk\u00f3\u0142 &#8211; organizacja szczepie\u0144 przeciw HPV w szko\u0142ach [&hellip;]<\/p>\n","protected":false},"author":1,"featured_media":0,"parent":0,"menu_order":0,"comment_status":"closed","ping_status":"closed","template":"","meta":{"footnotes":""},"class_list":["post-10773","page","type-page","status-publish","hentry","has_thumb"],"aioseo_notices":[],"_links":{"self":[{"href":"https:\/\/sp6kwidzyn.pl\/index.php?rest_route=\/wp\/v2\/pages\/10773","targetHints":{"allow":["GET"]}}],"collection":[{"href":"https:\/\/sp6kwidzyn.pl\/index.php?rest_route=\/wp\/v2\/pages"}],"about":[{"href":"https:\/\/sp6kwidzyn.pl\/index.php?rest_route=\/wp\/v2\/types\/page"}],"author":[{"embeddable":true,"href":"https:\/\/sp6kwidzyn.pl\/index.php?rest_route=\/wp\/v2\/users\/1"}],"replies":[{"embeddable":true,"href":"https:\/\/sp6kwidzyn.pl\/index.php?rest_route=%2Fwp%2Fv2%2Fcomments&post=10773"}],"version-history":[{"count":3,"href":"https:\/\/sp6kwidzyn.pl\/index.php?rest_route=\/wp\/v2\/pages\/10773\/revisions"}],"predecessor-version":[{"id":10783,"href":"https:\/\/sp6kwidzyn.pl\/index.php?rest_route=\/wp\/v2\/pages\/10773\/revisions\/10783"}],"wp:attachment":[{"href":"https:\/\/sp6kwidzyn.pl\/index.php?rest_route=%2Fwp%2Fv2%2Fmedia&parent=10773"}],"curies":[{"name":"wp","href":"https:\/\/api.w.org\/{rel}","templated":true}]}}