{"id":10112,"date":"2023-11-16T15:35:10","date_gmt":"2023-11-16T14:35:10","guid":{"rendered":"https:\/\/sp6kwidzyn.pl\/?page_id=10112"},"modified":"2025-06-23T13:11:07","modified_gmt":"2025-06-23T11:11:07","slug":"10112-2","status":"publish","type":"page","link":"https:\/\/sp6kwidzyn.pl\/?page_id=10112","title":{"rendered":"\u00a0O\u015aWIADCZENIE O OCHRONIE PRYWATNO\u015aCI"},"content":{"rendered":"<p><img loading=\"lazy\" decoding=\"async\" class=\"aligncenter size-full wp-image-11606\" src=\"https:\/\/sp6kwidzyn.pl\/wp-content\/uploads\/2025\/06\/projekt-ue1.jpg\" alt=\"\" width=\"2492\" height=\"287\" srcset=\"https:\/\/sp6kwidzyn.pl\/wp-content\/uploads\/2025\/06\/projekt-ue1.jpg 2492w, https:\/\/sp6kwidzyn.pl\/wp-content\/uploads\/2025\/06\/projekt-ue1-300x35.jpg 300w, https:\/\/sp6kwidzyn.pl\/wp-content\/uploads\/2025\/06\/projekt-ue1-1024x118.jpg 1024w, https:\/\/sp6kwidzyn.pl\/wp-content\/uploads\/2025\/06\/projekt-ue1-768x88.jpg 768w, https:\/\/sp6kwidzyn.pl\/wp-content\/uploads\/2025\/06\/projekt-ue1-1536x177.jpg 1536w, https:\/\/sp6kwidzyn.pl\/wp-content\/uploads\/2025\/06\/projekt-ue1-2048x236.jpg 2048w\" sizes=\"auto, (max-width: 2492px) 100vw, 2492px\" \/><\/p>\n<p style=\"text-align: center;\"><strong>\u00a0<\/strong><strong>O\u015aWIADCZENIE O OCHRONIE PRYWATNO\u015aCI <\/strong><\/p>\n<p><strong>\u00a0<\/strong>W zwi\u0105zku z przyst\u0105pieniem do projektu: <em>\u201e<strong>Ka\u017cdemu dziecku naprzeciw \u2013 ustawiczne kszta\u0142cenie nauczycieli odpowiadaj\u0105ce na potrzeby uczni\u00f3w oraz\u00a0wsp\u00f3\u0142czesnej szko\u0142y\u201d<\/strong><\/em> w ramach programu Erasmus+, akcja kluczowa 1: Mobilno\u015b\u0107 edukacyjna os\u00f3b (nr projektu: 2022-2-PL01-KA122-SCH-000094877) przyjmuj\u0119 do wiadomo\u015bci, i\u017c:<\/p>\n<p>Wszelkie dane osobowe zawarte w umowie do projektu i zwi\u0105zane z jego realizacj\u0105 b\u0119d\u0105 przetwarzane zgodnie z <strong><em>Rozporz\u0105dzeniem (WE) nr 2018\/1725 Parlamentu Europejskiego i Rady o ochronie os\u00f3b fizycznych w zwi\u0105zku z przetwarzaniem danych osobowych przez instytucje i organy UE oraz o swobodnym przep\u0142ywie tych danych<\/em><\/strong>. Dane te b\u0119d\u0105 przetwarzane wy\u0142\u0105cznie w zwi\u0105zku z\u00a0realizacj\u0105 umowy i upowszechnianiem rezultat\u00f3w uzyskanych po jej zako\u0144czeniu przez instytucj\u0119 wysy\u0142aj\u0105c\u0105, agencj\u0119 narodow\u0105 i Komisj\u0119 Europejsk\u0105 z\u00a0uwzgl\u0119dnieniem konieczno\u015bci przekazywania danych odpowiednim s\u0142u\u017cbom odpowiedzialnym za kontrole i\u00a0audyt zgodnie z\u00a0przepisami <strong><em>UE<a href=\"#_ftn1\" name=\"_ftnref1\">[1]<\/a> (Europejski Trybuna\u0142 Obrachunkowy lub Europejski Urz\u0105d ds. Zwalczania Nadu\u017cy\u0107 Finansowych (OLAF)).<\/em><\/strong><\/p>\n<p>Na pisemny wniosek, Uczestnik mo\u017ce uzyska\u0107 dost\u0119p do swoich danych osobowych i poprawi\u0107 nieprawid\u0142owe lub niekompletne informacje. Wszelkie pytania dotycz\u0105ce przetwarzania danych osobowych nale\u017cy kierowa\u0107 do instytucji wysy\u0142aj\u0105cej i\/lub agencji narodowej. Uczestnik mo\u017ce z\u0142o\u017cy\u0107 skarg\u0119 dotycz\u0105c\u0105 przetwarzania danych osobowych do <strong><em>Europejskiego Inspektora Ochrony Danych<\/em><\/strong> w\u00a0odniesieniu do wykorzystania tych danych przez Komisj\u0119 Europejsk\u0105.<\/p>\n<p>Dodatkowe informacje o celu przetwarzania Pani\/Pana danych osobowych, jakie dane zbieramy, kto ma do nich dost\u0119p i jak s\u0105 one chronione dost\u0119pne s\u0105 pod adresem:<\/p>\n<p><a href=\"https:\/\/webgate.ec.europa.eu\/erasmus-esc\/index\/privacy-statement\">https:\/\/webgate.ec.europa.eu\/erasmus-esc\/index\/privacy-statement<\/a><\/p>\n<p>&nbsp;<\/p>\n<p>&nbsp;<\/p>\n<p>&nbsp;<\/p>\n<p>&nbsp;<\/p>\n<p>&nbsp;<\/p>\n<p>&nbsp;<\/p>\n<p>&nbsp;<\/p>\n<p>&nbsp;<\/p>\n<p>&nbsp;<\/p>\n<p>&nbsp;<\/p>\n<p>&nbsp;<\/p>\n<p>&nbsp;<\/p>\n","protected":false},"excerpt":{"rendered":"<p>\u00a0O\u015aWIADCZENIE O OCHRONIE PRYWATNO\u015aCI \u00a0W zwi\u0105zku z przyst\u0105pieniem do projektu: \u201eKa\u017cdemu dziecku naprzeciw \u2013 ustawiczne kszta\u0142cenie nauczycieli odpowiadaj\u0105ce na potrzeby [&hellip;]<\/p>\n","protected":false},"author":1,"featured_media":0,"parent":0,"menu_order":0,"comment_status":"closed","ping_status":"closed","template":"","meta":{"footnotes":""},"class_list":["post-10112","page","type-page","status-publish","hentry","has_thumb"],"aioseo_notices":[],"_links":{"self":[{"href":"https:\/\/sp6kwidzyn.pl\/index.php?rest_route=\/wp\/v2\/pages\/10112","targetHints":{"allow":["GET"]}}],"collection":[{"href":"https:\/\/sp6kwidzyn.pl\/index.php?rest_route=\/wp\/v2\/pages"}],"about":[{"href":"https:\/\/sp6kwidzyn.pl\/index.php?rest_route=\/wp\/v2\/types\/page"}],"author":[{"embeddable":true,"href":"https:\/\/sp6kwidzyn.pl\/index.php?rest_route=\/wp\/v2\/users\/1"}],"replies":[{"embeddable":true,"href":"https:\/\/sp6kwidzyn.pl\/index.php?rest_route=%2Fwp%2Fv2%2Fcomments&post=10112"}],"version-history":[{"count":4,"href":"https:\/\/sp6kwidzyn.pl\/index.php?rest_route=\/wp\/v2\/pages\/10112\/revisions"}],"predecessor-version":[{"id":11613,"href":"https:\/\/sp6kwidzyn.pl\/index.php?rest_route=\/wp\/v2\/pages\/10112\/revisions\/11613"}],"wp:attachment":[{"href":"https:\/\/sp6kwidzyn.pl\/index.php?rest_route=%2Fwp%2Fv2%2Fmedia&parent=10112"}],"curies":[{"name":"wp","href":"https:\/\/api.w.org\/{rel}","templated":true}]}}