{"id":10039,"date":"2023-09-25T09:07:28","date_gmt":"2023-09-25T07:07:28","guid":{"rendered":"https:\/\/sp6kwidzyn.pl\/?page_id=10039"},"modified":"2023-09-25T09:07:45","modified_gmt":"2023-09-25T07:07:45","slug":"polityka-prywatnosci-e-stolowka","status":"publish","type":"page","link":"https:\/\/sp6kwidzyn.pl\/?page_id=10039","title":{"rendered":"Polityka prywatno\u015bci e-Sto\u0142\u00f3wka"},"content":{"rendered":"<p style=\"text-align: center;\"><a href=\"https:\/\/sp6kwidzyn.pl\/wp-content\/uploads\/2023\/09\/Polityka-prywatnosci-e-Stolowka.docx\">Polityka prywatno\u015bci e-Sto\u0142\u00f3wka<\/a><\/p>\n","protected":false},"excerpt":{"rendered":"<p>Polityka prywatno\u015bci e-Sto\u0142\u00f3wka<\/p>\n","protected":false},"author":1,"featured_media":0,"parent":0,"menu_order":0,"comment_status":"closed","ping_status":"closed","template":"","meta":{"footnotes":""},"class_list":["post-10039","page","type-page","status-publish","hentry","has_no_thumb"],"aioseo_notices":[],"_links":{"self":[{"href":"https:\/\/sp6kwidzyn.pl\/index.php?rest_route=\/wp\/v2\/pages\/10039","targetHints":{"allow":["GET"]}}],"collection":[{"href":"https:\/\/sp6kwidzyn.pl\/index.php?rest_route=\/wp\/v2\/pages"}],"about":[{"href":"https:\/\/sp6kwidzyn.pl\/index.php?rest_route=\/wp\/v2\/types\/page"}],"author":[{"embeddable":true,"href":"https:\/\/sp6kwidzyn.pl\/index.php?rest_route=\/wp\/v2\/users\/1"}],"replies":[{"embeddable":true,"href":"https:\/\/sp6kwidzyn.pl\/index.php?rest_route=%2Fwp%2Fv2%2Fcomments&post=10039"}],"version-history":[{"count":2,"href":"https:\/\/sp6kwidzyn.pl\/index.php?rest_route=\/wp\/v2\/pages\/10039\/revisions"}],"predecessor-version":[{"id":10041,"href":"https:\/\/sp6kwidzyn.pl\/index.php?rest_route=\/wp\/v2\/pages\/10039\/revisions\/10041"}],"wp:attachment":[{"href":"https:\/\/sp6kwidzyn.pl\/index.php?rest_route=%2Fwp%2Fv2%2Fmedia&parent=10039"}],"curies":[{"name":"wp","href":"https:\/\/api.w.org\/{rel}","templated":true}]}}