{"id":10035,"date":"2023-09-25T08:47:08","date_gmt":"2023-09-25T06:47:08","guid":{"rendered":"https:\/\/sp6kwidzyn.pl\/?page_id=10035"},"modified":"2025-09-02T20:52:11","modified_gmt":"2025-09-02T18:52:11","slug":"karta-zgloszenia-dziecka-na-obiady","status":"publish","type":"page","link":"https:\/\/sp6kwidzyn.pl\/?page_id=10035","title":{"rendered":"Karta zg\u0142oszenia dziecka na obiady"},"content":{"rendered":"<p style=\"text-align: center;\"><a href=\"https:\/\/sp6kwidzyn.pl\/wp-content\/uploads\/2025\/09\/1-3-Karta-zgloszenia-dziecka-na-obiady.doc\">Karta zg\u0142oszenia dziecka na obiady &#8211; klasy 1-3<\/a><\/p>\n<p style=\"text-align: center;\"><a href=\"https:\/\/sp6kwidzyn.pl\/wp-content\/uploads\/2025\/09\/4-8-Karta-zgloszenia-dziecka-na-obiady-w-stolowce-szkolnej-.docx\">Karta zg\u0142oszenia dziecka na obiady &#8211; klasy 4-8<\/a><\/p>\n<p style=\"text-align: center;\"><a href=\"https:\/\/sp6kwidzyn.pl\/wp-content\/uploads\/2025\/09\/OMS_karta-zgloszenia-dziecka-na-obiady-w-stolowce-szkolnej-docx.docx\">Karta zg\u0142oszenia dziecka na obiady &#8211; OMS<\/a><\/p>\n","protected":false},"excerpt":{"rendered":"<p>Karta zg\u0142oszenia dziecka na obiady &#8211; klasy 1-3 Karta zg\u0142oszenia dziecka na obiady &#8211; klasy 4-8 Karta zg\u0142oszenia dziecka na [&hellip;]<\/p>\n","protected":false},"author":1,"featured_media":0,"parent":0,"menu_order":0,"comment_status":"closed","ping_status":"closed","template":"","meta":{"footnotes":""},"class_list":["post-10035","page","type-page","status-publish","hentry","has_no_thumb"],"aioseo_notices":[],"_links":{"self":[{"href":"https:\/\/sp6kwidzyn.pl\/index.php?rest_route=\/wp\/v2\/pages\/10035","targetHints":{"allow":["GET"]}}],"collection":[{"href":"https:\/\/sp6kwidzyn.pl\/index.php?rest_route=\/wp\/v2\/pages"}],"about":[{"href":"https:\/\/sp6kwidzyn.pl\/index.php?rest_route=\/wp\/v2\/types\/page"}],"author":[{"embeddable":true,"href":"https:\/\/sp6kwidzyn.pl\/index.php?rest_route=\/wp\/v2\/users\/1"}],"replies":[{"embeddable":true,"href":"https:\/\/sp6kwidzyn.pl\/index.php?rest_route=%2Fwp%2Fv2%2Fcomments&post=10035"}],"version-history":[{"count":7,"href":"https:\/\/sp6kwidzyn.pl\/index.php?rest_route=\/wp\/v2\/pages\/10035\/revisions"}],"predecessor-version":[{"id":11719,"href":"https:\/\/sp6kwidzyn.pl\/index.php?rest_route=\/wp\/v2\/pages\/10035\/revisions\/11719"}],"wp:attachment":[{"href":"https:\/\/sp6kwidzyn.pl\/index.php?rest_route=%2Fwp%2Fv2%2Fmedia&parent=10035"}],"curies":[{"name":"wp","href":"https:\/\/api.w.org\/{rel}","templated":true}]}}